{"id":272,"date":"2024-07-03T11:23:11","date_gmt":"2024-07-03T09:23:11","guid":{"rendered":"https:\/\/gallotimber.se\/en\/?page_id=272"},"modified":"2024-07-03T13:05:52","modified_gmt":"2024-07-03T11:05:52","slug":"lodgepole-pine","status":"publish","type":"page","link":"https:\/\/gallotimber.se\/en\/lodgepole-pine\/","title":{"rendered":"Lodgepole pine"},"content":{"rendered":"<div id=\"pl-272\"  class=\"panel-layout\" ><div id=\"pg-272-0\"  class=\"panel-grid panel-has-style\"  data-cells=\"2\" ><div class=\"im-subpage-hero im-bg-image panel-row-style panel-row-style-for-272-0\" ><div id=\"pgc-272-0-0\"  class=\"panel-grid-cell panel-grid-cell-mobile-last\" ><div id=\"panel-272-0-0-0\" class=\"so-panel widget widget_sow-editor panel-first-child panel-last-child\" data-index=\"0\" ><div\n\t\t\t\n\t\t\tclass=\"so-widget-sow-editor so-widget-sow-editor-base\"\n\t\t\t\n\t\t>\n<div class=\"siteorigin-widget-tinymce textwidget\">\n\t<h1><span>Lodgepole pine<\/span><\/h1>\n<p id=\"tw-target-text\" class=\"tw-data-text tw-text-large tw-ta\" dir=\"ltr\" data-placeholder=\"Translation\"><strong>Traditionally, lodgepole pine has been used by the pulp industry, but at G\u00e4ll\u00f6 Timber, we have specialized in extracting sawn timber from lodgepole pine.<\/strong><\/p>\n<\/div>\n<\/div><\/div><\/div><div id=\"pgc-272-0-1\"  class=\"panel-grid-cell panel-grid-cell-empty\" ><\/div><\/div><\/div><div id=\"pg-272-1\"  class=\"panel-grid panel-no-style\"  data-cells=\"2\" ><div id=\"pgc-272-1-0\"  class=\"panel-grid-cell\" ><div id=\"panel-272-1-0-0\" class=\"so-panel widget widget_sow-editor panel-first-child panel-last-child\" data-index=\"1\" ><div\n\t\t\t\n\t\t\tclass=\"so-widget-sow-editor so-widget-sow-editor-base\"\n\t\t\t\n\t\t>\n<div class=\"siteorigin-widget-tinymce textwidget\">\n\t<h2>Usefull in Many Ways<\/h2>\n<p>Lodgepole pine, with its North American origins, was introduced in Sweden during the 1970s. With its ability to quickly reach harvest maturity, it provides an increased supply of timber raw material and enhances carbon dioxide uptake.<\/p>\n<p>For SCA and G\u00e4ll\u00f6 Timber, lodgepole pine represents a sustainable alternative in their range of products. Thanks to a higher proportion of sound knots with longer knot spacing, a lighter color compared to pine, and lower density, lodgepole pine is suitable for specialized applications within the wood industry, particularly in panel and glued-laminated board production.<\/p>\n<p>Heat treatment, a process where the wood is heated to around 200 degrees Celsius, also produces rot-resistant products without chemical additives.<\/p>\n<\/div>\n<\/div><\/div><\/div><div id=\"pgc-272-1-1\"  class=\"panel-grid-cell\" ><div id=\"panel-272-1-1-0\" class=\"so-panel widget widget_media_video panel-first-child panel-last-child\" data-index=\"2\" ><div style=\"width:100%;\" class=\"wp-video\"><video class=\"wp-video-shortcode\" id=\"video-272-1\" preload=\"metadata\" controls=\"controls\"><source type=\"video\/youtube\" src=\"https:\/\/youtu.be\/_MWDcRO_MPk?_=1\" \/><a href=\"https:\/\/youtu.be\/_MWDcRO_MPk\">https:\/\/youtu.be\/_MWDcRO_MPk<\/a><\/video><\/div><\/div><\/div><\/div><div id=\"pg-272-2\"  class=\"panel-grid panel-has-style\"  data-cells=\"1\" ><div class=\"im-bg-grey panel-row-style panel-row-style-for-272-2\" ><div id=\"pgc-272-2-0\"  class=\"panel-grid-cell\" ><div id=\"panel-272-2-0-0\" class=\"so-panel widget widget_sow-editor panel-first-child panel-last-child\" data-index=\"3\" ><div\n\t\t\t\n\t\t\tclass=\"so-widget-sow-editor so-widget-sow-editor-base\"\n\t\t\t\n\t\t>\n<div class=\"siteorigin-widget-tinymce textwidget\">\n\t<h2 style=\"text-align: left;\">Facts<\/h2>\n<p><strong>Pinus Contorta<\/strong><\/p>\n<\/div>\n<\/div><\/div><\/div><\/div><\/div><div id=\"pg-272-3\"  class=\"panel-grid panel-no-style\"  data-cells=\"2\" ><div id=\"pgc-272-3-0\"  class=\"panel-grid-cell\" ><div id=\"panel-272-3-0-0\" class=\"so-panel widget widget_sow-editor panel-first-child panel-last-child\" data-index=\"4\" ><div\n\t\t\t\n\t\t\tclass=\"so-widget-sow-editor so-widget-sow-editor-base\"\n\t\t\t\n\t\t>\n<div class=\"siteorigin-widget-tinymce textwidget\">\n\t<p><strong>Origin:<\/strong><br \/>\nEstablished by SCA in the 1950s. Originally from North America, it was introduced in Sweden for its ability to quickly reach harvest maturity and increase the supply of timber raw material.<\/p>\n<p><strong>Rapid Growth:<\/strong><br \/>\nReaches harvestable age 40% faster than Swedish pine species.<\/p>\n<p><strong>Environmental Impact:<\/strong><br \/>\nContributes to an increase in carbon dioxide uptake \u2013 estimated at approximately 800,000 tons of carbon dioxide uptake per year on SCA's land.<\/p>\n<p><strong>Applications:<\/strong><br \/>\nAttractive for the manufacture of knot-free products, moldings, carpentry, and furniture industries. Potential for producing rot-resistant products after heat treatment.<\/p>\n<p><strong>Production Goal:<\/strong><br \/>\nAim to increase the production of sawn timber to up to 200,000 cubic meters within five years.<\/p>\n<p><strong>Contact Information:<\/strong><br \/>\nAlexander \u00c5hr\u00e9us<br \/>\n<a rel=\"noreferrer\">alexander.ahreus.ext@sca.com<\/a><br \/>\n(+46)693-182 34<\/p>\n<\/div>\n<\/div><\/div><\/div><div id=\"pgc-272-3-1\"  class=\"panel-grid-cell\" ><div id=\"panel-272-3-1-0\" class=\"so-panel widget widget_sow-slider panel-first-child panel-last-child\" data-index=\"5\" ><div\n\t\t\t\n\t\t\tclass=\"so-widget-sow-slider so-widget-sow-slider-default-6d39609536fd-272\"\n\t\t\t\n\t\t>\t\t\t\t<div class=\"sow-slider-base\" style=\"display: none\" tabindex=\"0\">\n\t\t\t\t\t<ul\n\t\t\t\t\tclass=\"sow-slider-images\"\n\t\t\t\t\tdata-settings=\"{&quot;pagination&quot;:true,&quot;speed&quot;:800,&quot;timeout&quot;:8000,&quot;paused&quot;:false,&quot;pause_on_hover&quot;:false,&quot;swipe&quot;:true,&quot;nav_always_show_desktop&quot;:&quot;&quot;,&quot;nav_always_show_mobile&quot;:&quot;&quot;,&quot;breakpoint&quot;:&quot;780px&quot;,&quot;unmute&quot;:false,&quot;anchor&quot;:null}\"\n\t\t\t\t\t\t\t\t\t\tdata-anchor-id=\"\"\n\t\t\t\t>\t\t<li class=\"sow-slider-image\" style=\"visibility: visible;\" >\n\t\t\t\t\t\t<img loading=\"lazy\" decoding=\"async\" width=\"1920\" height=\"1281\" src=\"https:\/\/gallotimber.se\/en\/wp-content\/uploads\/sites\/2\/2024\/07\/gs_contorta-produktion.jpg\" class=\"sow-slider-background-image\" alt=\"\" style=\"\" srcset=\"https:\/\/gallotimber.se\/en\/wp-content\/uploads\/sites\/2\/2024\/07\/gs_contorta-produktion.jpg 1920w, https:\/\/gallotimber.se\/en\/wp-content\/uploads\/sites\/2\/2024\/07\/gs_contorta-produktion-300x200.jpg 300w, https:\/\/gallotimber.se\/en\/wp-content\/uploads\/sites\/2\/2024\/07\/gs_contorta-produktion-1024x683.jpg 1024w, https:\/\/gallotimber.se\/en\/wp-content\/uploads\/sites\/2\/2024\/07\/gs_contorta-produktion-768x512.jpg 768w, https:\/\/gallotimber.se\/en\/wp-content\/uploads\/sites\/2\/2024\/07\/gs_contorta-produktion-1536x1025.jpg 1536w, https:\/\/gallotimber.se\/en\/wp-content\/uploads\/sites\/2\/2024\/07\/gs_contorta-produktion-272x182.jpg 272w\" sizes=\"auto, (max-width: 1920px) 100vw, 1920px\" \/>\t\t<\/li>\n\t\t\t\t<li class=\"sow-slider-image\" style=\"visibility: hidden;\" >\n\t\t\t\t\t\t<img loading=\"lazy\" decoding=\"async\" width=\"1900\" height=\"1267\" src=\"https:\/\/gallotimber.se\/en\/wp-content\/uploads\/sites\/2\/2024\/07\/4X2A2206-contorta-3.jpg\" class=\"sow-slider-background-image\" alt=\"\" style=\"\" srcset=\"https:\/\/gallotimber.se\/en\/wp-content\/uploads\/sites\/2\/2024\/07\/4X2A2206-contorta-3.jpg 1900w, https:\/\/gallotimber.se\/en\/wp-content\/uploads\/sites\/2\/2024\/07\/4X2A2206-contorta-3-300x200.jpg 300w, https:\/\/gallotimber.se\/en\/wp-content\/uploads\/sites\/2\/2024\/07\/4X2A2206-contorta-3-1024x683.jpg 1024w, https:\/\/gallotimber.se\/en\/wp-content\/uploads\/sites\/2\/2024\/07\/4X2A2206-contorta-3-768x512.jpg 768w, https:\/\/gallotimber.se\/en\/wp-content\/uploads\/sites\/2\/2024\/07\/4X2A2206-contorta-3-1536x1024.jpg 1536w, https:\/\/gallotimber.se\/en\/wp-content\/uploads\/sites\/2\/2024\/07\/4X2A2206-contorta-3-272x182.jpg 272w\" sizes=\"auto, (max-width: 1900px) 100vw, 1900px\" \/>\t\t<\/li>\n\t\t<\/ul>\t\t\t\t<ol class=\"sow-slider-pagination\">\n\t\t\t\t\t\t\t\t\t\t\t<li><a href=\"#\" data-goto=\"0\" aria-label=\"Display slide 1\"><\/a><\/li>\n\t\t\t\t\t\t\t\t\t\t\t<li><a href=\"#\" data-goto=\"1\" aria-label=\"Display slide 2\"><\/a><\/li>\n\t\t\t\t\t\t\t\t\t<\/ol>\n\n\t\t\t\t<div class=\"sow-slide-nav sow-slide-nav-next\">\n\t\t\t\t\t<a href=\"#\" data-goto=\"next\" aria-label=\"Next slide\" data-action=\"next\">\n\t\t\t\t\t\t<em class=\"sow-sld-icon-thin-right\"><\/em>\n\t\t\t\t\t<\/a>\n\t\t\t\t<\/div>\n\n\t\t\t\t<div class=\"sow-slide-nav sow-slide-nav-prev\">\n\t\t\t\t\t<a href=\"#\" data-goto=\"previous\" aria-label=\"Previous slide\" data-action=\"prev\">\n\t\t\t\t\t\t<em class=\"sow-sld-icon-thin-left\"><\/em>\n\t\t\t\t\t<\/a>\n\t\t\t\t<\/div>\n\t\t\t\t<\/div><\/div><\/div><\/div><\/div><\/div>","protected":false},"excerpt":{"rendered":"<p>Lodgepole pine Traditionally, lodgepole pine has been used by the pulp industry, but at G\u00e4ll\u00f6 Timber, we have specialized in extracting sawn timber from lodgepole pine. Usefull in Many Ways Lodgepole pine, with its North American origins, was introduced in Sweden during the 1970s. With its ability to quickly reach harvest maturity, it provides an [&hellip;]<\/p>\n","protected":false},"author":2,"featured_media":0,"parent":0,"menu_order":0,"comment_status":"closed","ping_status":"closed","template":"","meta":{"footnotes":""},"class_list":["post-272","page","type-page","status-publish","hentry"],"yoast_head":"<!-- This site is optimized with the Yoast SEO plugin v27.4 - https:\/\/yoast.com\/product\/yoast-seo-wordpress\/ -->\n<title>Lodgepole pine - G\u00e4ll\u00f6 Timber<\/title>\n<meta name=\"robots\" content=\"index, follow, max-snippet:-1, max-image-preview:large, max-video-preview:-1\" \/>\n<link rel=\"canonical\" href=\"https:\/\/gallotimber.se\/en\/lodgepole-pine\/\" \/>\n<meta property=\"og:locale\" content=\"en_US\" \/>\n<meta property=\"og:type\" content=\"article\" \/>\n<meta property=\"og:title\" content=\"Lodgepole pine - G\u00e4ll\u00f6 Timber\" \/>\n<meta property=\"og:description\" content=\"Lodgepole pine Traditionally, lodgepole pine has been used by the pulp industry, but at G\u00e4ll\u00f6 Timber, we have specialized in extracting sawn timber from lodgepole pine. Usefull in Many Ways Lodgepole pine, with its North American origins, was introduced in Sweden during the 1970s. With its ability to quickly reach harvest maturity, it provides an [&hellip;]\" \/>\n<meta property=\"og:url\" content=\"https:\/\/gallotimber.se\/en\/lodgepole-pine\/\" \/>\n<meta property=\"og:site_name\" content=\"G\u00e4ll\u00f6 Timber\" \/>\n<meta property=\"article:modified_time\" content=\"2024-07-03T11:05:52+00:00\" \/>\n<meta name=\"twitter:card\" content=\"summary_large_image\" \/>\n<meta name=\"twitter:label1\" content=\"Est. reading time\" \/>\n\t<meta name=\"twitter:data1\" content=\"2 minutes\" \/>\n<script type=\"application\/ld+json\" class=\"yoast-schema-graph\">{\"@context\":\"https:\\\/\\\/schema.org\",\"@graph\":[{\"@type\":\"WebPage\",\"@id\":\"https:\\\/\\\/gallotimber.se\\\/en\\\/lodgepole-pine\\\/\",\"url\":\"https:\\\/\\\/gallotimber.se\\\/en\\\/lodgepole-pine\\\/\",\"name\":\"Lodgepole pine - G\u00e4ll\u00f6 Timber\",\"isPartOf\":{\"@id\":\"https:\\\/\\\/gallotimber.se\\\/en\\\/#website\"},\"datePublished\":\"2024-07-03T09:23:11+00:00\",\"dateModified\":\"2024-07-03T11:05:52+00:00\",\"breadcrumb\":{\"@id\":\"https:\\\/\\\/gallotimber.se\\\/en\\\/lodgepole-pine\\\/#breadcrumb\"},\"inLanguage\":\"en-US\",\"potentialAction\":[{\"@type\":\"ReadAction\",\"target\":[\"https:\\\/\\\/gallotimber.se\\\/en\\\/lodgepole-pine\\\/\"]}]},{\"@type\":\"BreadcrumbList\",\"@id\":\"https:\\\/\\\/gallotimber.se\\\/en\\\/lodgepole-pine\\\/#breadcrumb\",\"itemListElement\":[{\"@type\":\"ListItem\",\"position\":1,\"name\":\"Home\",\"item\":\"https:\\\/\\\/gallotimber.se\\\/en\\\/\"},{\"@type\":\"ListItem\",\"position\":2,\"name\":\"Lodgepole pine\"}]},{\"@type\":\"WebSite\",\"@id\":\"https:\\\/\\\/gallotimber.se\\\/en\\\/#website\",\"url\":\"https:\\\/\\\/gallotimber.se\\\/en\\\/\",\"name\":\"G\u00e4ll\u00f6 Timber\",\"description\":\"G\u00e4ll\u00f6 sawmill\",\"potentialAction\":[{\"@type\":\"SearchAction\",\"target\":{\"@type\":\"EntryPoint\",\"urlTemplate\":\"https:\\\/\\\/gallotimber.se\\\/en\\\/?s={search_term_string}\"},\"query-input\":{\"@type\":\"PropertyValueSpecification\",\"valueRequired\":true,\"valueName\":\"search_term_string\"}}],\"inLanguage\":\"en-US\"}]}<\/script>\n<!-- \/ Yoast SEO plugin. -->","yoast_head_json":{"title":"Lodgepole pine - G\u00e4ll\u00f6 Timber","robots":{"index":"index","follow":"follow","max-snippet":"max-snippet:-1","max-image-preview":"max-image-preview:large","max-video-preview":"max-video-preview:-1"},"canonical":"https:\/\/gallotimber.se\/en\/lodgepole-pine\/","og_locale":"en_US","og_type":"article","og_title":"Lodgepole pine - G\u00e4ll\u00f6 Timber","og_description":"Lodgepole pine Traditionally, lodgepole pine has been used by the pulp industry, but at G\u00e4ll\u00f6 Timber, we have specialized in extracting sawn timber from lodgepole pine. Usefull in Many Ways Lodgepole pine, with its North American origins, was introduced in Sweden during the 1970s. With its ability to quickly reach harvest maturity, it provides an [&hellip;]","og_url":"https:\/\/gallotimber.se\/en\/lodgepole-pine\/","og_site_name":"G\u00e4ll\u00f6 Timber","article_modified_time":"2024-07-03T11:05:52+00:00","twitter_card":"summary_large_image","twitter_misc":{"Est. reading time":"2 minutes"},"schema":{"@context":"https:\/\/schema.org","@graph":[{"@type":"WebPage","@id":"https:\/\/gallotimber.se\/en\/lodgepole-pine\/","url":"https:\/\/gallotimber.se\/en\/lodgepole-pine\/","name":"Lodgepole pine - G\u00e4ll\u00f6 Timber","isPartOf":{"@id":"https:\/\/gallotimber.se\/en\/#website"},"datePublished":"2024-07-03T09:23:11+00:00","dateModified":"2024-07-03T11:05:52+00:00","breadcrumb":{"@id":"https:\/\/gallotimber.se\/en\/lodgepole-pine\/#breadcrumb"},"inLanguage":"en-US","potentialAction":[{"@type":"ReadAction","target":["https:\/\/gallotimber.se\/en\/lodgepole-pine\/"]}]},{"@type":"BreadcrumbList","@id":"https:\/\/gallotimber.se\/en\/lodgepole-pine\/#breadcrumb","itemListElement":[{"@type":"ListItem","position":1,"name":"Home","item":"https:\/\/gallotimber.se\/en\/"},{"@type":"ListItem","position":2,"name":"Lodgepole pine"}]},{"@type":"WebSite","@id":"https:\/\/gallotimber.se\/en\/#website","url":"https:\/\/gallotimber.se\/en\/","name":"G\u00e4ll\u00f6 Timber","description":"G\u00e4ll\u00f6 sawmill","potentialAction":[{"@type":"SearchAction","target":{"@type":"EntryPoint","urlTemplate":"https:\/\/gallotimber.se\/en\/?s={search_term_string}"},"query-input":{"@type":"PropertyValueSpecification","valueRequired":true,"valueName":"search_term_string"}}],"inLanguage":"en-US"}]}},"_links":{"self":[{"href":"https:\/\/gallotimber.se\/en\/wp-json\/wp\/v2\/pages\/272","targetHints":{"allow":["GET"]}}],"collection":[{"href":"https:\/\/gallotimber.se\/en\/wp-json\/wp\/v2\/pages"}],"about":[{"href":"https:\/\/gallotimber.se\/en\/wp-json\/wp\/v2\/types\/page"}],"author":[{"embeddable":true,"href":"https:\/\/gallotimber.se\/en\/wp-json\/wp\/v2\/users\/2"}],"replies":[{"embeddable":true,"href":"https:\/\/gallotimber.se\/en\/wp-json\/wp\/v2\/comments?post=272"}],"version-history":[{"count":7,"href":"https:\/\/gallotimber.se\/en\/wp-json\/wp\/v2\/pages\/272\/revisions"}],"predecessor-version":[{"id":283,"href":"https:\/\/gallotimber.se\/en\/wp-json\/wp\/v2\/pages\/272\/revisions\/283"}],"wp:attachment":[{"href":"https:\/\/gallotimber.se\/en\/wp-json\/wp\/v2\/media?parent=272"}],"curies":[{"name":"wp","href":"https:\/\/api.w.org\/{rel}","templated":true}]}}