{"id":6,"date":"2023-03-16T14:26:04","date_gmt":"2023-03-16T13:26:04","guid":{"rendered":"http:\/\/gallotimber.internetmedia.se\/en\/?page_id=6"},"modified":"2024-06-25T14:11:56","modified_gmt":"2024-06-25T12:11:56","slug":"start","status":"publish","type":"page","link":"https:\/\/gallotimber.se\/en\/","title":{"rendered":"Start"},"content":{"rendered":"<div id=\"pl-6\"  class=\"panel-layout\" ><div id=\"pg-6-0\"  class=\"panel-grid panel-has-style\"  data-cells=\"2\" ><div class=\"im-hero im-no-inner-panel-side-padding im-bg-image panel-row-style panel-row-style-for-6-0\" ><div id=\"pgc-6-0-0\"  class=\"panel-grid-cell panel-grid-cell-mobile-last\" ><div id=\"panel-6-0-0-0\" class=\"so-panel widget widget_siteorigin-panels-builder panel-first-child panel-last-child\" data-index=\"0\" ><div id=\"pl-w667ab40c914da\"  class=\"panel-layout\" ><div id=\"pg-w667ab40c914da-0\"  class=\"panel-grid panel-no-style\"  data-cells=\"1\" ><div id=\"pgc-w667ab40c914da-0-0\"  class=\"panel-grid-cell\" ><div id=\"panel-w667ab40c914da-0-0-0\" class=\"so-panel widget widget_sow-editor panel-first-child panel-last-child\" data-index=\"0\" ><div id=\"start-no-padding-bottom\" class=\"panel-widget-style panel-widget-style-for-w667ab40c914da-0-0-0\" ><div\n\t\t\t\n\t\t\tclass=\"so-widget-sow-editor so-widget-sow-editor-base\"\n\t\t\t\n\t\t>\n<div class=\"siteorigin-widget-tinymce textwidget\">\n\t<h1>Quality wood products<br \/>\n<span style=\"color: #eed98e;\">from northern Sweden<\/span><\/h1>\n<\/div>\n<\/div><\/div><\/div><\/div><\/div><div id=\"pg-w667ab40c914da-1\"  class=\"panel-grid panel-no-style\"  data-cells=\"2\" ><div id=\"pgc-w667ab40c914da-1-0\"  class=\"panel-grid-cell\" ><div id=\"panel-w667ab40c914da-1-0-0\" class=\"so-panel widget widget_sow-editor panel-first-child panel-last-child\" data-index=\"1\" ><div\n\t\t\t\n\t\t\tclass=\"so-widget-sow-editor so-widget-sow-editor-base\"\n\t\t\t\n\t\t>\n<div class=\"siteorigin-widget-tinymce textwidget\">\n\t<h4><span>G\u00e4ll\u00f6 Timber is located in the small town of G\u00e4ll\u00f6 in northern Sweden. We saw spruce and lodgepole pine into high-quality products that are sent and used worldwide. <\/span><span>We are proud of that.<\/span><\/h4>\n<div class=\"im-text-button1\"><a href=\"http:\/\/gallotimber.internetmedia.se\/en\/contact-us\/\">Contact us<\/a><\/div>\n<div class=\"im-text-button2\"><a href=\"http:\/\/gallotimber.internetmedia.se\/en\/about-us\/\">About G\u00e4ll\u00f6 Timber<\/a><\/div>\n<\/div>\n<\/div><\/div><\/div><div id=\"pgc-w667ab40c914da-1-1\"  class=\"panel-grid-cell\" ><div id=\"panel-w667ab40c914da-1-1-0\" class=\"so-panel widget widget_sow-editor panel-first-child panel-last-child\" data-index=\"2\" ><div class=\"hero-links panel-widget-style panel-widget-style-for-w667ab40c914da-1-1-0\" ><div\n\t\t\t\n\t\t\tclass=\"so-widget-sow-editor so-widget-sow-editor-base\"\n\t\t\t\n\t\t>\n<div class=\"siteorigin-widget-tinymce textwidget\">\n\t<ul>\n<li><a href=\"https:\/\/gallotimber.se\/en\/raw-material\/\"><span class=\"dashicons-before dashicons-arrow-right-alt\"><\/span><strong>Read about the raw material<\/strong><\/a><\/li>\n<li><a href=\"https:\/\/gallotimber.se\/en\/sawmill\/\"><span class=\"dashicons-before dashicons-arrow-right-alt\"><\/span><strong>Learn about the sawmill<\/strong><\/a><\/li>\n<li><a href=\"https:\/\/gallotimber.se\/en\/our-rawmaterial\/\"><span class=\"dashicons-before dashicons-arrow-right-alt\"><\/span><strong>Our environmental responsibility<\/strong><\/a><\/li>\n<\/ul>\n<\/div>\n<\/div><\/div><\/div><\/div><\/div><\/div><\/div><\/div><div id=\"pgc-6-0-1\"  class=\"panel-grid-cell panel-grid-cell-empty\" ><\/div><\/div><\/div><div id=\"pg-6-1\"  class=\"panel-grid panel-has-style\"  data-cells=\"2\" ><div class=\"im-subpage-hero panel-row-style panel-row-style-for-6-1\" ><div id=\"pgc-6-1-0\"  class=\"panel-grid-cell panel-grid-cell-mobile-last\" ><div id=\"panel-6-1-0-0\" class=\"so-panel widget widget_sow-editor panel-first-child panel-last-child\" data-index=\"1\" ><div\n\t\t\t\n\t\t\tclass=\"so-widget-sow-editor so-widget-sow-editor-base\"\n\t\t\t\n\t\t>\n<div class=\"siteorigin-widget-tinymce textwidget\">\n\t<h2>From the raw material of the forest to finished planks<\/h2>\n<p>Much is automated and digitized, but not without human supervision and wise decisions. Just as it works at the sawmill in G\u00e4ll\u00f6.<\/p>\n<div class=\"im-text-button1\"><a href=\"https:\/\/gallotimber.se\/en\/sawmill\/\">Read More<\/a><\/div>\n<\/div>\n<\/div><\/div><\/div><div id=\"pgc-6-1-1\"  class=\"panel-grid-cell panel-grid-cell-empty\" ><div class=\"im-bg-image panel-cell-style panel-cell-style-for-6-1-1\" ><\/div><\/div><\/div><\/div><div id=\"pg-6-2\"  class=\"panel-grid panel-has-style\"  data-cells=\"1\" ><div class=\"im-bg-image panel-row-style panel-row-style-for-6-2\" ><div id=\"pgc-6-2-0\"  class=\"panel-grid-cell\" ><div id=\"panel-6-2-0-0\" class=\"so-panel widget widget_sow-editor panel-first-child panel-last-child\" data-index=\"2\" ><div\n\t\t\t\n\t\t\tclass=\"so-widget-sow-editor so-widget-sow-editor-base\"\n\t\t\t\n\t\t>\n<div class=\"siteorigin-widget-tinymce textwidget\">\n\t<h2 style=\"text-align: center;\">Do you have a forest and want to<br \/>\ncontact a timber buyer?<\/h2>\n<p style=\"text-align: center;\">Then it is the timber buyers at G\u00e4ll\u00f6 Skog that you should contact.<\/p>\n<p>&nbsp;<\/p>\n<p><center><\/p>\n<div class=\"im-text-button1\" style=\"text-align: center;\"><a href=\"https:\/\/www.galloskog.se\/kontakta-oss\/\">Contact G\u00e4ll\u00f6 Skog<\/a><\/div>\n<p><\/center><\/p>\n<\/div>\n<\/div><\/div><\/div><\/div><\/div><div id=\"pg-6-3\"  class=\"panel-grid panel-has-style\"  data-cells=\"2\" ><div class=\"im-subpage-hero panel-row-style panel-row-style-for-6-3\" ><div id=\"pgc-6-3-0\"  class=\"panel-grid-cell panel-grid-cell-mobile-last\" ><div id=\"panel-6-3-0-0\" class=\"so-panel widget widget_sow-editor panel-first-child panel-last-child\" data-index=\"3\" ><div\n\t\t\t\n\t\t\tclass=\"so-widget-sow-editor so-widget-sow-editor-base\"\n\t\t\t\n\t\t>\n<div class=\"siteorigin-widget-tinymce textwidget\">\n\t<h2>New billing information from 2 May 2023<span><\/span><\/h2>\n<p><b><span>Billing address:<\/span><\/b><\/p>\n<p><span><\/span><span><strong>G\u00e4ll\u00f6 Timber AB<\/strong><br \/>\n<\/span><span><\/span><span>INX9119-001<br \/>\n<\/span><span><\/span><span>831 90 \u00d6stersund<\/span><span><\/span><\/p>\n<p><span><\/span><b><span>PDF email-invoice: <\/span><\/b><span><\/span><span><a title=\"mailto:faktura.5568011786@sca.com\" href=\"mailto:faktura.5568011786@sca.com\" target=\"_blank\" rel=\"noopener noreferrer\" data-auth=\"NotApplicable\" data-safelink=\"true\" data-linkindex=\"0\">faktura.5568011786@sca.com<\/a><\/span><span><br \/>\n<\/span><b>E-invoicing: <\/b><span>GLN: 7381010017022<\/span><\/p>\n<p><span><\/span><span>VAN-partner is InExchange.\u00a0Read more about e-invoicing\u00a0<\/span><span><a title=\"http:\/\/www.inexchange.se\/skicka-faktura\" href=\"http:\/\/www.inexchange.se\/skicka-faktura\" target=\"_blank\" rel=\"noopener noreferrer\" data-auth=\"NotApplicable\" data-safelink=\"true\" data-linkindex=\"1\">www.inexchange.se\/skicka-faktura<\/a><br \/>\n<\/span><span><\/span><span><\/span><span><\/span><span><\/span><\/p>\n<p><span>Please put PO-number as reference on the invoice. You find the PO-number on the purchase order. If you can\u2019t find the PO-number, please write the e-mail address on your contact as reference.<\/span><\/p>\n<p>&nbsp;<\/p>\n<\/div>\n<\/div><\/div><\/div><div id=\"pgc-6-3-1\"  class=\"panel-grid-cell panel-grid-cell-empty\" ><div class=\"im-bg-image panel-cell-style panel-cell-style-for-6-3-1\" ><\/div><\/div><\/div><\/div><\/div>","protected":false},"excerpt":{"rendered":"<p>From the raw material of the forest to finished planks Much is automated and digitized, but not without human supervision and wise decisions. Just as it works at the sawmill in G\u00e4ll\u00f6. Read More<\/p>\n","protected":false},"author":1,"featured_media":0,"parent":0,"menu_order":0,"comment_status":"closed","ping_status":"closed","template":"","meta":{"footnotes":""},"class_list":["post-6","page","type-page","status-publish","hentry"],"yoast_head":"<!-- This site is optimized with the Yoast SEO plugin v27.3 - https:\/\/yoast.com\/product\/yoast-seo-wordpress\/ -->\n<title>Start - G\u00e4ll\u00f6 Timber<\/title>\n<meta name=\"robots\" content=\"index, follow, max-snippet:-1, max-image-preview:large, max-video-preview:-1\" \/>\n<link rel=\"canonical\" href=\"https:\/\/gallotimber.se\/en\/\" \/>\n<meta property=\"og:locale\" content=\"en_US\" \/>\n<meta property=\"og:type\" content=\"article\" \/>\n<meta property=\"og:title\" content=\"Start - G\u00e4ll\u00f6 Timber\" \/>\n<meta property=\"og:description\" content=\"From the raw material of the forest to finished planks Much is automated and digitized, but not without human supervision and wise decisions. Just as it works at the sawmill in G\u00e4ll\u00f6. Read More\" \/>\n<meta property=\"og:url\" content=\"https:\/\/gallotimber.se\/en\/\" \/>\n<meta property=\"og:site_name\" content=\"G\u00e4ll\u00f6 Timber\" \/>\n<meta property=\"article:modified_time\" content=\"2024-06-25T12:11:56+00:00\" \/>\n<meta name=\"twitter:card\" content=\"summary_large_image\" \/>\n<meta name=\"twitter:label1\" content=\"Est. reading time\" \/>\n\t<meta name=\"twitter:data1\" content=\"1 minute\" \/>\n<script type=\"application\/ld+json\" class=\"yoast-schema-graph\">{\"@context\":\"https:\\\/\\\/schema.org\",\"@graph\":[{\"@type\":\"WebPage\",\"@id\":\"https:\\\/\\\/gallotimber.se\\\/en\\\/\",\"url\":\"https:\\\/\\\/gallotimber.se\\\/en\\\/\",\"name\":\"Start - G\u00e4ll\u00f6 Timber\",\"isPartOf\":{\"@id\":\"https:\\\/\\\/gallotimber.se\\\/en\\\/#website\"},\"datePublished\":\"2023-03-16T13:26:04+00:00\",\"dateModified\":\"2024-06-25T12:11:56+00:00\",\"breadcrumb\":{\"@id\":\"https:\\\/\\\/gallotimber.se\\\/en\\\/#breadcrumb\"},\"inLanguage\":\"en-US\",\"potentialAction\":[{\"@type\":\"ReadAction\",\"target\":[\"https:\\\/\\\/gallotimber.se\\\/en\\\/\"]}]},{\"@type\":\"BreadcrumbList\",\"@id\":\"https:\\\/\\\/gallotimber.se\\\/en\\\/#breadcrumb\",\"itemListElement\":[{\"@type\":\"ListItem\",\"position\":1,\"name\":\"Home\",\"item\":\"https:\\\/\\\/gallotimber.se\\\/en\\\/\"},{\"@type\":\"ListItem\",\"position\":2,\"name\":\"Start\"}]},{\"@type\":\"WebSite\",\"@id\":\"https:\\\/\\\/gallotimber.se\\\/en\\\/#website\",\"url\":\"https:\\\/\\\/gallotimber.se\\\/en\\\/\",\"name\":\"G\u00e4ll\u00f6 Timber\",\"description\":\"G\u00e4ll\u00f6 sawmill\",\"potentialAction\":[{\"@type\":\"SearchAction\",\"target\":{\"@type\":\"EntryPoint\",\"urlTemplate\":\"https:\\\/\\\/gallotimber.se\\\/en\\\/?s={search_term_string}\"},\"query-input\":{\"@type\":\"PropertyValueSpecification\",\"valueRequired\":true,\"valueName\":\"search_term_string\"}}],\"inLanguage\":\"en-US\"}]}<\/script>\n<!-- \/ Yoast SEO plugin. -->","yoast_head_json":{"title":"Start - G\u00e4ll\u00f6 Timber","robots":{"index":"index","follow":"follow","max-snippet":"max-snippet:-1","max-image-preview":"max-image-preview:large","max-video-preview":"max-video-preview:-1"},"canonical":"https:\/\/gallotimber.se\/en\/","og_locale":"en_US","og_type":"article","og_title":"Start - G\u00e4ll\u00f6 Timber","og_description":"From the raw material of the forest to finished planks Much is automated and digitized, but not without human supervision and wise decisions. Just as it works at the sawmill in G\u00e4ll\u00f6. Read More","og_url":"https:\/\/gallotimber.se\/en\/","og_site_name":"G\u00e4ll\u00f6 Timber","article_modified_time":"2024-06-25T12:11:56+00:00","twitter_card":"summary_large_image","twitter_misc":{"Est. reading time":"1 minute"},"schema":{"@context":"https:\/\/schema.org","@graph":[{"@type":"WebPage","@id":"https:\/\/gallotimber.se\/en\/","url":"https:\/\/gallotimber.se\/en\/","name":"Start - G\u00e4ll\u00f6 Timber","isPartOf":{"@id":"https:\/\/gallotimber.se\/en\/#website"},"datePublished":"2023-03-16T13:26:04+00:00","dateModified":"2024-06-25T12:11:56+00:00","breadcrumb":{"@id":"https:\/\/gallotimber.se\/en\/#breadcrumb"},"inLanguage":"en-US","potentialAction":[{"@type":"ReadAction","target":["https:\/\/gallotimber.se\/en\/"]}]},{"@type":"BreadcrumbList","@id":"https:\/\/gallotimber.se\/en\/#breadcrumb","itemListElement":[{"@type":"ListItem","position":1,"name":"Home","item":"https:\/\/gallotimber.se\/en\/"},{"@type":"ListItem","position":2,"name":"Start"}]},{"@type":"WebSite","@id":"https:\/\/gallotimber.se\/en\/#website","url":"https:\/\/gallotimber.se\/en\/","name":"G\u00e4ll\u00f6 Timber","description":"G\u00e4ll\u00f6 sawmill","potentialAction":[{"@type":"SearchAction","target":{"@type":"EntryPoint","urlTemplate":"https:\/\/gallotimber.se\/en\/?s={search_term_string}"},"query-input":{"@type":"PropertyValueSpecification","valueRequired":true,"valueName":"search_term_string"}}],"inLanguage":"en-US"}]}},"_links":{"self":[{"href":"https:\/\/gallotimber.se\/en\/wp-json\/wp\/v2\/pages\/6","targetHints":{"allow":["GET"]}}],"collection":[{"href":"https:\/\/gallotimber.se\/en\/wp-json\/wp\/v2\/pages"}],"about":[{"href":"https:\/\/gallotimber.se\/en\/wp-json\/wp\/v2\/types\/page"}],"author":[{"embeddable":true,"href":"https:\/\/gallotimber.se\/en\/wp-json\/wp\/v2\/users\/1"}],"replies":[{"embeddable":true,"href":"https:\/\/gallotimber.se\/en\/wp-json\/wp\/v2\/comments?post=6"}],"version-history":[{"count":33,"href":"https:\/\/gallotimber.se\/en\/wp-json\/wp\/v2\/pages\/6\/revisions"}],"predecessor-version":[{"id":262,"href":"https:\/\/gallotimber.se\/en\/wp-json\/wp\/v2\/pages\/6\/revisions\/262"}],"wp:attachment":[{"href":"https:\/\/gallotimber.se\/en\/wp-json\/wp\/v2\/media?parent=6"}],"curies":[{"name":"wp","href":"https:\/\/api.w.org\/{rel}","templated":true}]}}