{"id":63,"date":"2023-03-21T10:34:48","date_gmt":"2023-03-21T09:34:48","guid":{"rendered":"http:\/\/gallotimber.internetmedia.se\/en\/?page_id=63"},"modified":"2023-11-29T13:42:37","modified_gmt":"2023-11-29T12:42:37","slug":"about-us","status":"publish","type":"page","link":"https:\/\/gallotimber.se\/en\/about-us\/","title":{"rendered":"About us"},"content":{"rendered":"<div id=\"pl-63\"  class=\"panel-layout\" ><div id=\"pg-63-0\"  class=\"panel-grid panel-has-style\"  data-cells=\"2\" ><div class=\"im-subpage-hero im-bg-image panel-row-style panel-row-style-for-63-0\" ><div id=\"pgc-63-0-0\"  class=\"panel-grid-cell panel-grid-cell-mobile-last\" ><div id=\"panel-63-0-0-0\" class=\"so-panel widget widget_sow-editor panel-first-child panel-last-child\" data-index=\"0\" ><div\n\t\t\t\n\t\t\tclass=\"so-widget-sow-editor so-widget-sow-editor-base\"\n\t\t\t\n\t\t>\n<div class=\"siteorigin-widget-tinymce textwidget\">\n\t<h1><span>About G\u00e4ll\u00f6 Timber<\/span><\/h1>\n<p><strong>We have experience and solid knowledge, because we have been around for a long time. As early as 1879, the sawmill was established in G\u00e4ll\u00f6, and we still saw here.<\/strong><\/p>\n<\/div>\n<\/div><\/div><\/div><div id=\"pgc-63-0-1\"  class=\"panel-grid-cell panel-grid-cell-empty\" ><\/div><\/div><\/div><div id=\"pg-63-1\"  class=\"panel-grid panel-no-style\"  data-cells=\"2\" ><div id=\"pgc-63-1-0\"  class=\"panel-grid-cell\" ><div id=\"panel-63-1-0-0\" class=\"so-panel widget widget_sow-editor panel-first-child panel-last-child\" data-index=\"1\" ><div\n\t\t\t\n\t\t\tclass=\"so-widget-sow-editor so-widget-sow-editor-base\"\n\t\t\t\n\t\t>\n<div class=\"siteorigin-widget-tinymce textwidget\">\n\t<p>G\u00e4ll\u00f6 Timber purchases and sells forest raw materials and produces sawn timber. The core of the business is our sawmill located at \u00d6hn in G\u00e4ll\u00f6, Sweden. The town is located in the middle of J\u00e4mtland county, approximately 40 kilometers south of the town \u00d6stersund. We are today the largest sawmill in J\u00e4mtland county, measured in produced volume, and one of the largest in northern Sweden. In Br\u00e4cke Municipality, we are also the largest private employer with our roughly 130 employees.<\/p>\n<p>G\u00e4ll\u00f6 Timber AB has existed since 2010 and is today owned by\u00a0<a href=\"https:\/\/www.sca.com\/en\/\" target=\"_blank\" rel=\"noopener\">SCA<\/a>. However, our history extends much further than that. G\u00e4ll\u00f6 Steam saw started on \u00d6hn, which was actually an island at the time, outside G\u00e4ll\u00f6 already in 1879. Since then, of course, a lot has happened, and thanks to continuous development, we have managed to continue operating for almost 150 years. Despite the fact that our sawmill cannot take advantage of being close to the coast.<\/p>\n<p>We currently produce approximately 360,000 cubic meters of sawn wood each year. Our customers are mainly in Sweden and Norway, but a lot is also exported to Europe, North Africa and China. G\u00e4ll\u00f6 Timber has become known for delivering good quality on time and our long-standing presence in the industry has also meant long-term and close relationships with our customers. Much thanks to our ability to adapt qualities and quantities based on their needs.<\/p>\n<\/div>\n<\/div><\/div><\/div><div id=\"pgc-63-1-1\"  class=\"panel-grid-cell\" ><div id=\"panel-63-1-1-0\" class=\"so-panel widget widget_sow-image panel-first-child panel-last-child\" data-index=\"2\" ><div\n\t\t\t\n\t\t\tclass=\"so-widget-sow-image so-widget-sow-image-default-8b5b6f678277-63\"\n\t\t\t\n\t\t>\n<div class=\"sow-image-container\">\n\t\t<img \n\tsrc=\"https:\/\/gallotimber.se\/en\/wp-content\/uploads\/sites\/2\/2023\/04\/GT_historia_eng.jpeg\" width=\"1920\" height=\"1370\" srcset=\"https:\/\/gallotimber.se\/en\/wp-content\/uploads\/sites\/2\/2023\/04\/GT_historia_eng.jpeg 1920w, https:\/\/gallotimber.se\/en\/wp-content\/uploads\/sites\/2\/2023\/04\/GT_historia_eng-300x214.jpeg 300w, https:\/\/gallotimber.se\/en\/wp-content\/uploads\/sites\/2\/2023\/04\/GT_historia_eng-1024x731.jpeg 1024w, https:\/\/gallotimber.se\/en\/wp-content\/uploads\/sites\/2\/2023\/04\/GT_historia_eng-768x548.jpeg 768w, https:\/\/gallotimber.se\/en\/wp-content\/uploads\/sites\/2\/2023\/04\/GT_historia_eng-1536x1096.jpeg 1536w\" sizes=\"(max-width: 1920px) 100vw, 1920px\" alt=\"\" \t\tclass=\"so-widget-image\"\/>\n\t<\/div>\n\n<\/div><\/div><\/div><\/div><\/div>","protected":false},"excerpt":{"rendered":"<p>About G\u00e4ll\u00f6 Timber We have experience and solid knowledge, because we have been around for a long time. As early as 1879, the sawmill was established in G\u00e4ll\u00f6, and we still saw here. G\u00e4ll\u00f6 Timber purchases and sells forest raw materials and produces sawn timber. The core of the business is our sawmill located at [&hellip;]<\/p>\n","protected":false},"author":1,"featured_media":0,"parent":0,"menu_order":0,"comment_status":"closed","ping_status":"closed","template":"","meta":{"footnotes":""},"class_list":["post-63","page","type-page","status-publish","hentry"],"yoast_head":"<!-- This site is optimized with the Yoast SEO plugin v27.6 - https:\/\/yoast.com\/product\/yoast-seo-wordpress\/ -->\n<title>About us - G\u00e4ll\u00f6 Timber<\/title>\n<meta name=\"robots\" content=\"index, follow, max-snippet:-1, max-image-preview:large, max-video-preview:-1\" \/>\n<link rel=\"canonical\" href=\"https:\/\/gallotimber.se\/en\/about-us\/\" \/>\n<meta property=\"og:locale\" content=\"en_US\" \/>\n<meta property=\"og:type\" content=\"article\" \/>\n<meta property=\"og:title\" content=\"About us - G\u00e4ll\u00f6 Timber\" \/>\n<meta property=\"og:description\" content=\"About G\u00e4ll\u00f6 Timber We have experience and solid knowledge, because we have been around for a long time. As early as 1879, the sawmill was established in G\u00e4ll\u00f6, and we still saw here. G\u00e4ll\u00f6 Timber purchases and sells forest raw materials and produces sawn timber. The core of the business is our sawmill located at [&hellip;]\" \/>\n<meta property=\"og:url\" content=\"https:\/\/gallotimber.se\/en\/about-us\/\" \/>\n<meta property=\"og:site_name\" content=\"G\u00e4ll\u00f6 Timber\" \/>\n<meta property=\"article:modified_time\" content=\"2023-11-29T12:42:37+00:00\" \/>\n<meta name=\"twitter:card\" content=\"summary_large_image\" \/>\n<meta name=\"twitter:label1\" content=\"Est. reading time\" \/>\n\t<meta name=\"twitter:data1\" content=\"2 minutes\" \/>\n<script type=\"application\/ld+json\" class=\"yoast-schema-graph\">{\"@context\":\"https:\\\/\\\/schema.org\",\"@graph\":[{\"@type\":\"WebPage\",\"@id\":\"https:\\\/\\\/gallotimber.se\\\/en\\\/about-us\\\/\",\"url\":\"https:\\\/\\\/gallotimber.se\\\/en\\\/about-us\\\/\",\"name\":\"About us - G\u00e4ll\u00f6 Timber\",\"isPartOf\":{\"@id\":\"https:\\\/\\\/gallotimber.se\\\/en\\\/#website\"},\"datePublished\":\"2023-03-21T09:34:48+00:00\",\"dateModified\":\"2023-11-29T12:42:37+00:00\",\"breadcrumb\":{\"@id\":\"https:\\\/\\\/gallotimber.se\\\/en\\\/about-us\\\/#breadcrumb\"},\"inLanguage\":\"en-US\",\"potentialAction\":[{\"@type\":\"ReadAction\",\"target\":[\"https:\\\/\\\/gallotimber.se\\\/en\\\/about-us\\\/\"]}]},{\"@type\":\"BreadcrumbList\",\"@id\":\"https:\\\/\\\/gallotimber.se\\\/en\\\/about-us\\\/#breadcrumb\",\"itemListElement\":[{\"@type\":\"ListItem\",\"position\":1,\"name\":\"Home\",\"item\":\"https:\\\/\\\/gallotimber.se\\\/en\\\/\"},{\"@type\":\"ListItem\",\"position\":2,\"name\":\"About us\"}]},{\"@type\":\"WebSite\",\"@id\":\"https:\\\/\\\/gallotimber.se\\\/en\\\/#website\",\"url\":\"https:\\\/\\\/gallotimber.se\\\/en\\\/\",\"name\":\"G\u00e4ll\u00f6 Timber\",\"description\":\"G\u00e4ll\u00f6 sawmill\",\"potentialAction\":[{\"@type\":\"SearchAction\",\"target\":{\"@type\":\"EntryPoint\",\"urlTemplate\":\"https:\\\/\\\/gallotimber.se\\\/en\\\/?s={search_term_string}\"},\"query-input\":{\"@type\":\"PropertyValueSpecification\",\"valueRequired\":true,\"valueName\":\"search_term_string\"}}],\"inLanguage\":\"en-US\"}]}<\/script>\n<!-- \/ Yoast SEO plugin. -->","yoast_head_json":{"title":"About us - G\u00e4ll\u00f6 Timber","robots":{"index":"index","follow":"follow","max-snippet":"max-snippet:-1","max-image-preview":"max-image-preview:large","max-video-preview":"max-video-preview:-1"},"canonical":"https:\/\/gallotimber.se\/en\/about-us\/","og_locale":"en_US","og_type":"article","og_title":"About us - G\u00e4ll\u00f6 Timber","og_description":"About G\u00e4ll\u00f6 Timber We have experience and solid knowledge, because we have been around for a long time. As early as 1879, the sawmill was established in G\u00e4ll\u00f6, and we still saw here. G\u00e4ll\u00f6 Timber purchases and sells forest raw materials and produces sawn timber. The core of the business is our sawmill located at [&hellip;]","og_url":"https:\/\/gallotimber.se\/en\/about-us\/","og_site_name":"G\u00e4ll\u00f6 Timber","article_modified_time":"2023-11-29T12:42:37+00:00","twitter_card":"summary_large_image","twitter_misc":{"Est. reading time":"2 minutes"},"schema":{"@context":"https:\/\/schema.org","@graph":[{"@type":"WebPage","@id":"https:\/\/gallotimber.se\/en\/about-us\/","url":"https:\/\/gallotimber.se\/en\/about-us\/","name":"About us - G\u00e4ll\u00f6 Timber","isPartOf":{"@id":"https:\/\/gallotimber.se\/en\/#website"},"datePublished":"2023-03-21T09:34:48+00:00","dateModified":"2023-11-29T12:42:37+00:00","breadcrumb":{"@id":"https:\/\/gallotimber.se\/en\/about-us\/#breadcrumb"},"inLanguage":"en-US","potentialAction":[{"@type":"ReadAction","target":["https:\/\/gallotimber.se\/en\/about-us\/"]}]},{"@type":"BreadcrumbList","@id":"https:\/\/gallotimber.se\/en\/about-us\/#breadcrumb","itemListElement":[{"@type":"ListItem","position":1,"name":"Home","item":"https:\/\/gallotimber.se\/en\/"},{"@type":"ListItem","position":2,"name":"About us"}]},{"@type":"WebSite","@id":"https:\/\/gallotimber.se\/en\/#website","url":"https:\/\/gallotimber.se\/en\/","name":"G\u00e4ll\u00f6 Timber","description":"G\u00e4ll\u00f6 sawmill","potentialAction":[{"@type":"SearchAction","target":{"@type":"EntryPoint","urlTemplate":"https:\/\/gallotimber.se\/en\/?s={search_term_string}"},"query-input":{"@type":"PropertyValueSpecification","valueRequired":true,"valueName":"search_term_string"}}],"inLanguage":"en-US"}]}},"_links":{"self":[{"href":"https:\/\/gallotimber.se\/en\/wp-json\/wp\/v2\/pages\/63","targetHints":{"allow":["GET"]}}],"collection":[{"href":"https:\/\/gallotimber.se\/en\/wp-json\/wp\/v2\/pages"}],"about":[{"href":"https:\/\/gallotimber.se\/en\/wp-json\/wp\/v2\/types\/page"}],"author":[{"embeddable":true,"href":"https:\/\/gallotimber.se\/en\/wp-json\/wp\/v2\/users\/1"}],"replies":[{"embeddable":true,"href":"https:\/\/gallotimber.se\/en\/wp-json\/wp\/v2\/comments?post=63"}],"version-history":[{"count":10,"href":"https:\/\/gallotimber.se\/en\/wp-json\/wp\/v2\/pages\/63\/revisions"}],"predecessor-version":[{"id":241,"href":"https:\/\/gallotimber.se\/en\/wp-json\/wp\/v2\/pages\/63\/revisions\/241"}],"wp:attachment":[{"href":"https:\/\/gallotimber.se\/en\/wp-json\/wp\/v2\/media?parent=63"}],"curies":[{"name":"wp","href":"https:\/\/api.w.org\/{rel}","templated":true}]}}