{"id":66,"date":"2023-03-21T10:36:38","date_gmt":"2023-03-21T09:36:38","guid":{"rendered":"http:\/\/gallotimber.internetmedia.se\/en\/?page_id=66"},"modified":"2024-06-25T16:37:02","modified_gmt":"2024-06-25T14:37:02","slug":"contact-us","status":"publish","type":"page","link":"https:\/\/gallotimber.se\/en\/contact-us\/","title":{"rendered":"Contact us"},"content":{"rendered":"<div id=\"pl-66\"  class=\"panel-layout\" ><div id=\"pg-66-0\"  class=\"panel-grid panel-has-style\"  data-cells=\"2\" ><div class=\"im-subpage-hero im-bg-blue panel-row-style panel-row-style-for-66-0\" ><div id=\"pgc-66-0-0\"  class=\"panel-grid-cell panel-grid-cell-mobile-last\" ><div id=\"panel-66-0-0-0\" class=\"so-panel widget widget_sow-editor panel-first-child panel-last-child\" data-index=\"0\" ><div\n\t\t\t\n\t\t\tclass=\"so-widget-sow-editor so-widget-sow-editor-base\"\n\t\t\t\n\t\t>\n<div class=\"siteorigin-widget-tinymce textwidget\">\n\t<h1>Contact us<\/h1>\n<p><b><span>New billing information from 2 May 2023<\/span><\/b><span><\/span><\/p>\n<p><span><\/span><b><span>Billing address:<br \/>\n<\/span><\/b><span><\/span><span>G\u00e4ll\u00f6 Timber AB<br \/>\n<\/span><span><\/span><span>INX9119-001<br \/>\n<\/span><span><\/span><span>831 90 \u00d6stersund<\/span><span><\/span><\/p>\n<p><span><\/span><b><span>PDF email-invoice: <\/span><\/b><span><\/span><span><a title=\"mailto:faktura.5568011786@sca.com\" href=\"mailto:faktura.5568011786@sca.com\" target=\"_blank\" rel=\"noopener noreferrer\" data-auth=\"NotApplicable\" data-safelink=\"true\" data-linkindex=\"0\">faktura.5568011786@sca.com<\/a><\/span><span><br \/>\n<\/span><b>E-invoicing: <\/b><span>GLN: 7381010017022<\/span><\/p>\n<p><span><\/span><span>VAN-partner is InExchange.\u00a0Read more about e-invoicing\u00a0<\/span><span><a title=\"http:\/\/www.inexchange.se\/skicka-faktura\" href=\"http:\/\/www.inexchange.se\/skicka-faktura\" target=\"_blank\" rel=\"noopener noreferrer\" data-auth=\"NotApplicable\" data-safelink=\"true\" data-linkindex=\"1\">www.inexchange.se\/skicka-faktura<\/a><\/span><\/p>\n<p><span><\/span><span><\/span><span><\/span><span>Please put PO-number as reference on the invoice. You find the PO-number on the purchase order. If you can\u2019t find the PO-number, please write the e-mail address on your contact as reference.<\/span><\/p>\n<p><strong>Visiting address:<\/strong><br \/>\nG\u00e4ll\u00f6\u00a0Timber<br \/>\n\u00d6hn 160<br \/>\n843 41 G\u00e4ll\u00f6<\/p>\n<p>&nbsp;<\/p>\n<p>&nbsp;<\/p>\n<\/div>\n<\/div><\/div><\/div><div id=\"pgc-66-0-1\"  class=\"panel-grid-cell panel-grid-cell-empty\" ><div class=\"im-bg-image panel-cell-style panel-cell-style-for-66-0-1\" ><\/div><\/div><\/div><\/div><div id=\"pg-66-1\"  class=\"panel-grid panel-has-style\"  data-cells=\"1\" ><div class=\"siteorigin-panels-stretch panel-row-style panel-row-style-for-66-1\" data-stretch-type=\"full\" ><div id=\"pgc-66-1-0\"  class=\"panel-grid-cell\" ><div id=\"panel-66-1-0-0\" class=\"so-panel widget widget_sow-editor panel-first-child panel-last-child\" data-index=\"1\" ><div\n\t\t\t\n\t\t\tclass=\"so-widget-sow-editor so-widget-sow-editor-base\"\n\t\t\t\n\t\t>\n<div class=\"siteorigin-widget-tinymce textwidget\">\n\t<h2 style=\"text-align: center;\">Our staff<\/h2>\n<\/div>\n<\/div><\/div><\/div><\/div><\/div><div id=\"pg-66-2\"  class=\"panel-grid panel-no-style\"  data-cells=\"1\" ><div id=\"pgc-66-2-0\"  class=\"panel-grid-cell\" ><div id=\"panel-66-2-0-0\" class=\"so-panel widget widget_sow-editor panel-first-child panel-last-child\" data-index=\"2\" ><div\n\t\t\t\n\t\t\tclass=\"so-widget-sow-editor so-widget-sow-editor-base\"\n\t\t\t\n\t\t>\n<div class=\"siteorigin-widget-tinymce textwidget\">\n\t<h3 id=\"ledning\">Management\/&shy;administration<\/h3>\n<div class=\"staff-member-listing administration\"><div class=\"staff-member even \">\r\n<div class=\"container\" itemscope itemtype=\"https:\/\/schema.org\/Person\">\r\n<div class=\"staff-member-photo\">\r\n    <img decoding=\"async\" src=\"https:\/\/gallotimber.se\/en\/wp-content\/uploads\/sites\/2\/2023\/04\/gallo-timber-daniel-olovsson.jpg\" alt=\"Daniel Olovsson : Raw Material Controller\" itemprop=\"image\">\r\n<\/div>\r\n    <div class=\"staff-member-info\">\r\n        <h5 itemprop=\"name\">Daniel Olovsson<\/h5>\r\n        \r\n        <b itemprop=\"jobTitle\">Raw Material Controller<\/b>\r\n<address>\r\n<p>\r\n        <a href='mailto:dan&#105;el&#046;olovss&#111;&#110;&#064;s&#099;&#097;&#046;&#099;&#111;&#109;' itemprop=\"email\">Skicka e-post<\/a><br \/>\r\n<a href=\"tel:+46 693-182 04\" itemprop=\"telephone\">+46 693-182 04<\/a>\r\n<\/p>\r\n<\/address>\r\n    <\/div>\r\n<\/div>\r\n<\/div> <!-- Close staff-member --><div class=\"staff-member odd \">\r\n<div class=\"container\" itemscope itemtype=\"https:\/\/schema.org\/Person\">\r\n<div class=\"staff-member-photo\">\r\n    <img decoding=\"async\" src=\"https:\/\/gallotimber.se\/en\/wp-content\/uploads\/sites\/2\/2023\/04\/gallo-timber-daniel-wiklander.jpg\" alt=\"Daniel Wiklander : Business Manager\" itemprop=\"image\">\r\n<\/div>\r\n    <div class=\"staff-member-info\">\r\n        <h5 itemprop=\"name\">Daniel Wiklander<\/h5>\r\n        \r\n        <b itemprop=\"jobTitle\">Business Manager<\/b>\r\n<address>\r\n<p>\r\n        <a href='mailto:&#100;an&#105;e&#108;&#046;w&#105;&#107;l&#097;n&#100;&#101;r&#064;&#115;c&#097;.&#099;om' itemprop=\"email\">Skicka e-post<\/a><br \/>\r\n<a href=\"tel:+46 693-182 01\" itemprop=\"telephone\">+46 693-182 01<\/a>\r\n<\/p>\r\n<\/address>\r\n    <\/div>\r\n<\/div>\r\n<\/div> <!-- Close staff-member --><div class=\"staff-member even \">\r\n<div class=\"container\" itemscope itemtype=\"https:\/\/schema.org\/Person\">\r\n<div class=\"staff-member-photo\">\r\n    <img decoding=\"async\" src=\"https:\/\/gallotimber.se\/en\/wp-content\/uploads\/sites\/2\/2023\/04\/gallo-timber-jonathan-mattsson.jpg\" alt=\"Jonathan Mattsson : CEO\" itemprop=\"image\">\r\n<\/div>\r\n    <div class=\"staff-member-info\">\r\n        <h5 itemprop=\"name\">Jonathan Mattsson<\/h5>\r\n        \r\n        <b itemprop=\"jobTitle\">CEO<\/b>\r\n<address>\r\n<p>\r\n        <a href='mailto:jo&#110;&#097;th&#097;n.m&#097;&#116;&#116;&#115;&#115;o&#110;&#064;&#115;c&#097;&#046;co&#109;' itemprop=\"email\">Skicka e-post<\/a><br \/>\r\n<a href=\"tel:+46 693-182 26\" itemprop=\"telephone\">+46 693-182 26<\/a>\r\n<\/p>\r\n<\/address>\r\n    <\/div>\r\n<\/div>\r\n<\/div> <!-- Close staff-member --><div class=\"staff-member odd \">\r\n<div class=\"container\" itemscope itemtype=\"https:\/\/schema.org\/Person\">\r\n<div class=\"staff-member-photo\">\r\n    <img decoding=\"async\" src=\"https:\/\/gallotimber.se\/en\/wp-content\/uploads\/sites\/2\/2023\/04\/gallo-timber-marta-hedenfalk.jpg\" alt=\"M\u00e4rta Hedenfalk : Finance &amp; HR\" itemprop=\"image\">\r\n<\/div>\r\n    <div class=\"staff-member-info\">\r\n        <h5 itemprop=\"name\">M\u00e4rta Hedenfalk<\/h5>\r\n        \r\n        <b itemprop=\"jobTitle\">Finance &amp; HR<\/b>\r\n<address>\r\n<p>\r\n        <a href='mailto:m&#097;&#114;t&#097;&#046;&#104;e&#100;en&#102;a&#108;&#107;&#064;&#115;c&#097;.c&#111;&#109;' itemprop=\"email\">Skicka e-post<\/a><br \/>\r\n<a href=\"tel:+46 693-182 07\" itemprop=\"telephone\">+46 693-182 07<\/a>\r\n<\/p>\r\n<\/address>\r\n    <\/div>\r\n<\/div>\r\n<\/div> <!-- Close staff-member --><div class=\"staff-member even  last\">\r\n<div class=\"container\" itemscope itemtype=\"https:\/\/schema.org\/Person\">\r\n<div class=\"staff-member-photo\">\r\n    <img decoding=\"async\" src=\"https:\/\/gallotimber.se\/en\/wp-content\/uploads\/sites\/2\/2023\/04\/gallo-timber-per-roempke.jpg\" alt=\"Per Roempke : Finance Manager\" itemprop=\"image\">\r\n<\/div>\r\n    <div class=\"staff-member-info\">\r\n        <h5 itemprop=\"name\">Per Roempke<\/h5>\r\n        \r\n        <b itemprop=\"jobTitle\">Finance Manager<\/b>\r\n<address>\r\n<p>\r\n        <a href='mailto:per.r&#111;&#101;&#109;pke.ex&#116;&#064;sc&#097;&#046;com' itemprop=\"email\">Skicka e-post<\/a><br \/>\r\n<a href=\"tel:+46 693-180 15\" itemprop=\"telephone\">+46 693-180 15<\/a>\r\n<\/p>\r\n<\/address>\r\n    <\/div>\r\n<\/div>\r\n<\/div> <!-- Close staff-member --><\/div> <!-- Close staff-member-listing -->\n<h3 id=\"produktion\">Production<\/h3>\n<div class=\"staff-member-listing production\"><div class=\"staff-member even \">\r\n<div class=\"container\" itemscope itemtype=\"https:\/\/schema.org\/Person\">\r\n<div class=\"staff-member-photo\">\r\n    <img decoding=\"async\" src=\"https:\/\/gallotimber.se\/en\/wp-content\/uploads\/sites\/2\/2023\/04\/gallo-timber-fredrik-hagglund.jpg\" alt=\"Fredrik H\u00e4gglund : Department Manager Saw and Measuring\" itemprop=\"image\">\r\n<\/div>\r\n    <div class=\"staff-member-info\">\r\n        <h5 itemprop=\"name\">Fredrik H\u00e4gglund<\/h5>\r\n        \r\n        <b itemprop=\"jobTitle\">Department Manager Saw and Measuring<\/b>\r\n<address>\r\n<p>\r\n        <a href='mailto:fredrik&#046;hag&#103;&#108;und&#064;&#115;&#099;a.co&#109;' itemprop=\"email\">Skicka e-post<\/a><br \/>\r\n<a href=\"tel:+46 693-182 22\" itemprop=\"telephone\">+46 693-182 22<\/a>\r\n<\/p>\r\n<\/address>\r\n    <\/div>\r\n<\/div>\r\n<\/div> <!-- Close staff-member --><div class=\"staff-member odd \">\r\n<div class=\"container\" itemscope itemtype=\"https:\/\/schema.org\/Person\">\r\n<div class=\"staff-member-photo\">\r\n    <img decoding=\"async\" src=\"https:\/\/gallotimber.se\/en\/wp-content\/uploads\/sites\/2\/2023\/05\/gallo-timber-lennie-boije.jpg\" alt=\"Lennie Boije : Project Engineer\" itemprop=\"image\">\r\n<\/div>\r\n    <div class=\"staff-member-info\">\r\n        <h5 itemprop=\"name\">Lennie Boije<\/h5>\r\n        \r\n        <b itemprop=\"jobTitle\">Project Engineer<\/b>\r\n<address>\r\n<p>\r\n        <a href='mailto:le&#110;&#110;&#105;&#101;&#046;&#098;o&#105;j&#101;&#064;&#115;ca.s&#101;' itemprop=\"email\">Skicka e-post<\/a><br \/>\r\n<a href=\"tel:+46 76-76 78 219\" itemprop=\"telephone\">+46 76-76 78 219<\/a>\r\n<\/p>\r\n<\/address>\r\n    <\/div>\r\n<\/div>\r\n<\/div> <!-- Close staff-member --><div class=\"staff-member even \">\r\n<div class=\"container\" itemscope itemtype=\"https:\/\/schema.org\/Person\">\r\n<div class=\"staff-member-photo\">\r\n    <img decoding=\"async\" src=\"https:\/\/gallotimber.se\/en\/wp-content\/uploads\/sites\/2\/2023\/03\/GT_mats_meijermo.jpg\" alt=\"Mats Meijermo : Property Technician\" itemprop=\"image\">\r\n<\/div>\r\n    <div class=\"staff-member-info\">\r\n        <h5 itemprop=\"name\">Mats Meijermo<\/h5>\r\n        \r\n        <b itemprop=\"jobTitle\">Property Technician<\/b>\r\n<address>\r\n<p>\r\n        <a href='mailto:&#109;&#097;t&#115;.&#109;e&#105;j&#101;&#114;mo&#064;&#103;a&#108;&#108;o&#116;&#105;mber&#046;&#115;&#101;' itemprop=\"email\">Skicka e-post<\/a><br \/>\r\n<a href=\"tel:+46 693-182 31\" itemprop=\"telephone\">+46 693-182 31<\/a>\r\n<\/p>\r\n<\/address>\r\n    <\/div>\r\n<\/div>\r\n<\/div> <!-- Close staff-member --><div class=\"staff-member odd \">\r\n<div class=\"container\" itemscope itemtype=\"https:\/\/schema.org\/Person\">\r\n<div class=\"staff-member-photo\">\r\n    <img decoding=\"async\" src=\"https:\/\/gallotimber.se\/en\/wp-content\/uploads\/sites\/2\/2023\/04\/gallo-timber-niclas-pettersson.jpg\" alt=\"Niclas Pettersson : Department Manager Kiln and Boiler\" itemprop=\"image\">\r\n<\/div>\r\n    <div class=\"staff-member-info\">\r\n        <h5 itemprop=\"name\">Niclas Pettersson<\/h5>\r\n        \r\n        <b itemprop=\"jobTitle\">Department Manager Kiln and Boiler<\/b>\r\n<address>\r\n<p>\r\n        <a href='mailto:n&#105;c&#108;a&#115;.p&#101;&#116;&#116;&#101;&#114;&#115;&#115;&#111;&#110;&#064;s&#099;a.co&#109;' itemprop=\"email\">Skicka e-post<\/a><br \/>\r\n<a href=\"tel:+46 76-102 83 03\" itemprop=\"telephone\">+46 76-102 83 03<\/a>\r\n<\/p>\r\n<\/address>\r\n    <\/div>\r\n<\/div>\r\n<\/div> <!-- Close staff-member --><div class=\"staff-member even \">\r\n<div class=\"container\" itemscope itemtype=\"https:\/\/schema.org\/Person\">\r\n<div class=\"staff-member-photo\">\r\n    <img decoding=\"async\" src=\"https:\/\/gallotimber.se\/en\/wp-content\/uploads\/sites\/2\/2023\/04\/gallo-timber-niclas-svensson.jpg\" alt=\"Niclas Svensson : Department Manager Further Processing\" itemprop=\"image\">\r\n<\/div>\r\n    <div class=\"staff-member-info\">\r\n        <h5 itemprop=\"name\">Niclas Svensson<\/h5>\r\n        \r\n        <b itemprop=\"jobTitle\">Department Manager Further Processing<\/b>\r\n<address>\r\n<p>\r\n        <a href='mailto:&#110;&#105;&#099;&#108;&#097;&#115;.&#115;&#118;&#101;nss&#111;&#110;&#064;&#115;ca&#046;&#099;&#111;m' itemprop=\"email\">Skicka e-post<\/a><br \/>\r\n<a href=\"tel:+46 693-182 28\" itemprop=\"telephone\">+46 693-182 28<\/a>\r\n<\/p>\r\n<\/address>\r\n    <\/div>\r\n<\/div>\r\n<\/div> <!-- Close staff-member --><div class=\"staff-member odd \">\r\n<div class=\"container\" itemscope itemtype=\"https:\/\/schema.org\/Person\">\r\n<div class=\"staff-member-photo\">\r\n    <img decoding=\"async\" src=\"https:\/\/gallotimber.se\/en\/wp-content\/uploads\/sites\/2\/2023\/05\/gallo-timber-stefan-bylund.jpg\" alt=\"Stefan Bylund : Production Manager\" itemprop=\"image\">\r\n<\/div>\r\n    <div class=\"staff-member-info\">\r\n        <h5 itemprop=\"name\">Stefan Bylund<\/h5>\r\n        \r\n        <b itemprop=\"jobTitle\">Production Manager<\/b>\r\n<address>\r\n<p>\r\n        <a href='mailto:&#115;&#116;e&#102;an.&#098;y&#108;&#117;&#110;d&#064;&#115;&#099;a.&#099;om' itemprop=\"email\">Skicka e-post<\/a><br \/>\r\n<a href=\"tel:+46 693 182 03\" itemprop=\"telephone\">+46 693 182 03<\/a>\r\n<\/p>\r\n<\/address>\r\n    <\/div>\r\n<\/div>\r\n<\/div> <!-- Close staff-member --><div class=\"staff-member even \">\r\n<div class=\"container\" itemscope itemtype=\"https:\/\/schema.org\/Person\">\r\n<div class=\"staff-member-photo\">\r\n    <img decoding=\"async\" src=\"https:\/\/gallotimber.se\/en\/wp-content\/uploads\/sites\/2\/2023\/03\/GT_tomas_pettersson.jpg\" alt=\"Tomas Pettersson : Department Manager Transport\" itemprop=\"image\">\r\n<\/div>\r\n    <div class=\"staff-member-info\">\r\n        <h5 itemprop=\"name\">Tomas Pettersson<\/h5>\r\n        \r\n        <b itemprop=\"jobTitle\">Department Manager Transport<\/b>\r\n<address>\r\n<p>\r\n        <a href='mailto:t&#111;&#109;&#097;s&#046;&#112;&#101;tt&#101;rss&#111;n.ga&#108;&#108;&#111;&#064;sc&#097;&#046;c&#111;&#109;' itemprop=\"email\">Skicka e-post<\/a><br \/>\r\n<a href=\"tel:+46 693-182 11\" itemprop=\"telephone\">+46 693-182 11<\/a>\r\n<\/p>\r\n<\/address>\r\n    <\/div>\r\n<\/div>\r\n<\/div> <!-- Close staff-member --><div class=\"staff-member odd  last\">\r\n<div class=\"container\" itemscope itemtype=\"https:\/\/schema.org\/Person\">\r\n<div class=\"staff-member-photo\">\r\n    <img decoding=\"async\" src=\"https:\/\/gallotimber.se\/en\/wp-content\/uploads\/sites\/2\/2023\/04\/gallo-timber-tommy-mattsson.jpg\" alt=\"Tommy Mattsson : Department Manager Grading\" itemprop=\"image\">\r\n<\/div>\r\n    <div class=\"staff-member-info\">\r\n        <h5 itemprop=\"name\">Tommy Mattsson<\/h5>\r\n        \r\n        <b itemprop=\"jobTitle\">Department Manager Grading<\/b>\r\n<address>\r\n<p>\r\n        <a href='mailto:to&#109;&#109;y.ma&#116;t&#115;&#115;o&#110;&#064;s&#099;&#097;&#046;&#099;o&#109;' itemprop=\"email\">Skicka e-post<\/a><br \/>\r\n<a href=\"tel:+46 693-182 02\" itemprop=\"telephone\">+46 693-182 02<\/a>\r\n<\/p>\r\n<\/address>\r\n    <\/div>\r\n<\/div>\r\n<\/div> <!-- Close staff-member --><\/div> <!-- Close staff-member-listing -->\n<h3 id=\"marknad\">Market<\/h3>\n<div class=\"staff-member-listing market\"><div class=\"staff-member even \">\r\n<div class=\"container\" itemscope itemtype=\"https:\/\/schema.org\/Person\">\r\n<div class=\"staff-member-photo\">\r\n    <img decoding=\"async\" src=\"https:\/\/gallotimber.se\/en\/wp-content\/uploads\/sites\/2\/2023\/04\/alexanderahreus4X2A8743_.jpg\" alt=\"Alexander \u00c5hr\u00e9us : Product Engineer and Sales Lodgepole pine\" itemprop=\"image\">\r\n<\/div>\r\n    <div class=\"staff-member-info\">\r\n        <h5 itemprop=\"name\">Alexander \u00c5hr\u00e9us<\/h5>\r\n        \r\n        <b itemprop=\"jobTitle\">Product Engineer and Sales Lodgepole pine<\/b>\r\n<address>\r\n<p>\r\n        <a href='mailto:&#097;&#108;e&#120;&#097;&#110;&#100;e&#114;.&#097;&#104;&#114;eus&#064;&#115;c&#097;.com' itemprop=\"email\">Skicka e-post<\/a><br \/>\r\n<a href=\"tel:+46 693-182 34\" itemprop=\"telephone\">+46 693-182 34<\/a>\r\n<\/p>\r\n<\/address>\r\n    <\/div>\r\n<\/div>\r\n<\/div> <!-- Close staff-member --><div class=\"staff-member odd \">\r\n<div class=\"container\" itemscope itemtype=\"https:\/\/schema.org\/Person\">\r\n<div class=\"staff-member-photo\">\r\n    <img decoding=\"async\" src=\"https:\/\/gallotimber.se\/en\/wp-content\/uploads\/sites\/2\/2023\/04\/amanda_ny4X2A0236.jpg\" alt=\"Amanda Lemon : Inhouse Sales\" itemprop=\"image\">\r\n<\/div>\r\n    <div class=\"staff-member-info\">\r\n        <h5 itemprop=\"name\">Amanda Lemon<\/h5>\r\n        \r\n        <b itemprop=\"jobTitle\">Inhouse Sales<\/b>\r\n<address>\r\n<p>\r\n        <a href='mailto:&#097;&#109;&#097;n&#100;a&#046;l&#101;&#109;&#111;&#110;&#064;&#115;c&#097;&#046;c&#111;m' itemprop=\"email\">Skicka e-post<\/a><br \/>\r\n<a href=\"tel:+46 693-182 66\" itemprop=\"telephone\">+46 693-182 66<\/a>\r\n<\/p>\r\n<\/address>\r\n    <\/div>\r\n<\/div>\r\n<\/div> <!-- Close staff-member --><div class=\"staff-member even \">\r\n<div class=\"container\" itemscope itemtype=\"https:\/\/schema.org\/Person\">\r\n<div class=\"staff-member-photo\">\r\n    <img decoding=\"async\" src=\"https:\/\/gallotimber.se\/en\/wp-content\/uploads\/sites\/2\/2023\/03\/GT_joakim_persson.jpg\" alt=\"Joakim Persson : Production Planner\" itemprop=\"image\">\r\n<\/div>\r\n    <div class=\"staff-member-info\">\r\n        <h5 itemprop=\"name\">Joakim Persson<\/h5>\r\n        \r\n        <b itemprop=\"jobTitle\">Production Planner<\/b>\r\n<address>\r\n<p>\r\n        <a href='mailto:&#106;&#111;&#097;kim.&#112;&#101;r&#115;s&#111;&#110;&#064;&#115;ca.&#099;&#111;&#109;' itemprop=\"email\">Skicka e-post<\/a><br \/>\r\n<a href=\"tel:+46 693-182 29\" itemprop=\"telephone\">+46 693-182 29<\/a>\r\n<\/p>\r\n<\/address>\r\n    <\/div>\r\n<\/div>\r\n<\/div> <!-- Close staff-member --><div class=\"staff-member odd \">\r\n<div class=\"container\" itemscope itemtype=\"https:\/\/schema.org\/Person\">\r\n<div class=\"staff-member-photo\">\r\n    <img decoding=\"async\" src=\"https:\/\/gallotimber.se\/en\/wp-content\/uploads\/sites\/2\/2023\/03\/GT_per_naslund.jpg\" alt=\"Per N\u00e4slund : Business Developer\" itemprop=\"image\">\r\n<\/div>\r\n    <div class=\"staff-member-info\">\r\n        <h5 itemprop=\"name\">Per N\u00e4slund<\/h5>\r\n        \r\n        <b itemprop=\"jobTitle\">Business Developer<\/b>\r\n<address>\r\n<p>\r\n        <a href='mailto:per&#046;na&#115;lund&#064;s&#099;&#097;.&#099;&#111;&#109;' itemprop=\"email\">Skicka e-post<\/a><br \/>\r\n<a href=\"tel:+46 693-182 69\" itemprop=\"telephone\">+46 693-182 69<\/a>\r\n<\/p>\r\n<\/address>\r\n    <\/div>\r\n<\/div>\r\n<\/div> <!-- Close staff-member --><div class=\"staff-member even  last\">\r\n<div class=\"container\" itemscope itemtype=\"https:\/\/schema.org\/Person\">\r\n<div class=\"staff-member-photo\">\r\n    <img decoding=\"async\" src=\"https:\/\/gallotimber.se\/en\/wp-content\/uploads\/sites\/2\/2023\/03\/GT_ulrika_noven.jpg\" alt=\"Ulrika Nov\u00e9n : Inhouse Sales\" itemprop=\"image\">\r\n<\/div>\r\n    <div class=\"staff-member-info\">\r\n        <h5 itemprop=\"name\">Ulrika Nov\u00e9n<\/h5>\r\n        \r\n        <b itemprop=\"jobTitle\">Inhouse Sales<\/b>\r\n<address>\r\n<p>\r\n        <a href='mailto:u&#108;ri&#107;a&#046;&#110;&#111;&#118;&#101;&#110;&#064;sca.&#099;&#111;&#109;' itemprop=\"email\">Skicka e-post<\/a><br \/>\r\n<a href=\"tel:+46 693-182 21\" itemprop=\"telephone\">+46 693-182 21<\/a>\r\n<\/p>\r\n<\/address>\r\n    <\/div>\r\n<\/div>\r\n<\/div> <!-- Close staff-member --><\/div> <!-- Close staff-member-listing -->\n<\/div>\n<\/div><\/div><\/div><\/div><\/div>","protected":false},"excerpt":{"rendered":"<p>Contact us New billing information from 2 May 2023 Billing address: G\u00e4ll\u00f6 Timber AB INX9119-001 831 90 \u00d6stersund PDF email-invoice: faktura.5568011786@sca.com E-invoicing: GLN: 7381010017022 VAN-partner is InExchange.\u00a0Read more about e-invoicing\u00a0www.inexchange.se\/skicka-faktura Please put PO-number as reference on the invoice. You find the PO-number on the purchase order. If you can\u2019t find the PO-number, please write the [&hellip;]<\/p>\n","protected":false},"author":1,"featured_media":0,"parent":0,"menu_order":0,"comment_status":"closed","ping_status":"closed","template":"","meta":{"footnotes":""},"class_list":["post-66","page","type-page","status-publish","hentry"],"yoast_head":"<!-- This site is optimized with the Yoast SEO plugin v27.6 - https:\/\/yoast.com\/product\/yoast-seo-wordpress\/ -->\n<title>Contact us - G\u00e4ll\u00f6 Timber<\/title>\n<meta name=\"robots\" content=\"index, follow, max-snippet:-1, max-image-preview:large, max-video-preview:-1\" \/>\n<link rel=\"canonical\" href=\"https:\/\/gallotimber.se\/en\/contact-us\/\" \/>\n<meta property=\"og:locale\" content=\"en_US\" \/>\n<meta property=\"og:type\" content=\"article\" \/>\n<meta property=\"og:title\" content=\"Contact us - G\u00e4ll\u00f6 Timber\" \/>\n<meta property=\"og:description\" content=\"Contact us New billing information from 2 May 2023 Billing address: G\u00e4ll\u00f6 Timber AB INX9119-001 831 90 \u00d6stersund PDF email-invoice: faktura.5568011786@sca.com E-invoicing: GLN: 7381010017022 VAN-partner is InExchange.\u00a0Read more about e-invoicing\u00a0www.inexchange.se\/skicka-faktura Please put PO-number as reference on the invoice. You find the PO-number on the purchase order. If you can\u2019t find the PO-number, please write the [&hellip;]\" \/>\n<meta property=\"og:url\" content=\"https:\/\/gallotimber.se\/en\/contact-us\/\" \/>\n<meta property=\"og:site_name\" content=\"G\u00e4ll\u00f6 Timber\" \/>\n<meta property=\"article:modified_time\" content=\"2024-06-25T14:37:02+00:00\" \/>\n<meta name=\"twitter:card\" content=\"summary_large_image\" \/>\n<meta name=\"twitter:label1\" content=\"Est. reading time\" \/>\n\t<meta name=\"twitter:data1\" content=\"1 minute\" \/>\n<script type=\"application\/ld+json\" class=\"yoast-schema-graph\">{\"@context\":\"https:\\\/\\\/schema.org\",\"@graph\":[{\"@type\":\"WebPage\",\"@id\":\"https:\\\/\\\/gallotimber.se\\\/en\\\/contact-us\\\/\",\"url\":\"https:\\\/\\\/gallotimber.se\\\/en\\\/contact-us\\\/\",\"name\":\"Contact us - G\u00e4ll\u00f6 Timber\",\"isPartOf\":{\"@id\":\"https:\\\/\\\/gallotimber.se\\\/en\\\/#website\"},\"datePublished\":\"2023-03-21T09:36:38+00:00\",\"dateModified\":\"2024-06-25T14:37:02+00:00\",\"breadcrumb\":{\"@id\":\"https:\\\/\\\/gallotimber.se\\\/en\\\/contact-us\\\/#breadcrumb\"},\"inLanguage\":\"en-US\",\"potentialAction\":[{\"@type\":\"ReadAction\",\"target\":[\"https:\\\/\\\/gallotimber.se\\\/en\\\/contact-us\\\/\"]}]},{\"@type\":\"BreadcrumbList\",\"@id\":\"https:\\\/\\\/gallotimber.se\\\/en\\\/contact-us\\\/#breadcrumb\",\"itemListElement\":[{\"@type\":\"ListItem\",\"position\":1,\"name\":\"Home\",\"item\":\"https:\\\/\\\/gallotimber.se\\\/en\\\/\"},{\"@type\":\"ListItem\",\"position\":2,\"name\":\"Contact us\"}]},{\"@type\":\"WebSite\",\"@id\":\"https:\\\/\\\/gallotimber.se\\\/en\\\/#website\",\"url\":\"https:\\\/\\\/gallotimber.se\\\/en\\\/\",\"name\":\"G\u00e4ll\u00f6 Timber\",\"description\":\"G\u00e4ll\u00f6 sawmill\",\"potentialAction\":[{\"@type\":\"SearchAction\",\"target\":{\"@type\":\"EntryPoint\",\"urlTemplate\":\"https:\\\/\\\/gallotimber.se\\\/en\\\/?s={search_term_string}\"},\"query-input\":{\"@type\":\"PropertyValueSpecification\",\"valueRequired\":true,\"valueName\":\"search_term_string\"}}],\"inLanguage\":\"en-US\"}]}<\/script>\n<!-- \/ Yoast SEO plugin. -->","yoast_head_json":{"title":"Contact us - G\u00e4ll\u00f6 Timber","robots":{"index":"index","follow":"follow","max-snippet":"max-snippet:-1","max-image-preview":"max-image-preview:large","max-video-preview":"max-video-preview:-1"},"canonical":"https:\/\/gallotimber.se\/en\/contact-us\/","og_locale":"en_US","og_type":"article","og_title":"Contact us - G\u00e4ll\u00f6 Timber","og_description":"Contact us New billing information from 2 May 2023 Billing address: G\u00e4ll\u00f6 Timber AB INX9119-001 831 90 \u00d6stersund PDF email-invoice: faktura.5568011786@sca.com E-invoicing: GLN: 7381010017022 VAN-partner is InExchange.\u00a0Read more about e-invoicing\u00a0www.inexchange.se\/skicka-faktura Please put PO-number as reference on the invoice. You find the PO-number on the purchase order. If you can\u2019t find the PO-number, please write the [&hellip;]","og_url":"https:\/\/gallotimber.se\/en\/contact-us\/","og_site_name":"G\u00e4ll\u00f6 Timber","article_modified_time":"2024-06-25T14:37:02+00:00","twitter_card":"summary_large_image","twitter_misc":{"Est. reading time":"1 minute"},"schema":{"@context":"https:\/\/schema.org","@graph":[{"@type":"WebPage","@id":"https:\/\/gallotimber.se\/en\/contact-us\/","url":"https:\/\/gallotimber.se\/en\/contact-us\/","name":"Contact us - G\u00e4ll\u00f6 Timber","isPartOf":{"@id":"https:\/\/gallotimber.se\/en\/#website"},"datePublished":"2023-03-21T09:36:38+00:00","dateModified":"2024-06-25T14:37:02+00:00","breadcrumb":{"@id":"https:\/\/gallotimber.se\/en\/contact-us\/#breadcrumb"},"inLanguage":"en-US","potentialAction":[{"@type":"ReadAction","target":["https:\/\/gallotimber.se\/en\/contact-us\/"]}]},{"@type":"BreadcrumbList","@id":"https:\/\/gallotimber.se\/en\/contact-us\/#breadcrumb","itemListElement":[{"@type":"ListItem","position":1,"name":"Home","item":"https:\/\/gallotimber.se\/en\/"},{"@type":"ListItem","position":2,"name":"Contact us"}]},{"@type":"WebSite","@id":"https:\/\/gallotimber.se\/en\/#website","url":"https:\/\/gallotimber.se\/en\/","name":"G\u00e4ll\u00f6 Timber","description":"G\u00e4ll\u00f6 sawmill","potentialAction":[{"@type":"SearchAction","target":{"@type":"EntryPoint","urlTemplate":"https:\/\/gallotimber.se\/en\/?s={search_term_string}"},"query-input":{"@type":"PropertyValueSpecification","valueRequired":true,"valueName":"search_term_string"}}],"inLanguage":"en-US"}]}},"_links":{"self":[{"href":"https:\/\/gallotimber.se\/en\/wp-json\/wp\/v2\/pages\/66","targetHints":{"allow":["GET"]}}],"collection":[{"href":"https:\/\/gallotimber.se\/en\/wp-json\/wp\/v2\/pages"}],"about":[{"href":"https:\/\/gallotimber.se\/en\/wp-json\/wp\/v2\/types\/page"}],"author":[{"embeddable":true,"href":"https:\/\/gallotimber.se\/en\/wp-json\/wp\/v2\/users\/1"}],"replies":[{"embeddable":true,"href":"https:\/\/gallotimber.se\/en\/wp-json\/wp\/v2\/comments?post=66"}],"version-history":[{"count":12,"href":"https:\/\/gallotimber.se\/en\/wp-json\/wp\/v2\/pages\/66\/revisions"}],"predecessor-version":[{"id":264,"href":"https:\/\/gallotimber.se\/en\/wp-json\/wp\/v2\/pages\/66\/revisions\/264"}],"wp:attachment":[{"href":"https:\/\/gallotimber.se\/en\/wp-json\/wp\/v2\/media?parent=66"}],"curies":[{"name":"wp","href":"https:\/\/api.w.org\/{rel}","templated":true}]}}