{"id":68,"date":"2023-03-21T10:37:54","date_gmt":"2023-03-21T09:37:54","guid":{"rendered":"http:\/\/gallotimber.internetmedia.se\/en\/?page_id=68"},"modified":"2025-02-25T15:01:21","modified_gmt":"2025-02-25T14:01:21","slug":"sawmill","status":"publish","type":"page","link":"https:\/\/gallotimber.se\/en\/sawmill\/","title":{"rendered":"Sawmill"},"content":{"rendered":"<div id=\"pl-68\"  class=\"panel-layout\" ><div id=\"pg-68-0\"  class=\"panel-grid panel-has-style\"  data-cells=\"2\" ><div class=\"im-subpage-hero im-bg-image panel-row-style panel-row-style-for-68-0\" ><div id=\"pgc-68-0-0\"  class=\"panel-grid-cell panel-grid-cell-mobile-last\" ><div id=\"panel-68-0-0-0\" class=\"so-panel widget widget_sow-editor panel-first-child panel-last-child\" data-index=\"0\" ><div\n\t\t\t\n\t\t\tclass=\"so-widget-sow-editor so-widget-sow-editor-base\"\n\t\t\t\n\t\t>\n<div class=\"siteorigin-widget-tinymce textwidget\">\n\t<h1>This is how the sawmill works<\/h1>\n<p><strong>Around 55 timber trucks with spruce and lodgepole pine roll in here every day. Come along to the sawmill and see how logs are turned into boards and planks.<\/strong><\/p>\n<\/div>\n<\/div><\/div><\/div><div id=\"pgc-68-0-1\"  class=\"panel-grid-cell panel-grid-cell-empty\" ><\/div><\/div><\/div><div id=\"pg-68-1\"  class=\"panel-grid panel-has-style\"  data-cells=\"3\" ><div class=\"panel-row-style panel-row-style-for-68-1\" ><div id=\"pgc-68-1-0\"  class=\"panel-grid-cell\" ><div id=\"panel-68-1-0-0\" class=\"so-panel widget widget_sow-editor panel-first-child panel-last-child\" data-index=\"1\" ><div\n\t\t\t\n\t\t\tclass=\"so-widget-sow-editor so-widget-sow-editor-base\"\n\t\t\t\n\t\t>\n<div class=\"siteorigin-widget-tinymce textwidget\">\n\t<p><img loading=\"lazy\" decoding=\"async\" class=\"alignnone wp-image-289 size-full\" src=\"https:\/\/gallotimber.se\/en\/wp-content\/uploads\/sites\/2\/2025\/02\/gallo-timber-inmatning.jpg\" alt=\"\" width=\"1920\" height=\"1281\" srcset=\"https:\/\/gallotimber.se\/en\/wp-content\/uploads\/sites\/2\/2025\/02\/gallo-timber-inmatning.jpg 1920w, https:\/\/gallotimber.se\/en\/wp-content\/uploads\/sites\/2\/2025\/02\/gallo-timber-inmatning-300x200.jpg 300w, https:\/\/gallotimber.se\/en\/wp-content\/uploads\/sites\/2\/2025\/02\/gallo-timber-inmatning-1024x683.jpg 1024w, https:\/\/gallotimber.se\/en\/wp-content\/uploads\/sites\/2\/2025\/02\/gallo-timber-inmatning-768x512.jpg 768w, https:\/\/gallotimber.se\/en\/wp-content\/uploads\/sites\/2\/2025\/02\/gallo-timber-inmatning-1536x1025.jpg 1536w, https:\/\/gallotimber.se\/en\/wp-content\/uploads\/sites\/2\/2025\/02\/gallo-timber-inmatning-272x182.jpg 272w\" sizes=\"auto, (max-width: 1920px) 100vw, 1920px\" \/><\/p>\n<h3><strong>1. Measuring station<\/strong><\/h3>\n<p>In order to keep production up, approximately 2,000 m3fub (cubic meters solid under bark) of timber is required every day, year around. This corresponds to approximately around 55 timber trucks. The timber is camera-measured automatically for volume and quality by Biometria before it is placed in unsorted rollers. The wood is then sorted according to quality and size and placed in smaller piles according to the top diameter of the log.<\/p>\n<\/div>\n<\/div><\/div><\/div><div id=\"pgc-68-1-1\"  class=\"panel-grid-cell\" ><div id=\"panel-68-1-1-0\" class=\"so-panel widget widget_sow-editor panel-first-child panel-last-child\" data-index=\"2\" ><div\n\t\t\t\n\t\t\tclass=\"so-widget-sow-editor so-widget-sow-editor-base\"\n\t\t\t\n\t\t>\n<div class=\"siteorigin-widget-tinymce textwidget\">\n\t<p><img loading=\"lazy\" decoding=\"async\" class=\"alignnone size-full wp-image-44\" src=\"https:\/\/gallotimber.se\/en\/wp-content\/uploads\/sites\/2\/2023\/03\/GT_sag.jpg\" alt=\"\" width=\"1920\" height=\"1280\" srcset=\"https:\/\/gallotimber.se\/en\/wp-content\/uploads\/sites\/2\/2023\/03\/GT_sag.jpg 1920w, https:\/\/gallotimber.se\/en\/wp-content\/uploads\/sites\/2\/2023\/03\/GT_sag-300x200.jpg 300w, https:\/\/gallotimber.se\/en\/wp-content\/uploads\/sites\/2\/2023\/03\/GT_sag-1024x683.jpg 1024w, https:\/\/gallotimber.se\/en\/wp-content\/uploads\/sites\/2\/2023\/03\/GT_sag-768x512.jpg 768w, https:\/\/gallotimber.se\/en\/wp-content\/uploads\/sites\/2\/2023\/03\/GT_sag-1536x1024.jpg 1536w, https:\/\/gallotimber.se\/en\/wp-content\/uploads\/sites\/2\/2023\/03\/GT_sag-272x182.jpg 272w\" sizes=\"auto, (max-width: 1920px) 100vw, 1920px\" \/><\/p>\n<h3>2. The saw<\/h3>\n<p>Timber graded logs from the measuring station are placed on the saw bench before it goes through the bark machine. The timber is debarked and passed through a measuring frame that scans the dimension and top diameter of the log. The logs are measured in a three-dimensional measuring frame that calculates the maximum yield of each log. To further maximize the yield of the raw material, the cutters move vertically to optimize each log and make different widths on each board.<\/p>\n<\/div>\n<\/div><\/div><\/div><div id=\"pgc-68-1-2\"  class=\"panel-grid-cell\" ><div id=\"panel-68-1-2-0\" class=\"so-panel widget widget_sow-editor panel-first-child panel-last-child\" data-index=\"3\" ><div\n\t\t\t\n\t\t\tclass=\"so-widget-sow-editor so-widget-sow-editor-base\"\n\t\t\t\n\t\t>\n<div class=\"siteorigin-widget-tinymce textwidget\">\n\t<p><img loading=\"lazy\" decoding=\"async\" class=\"alignnone size-full wp-image-47\" src=\"https:\/\/gallotimber.se\/en\/wp-content\/uploads\/sites\/2\/2023\/03\/GT_sortering.jpg\" alt=\"\" width=\"1920\" height=\"1280\" srcset=\"https:\/\/gallotimber.se\/en\/wp-content\/uploads\/sites\/2\/2023\/03\/GT_sortering.jpg 1920w, https:\/\/gallotimber.se\/en\/wp-content\/uploads\/sites\/2\/2023\/03\/GT_sortering-300x200.jpg 300w, https:\/\/gallotimber.se\/en\/wp-content\/uploads\/sites\/2\/2023\/03\/GT_sortering-1024x683.jpg 1024w, https:\/\/gallotimber.se\/en\/wp-content\/uploads\/sites\/2\/2023\/03\/GT_sortering-768x512.jpg 768w, https:\/\/gallotimber.se\/en\/wp-content\/uploads\/sites\/2\/2023\/03\/GT_sortering-1536x1024.jpg 1536w, https:\/\/gallotimber.se\/en\/wp-content\/uploads\/sites\/2\/2023\/03\/GT_sortering-272x182.jpg 272w\" sizes=\"auto, (max-width: 1920px) 100vw, 1920px\" \/><\/p>\n<h3>3. Raw sorting<\/h3>\n<p>Planks and boards are sorted according to different dimensions, in different compartments. Then they are strewn with drying straw between each layer of boards so that air can pass between the boards in the dryers.<\/p>\n<\/div>\n<\/div><\/div><\/div><\/div><\/div><div id=\"pg-68-2\"  class=\"panel-grid panel-has-style\"  data-cells=\"3\" ><div class=\"panel-row-style panel-row-style-for-68-2\" ><div id=\"pgc-68-2-0\"  class=\"panel-grid-cell\" ><div id=\"panel-68-2-0-0\" class=\"so-panel widget widget_sow-editor panel-first-child panel-last-child\" data-index=\"4\" ><div\n\t\t\t\n\t\t\tclass=\"so-widget-sow-editor so-widget-sow-editor-base\"\n\t\t\t\n\t\t>\n<div class=\"siteorigin-widget-tinymce textwidget\">\n\t<h3><\/h3>\n<p><img loading=\"lazy\" decoding=\"async\" class=\"alignnone wp-image-290 size-full\" src=\"https:\/\/gallotimber.se\/en\/wp-content\/uploads\/sites\/2\/2025\/02\/gallo-timber-tork.jpg\" alt=\"\" width=\"1920\" height=\"1281\" srcset=\"https:\/\/gallotimber.se\/en\/wp-content\/uploads\/sites\/2\/2025\/02\/gallo-timber-tork.jpg 1920w, https:\/\/gallotimber.se\/en\/wp-content\/uploads\/sites\/2\/2025\/02\/gallo-timber-tork-300x200.jpg 300w, https:\/\/gallotimber.se\/en\/wp-content\/uploads\/sites\/2\/2025\/02\/gallo-timber-tork-1024x683.jpg 1024w, https:\/\/gallotimber.se\/en\/wp-content\/uploads\/sites\/2\/2025\/02\/gallo-timber-tork-768x512.jpg 768w, https:\/\/gallotimber.se\/en\/wp-content\/uploads\/sites\/2\/2025\/02\/gallo-timber-tork-1536x1025.jpg 1536w, https:\/\/gallotimber.se\/en\/wp-content\/uploads\/sites\/2\/2025\/02\/gallo-timber-tork-272x182.jpg 272w\" sizes=\"auto, (max-width: 1920px) 100vw, 1920px\" \/><\/p>\n<h3>4. Kiln<\/h3>\n<p>Depending on thickness and width, or moisture content between 12 and 20 percent, the packages are placed in different kilns that are heated to around 60 degrees Celsius and dried for an average of four days. The kilns are heated by burning the bark from the debarking.<\/p>\n<p>&nbsp;<\/p>\n<\/div>\n<\/div><\/div><\/div><div id=\"pgc-68-2-1\"  class=\"panel-grid-cell\" ><div id=\"panel-68-2-1-0\" class=\"so-panel widget widget_sow-editor panel-first-child panel-last-child\" data-index=\"5\" ><div\n\t\t\t\n\t\t\tclass=\"so-widget-sow-editor so-widget-sow-editor-base\"\n\t\t\t\n\t\t>\n<div class=\"siteorigin-widget-tinymce textwidget\">\n\t<h3><\/h3>\n<p><img loading=\"lazy\" decoding=\"async\" class=\"alignnone wp-image-291 size-full\" src=\"https:\/\/gallotimber.se\/en\/wp-content\/uploads\/sites\/2\/2025\/02\/gallo-timber-justerverk.jpg\" alt=\"\" width=\"1920\" height=\"1281\" srcset=\"https:\/\/gallotimber.se\/en\/wp-content\/uploads\/sites\/2\/2025\/02\/gallo-timber-justerverk.jpg 1920w, https:\/\/gallotimber.se\/en\/wp-content\/uploads\/sites\/2\/2025\/02\/gallo-timber-justerverk-300x200.jpg 300w, https:\/\/gallotimber.se\/en\/wp-content\/uploads\/sites\/2\/2025\/02\/gallo-timber-justerverk-1024x683.jpg 1024w, https:\/\/gallotimber.se\/en\/wp-content\/uploads\/sites\/2\/2025\/02\/gallo-timber-justerverk-768x512.jpg 768w, https:\/\/gallotimber.se\/en\/wp-content\/uploads\/sites\/2\/2025\/02\/gallo-timber-justerverk-1536x1025.jpg 1536w, https:\/\/gallotimber.se\/en\/wp-content\/uploads\/sites\/2\/2025\/02\/gallo-timber-justerverk-272x182.jpg 272w\" sizes=\"auto, (max-width: 1920px) 100vw, 1920px\" \/><\/p>\n<h3>5. Grading mill<\/h3>\n<p class=\"p1\">With the latest camera technology the planks are sorted and adjusted according to quality and length with speeds up to 140 planks a minute. The new camera sorting increases the value exchange because it \"sees\" much better than the previous one. We also sort construction timber for the construction trade. After the cameras, the pieces are cut in the trimmer to the predetermined lengths. After that, the sawn timber is packaged as a finished product for delivery to the end customer.<\/p>\n<\/div>\n<\/div><\/div><\/div><div id=\"pgc-68-2-2\"  class=\"panel-grid-cell\" ><div id=\"panel-68-2-2-0\" class=\"so-panel widget widget_sow-editor panel-first-child panel-last-child\" data-index=\"6\" ><div\n\t\t\t\n\t\t\tclass=\"so-widget-sow-editor so-widget-sow-editor-base\"\n\t\t\t\n\t\t>\n<div class=\"siteorigin-widget-tinymce textwidget\">\n\t<p><img loading=\"lazy\" decoding=\"async\" class=\"alignnone size-full wp-image-53\" src=\"https:\/\/gallotimber.se\/en\/wp-content\/uploads\/sites\/2\/2023\/03\/GT_utlastning.jpg\" alt=\"\" width=\"1920\" height=\"1280\" srcset=\"https:\/\/gallotimber.se\/en\/wp-content\/uploads\/sites\/2\/2023\/03\/GT_utlastning.jpg 1920w, https:\/\/gallotimber.se\/en\/wp-content\/uploads\/sites\/2\/2023\/03\/GT_utlastning-300x200.jpg 300w, https:\/\/gallotimber.se\/en\/wp-content\/uploads\/sites\/2\/2023\/03\/GT_utlastning-1024x683.jpg 1024w, https:\/\/gallotimber.se\/en\/wp-content\/uploads\/sites\/2\/2023\/03\/GT_utlastning-768x512.jpg 768w, https:\/\/gallotimber.se\/en\/wp-content\/uploads\/sites\/2\/2023\/03\/GT_utlastning-1536x1024.jpg 1536w, https:\/\/gallotimber.se\/en\/wp-content\/uploads\/sites\/2\/2023\/03\/GT_utlastning-272x182.jpg 272w\" sizes=\"auto, (max-width: 1920px) 100vw, 1920px\" \/><\/p>\n<h3>6. Loading<\/h3>\n<p>Sawn timber is loaded onto trucks for transport to the end customer. <span>The products are delivered both locally and globally.<\/span><span>\u00a0<\/span>We have customers all over the world and load over 5,500 truckloads of finished products\u00a0per year.<\/p>\n<\/div>\n<\/div><\/div><\/div><\/div><\/div><\/div>","protected":false},"excerpt":{"rendered":"<p>This is how the sawmill works Around 55 timber trucks with spruce and lodgepole pine roll in here every day. Come along to the sawmill and see how logs are turned into boards and planks. 1. Measuring station In order to keep production up, approximately 2,000 m3fub (cubic meters solid under bark) of timber is [&hellip;]<\/p>\n","protected":false},"author":1,"featured_media":0,"parent":0,"menu_order":0,"comment_status":"closed","ping_status":"closed","template":"","meta":{"footnotes":""},"class_list":["post-68","page","type-page","status-publish","hentry"],"yoast_head":"<!-- This site is optimized with the Yoast SEO plugin v27.6 - https:\/\/yoast.com\/product\/yoast-seo-wordpress\/ -->\n<title>Sawmill - G\u00e4ll\u00f6 Timber<\/title>\n<meta name=\"robots\" content=\"index, follow, max-snippet:-1, max-image-preview:large, max-video-preview:-1\" \/>\n<link rel=\"canonical\" href=\"https:\/\/gallotimber.se\/en\/sawmill\/\" \/>\n<meta property=\"og:locale\" content=\"en_US\" \/>\n<meta property=\"og:type\" content=\"article\" \/>\n<meta property=\"og:title\" content=\"Sawmill - G\u00e4ll\u00f6 Timber\" \/>\n<meta property=\"og:description\" content=\"This is how the sawmill works Around 55 timber trucks with spruce and lodgepole pine roll in here every day. Come along to the sawmill and see how logs are turned into boards and planks. 1. Measuring station In order to keep production up, approximately 2,000 m3fub (cubic meters solid under bark) of timber is [&hellip;]\" \/>\n<meta property=\"og:url\" content=\"https:\/\/gallotimber.se\/en\/sawmill\/\" \/>\n<meta property=\"og:site_name\" content=\"G\u00e4ll\u00f6 Timber\" \/>\n<meta property=\"article:modified_time\" content=\"2025-02-25T14:01:21+00:00\" \/>\n<meta property=\"og:image\" content=\"https:\/\/gallotimber.se\/en\/wp-content\/uploads\/sites\/2\/2025\/02\/gallo-timber-inmatning.jpg\" \/>\n<meta name=\"twitter:card\" content=\"summary_large_image\" \/>\n<meta name=\"twitter:label1\" content=\"Est. reading time\" \/>\n\t<meta name=\"twitter:data1\" content=\"3 minutes\" \/>\n<script type=\"application\/ld+json\" class=\"yoast-schema-graph\">{\"@context\":\"https:\\\/\\\/schema.org\",\"@graph\":[{\"@type\":\"WebPage\",\"@id\":\"https:\\\/\\\/gallotimber.se\\\/en\\\/sawmill\\\/\",\"url\":\"https:\\\/\\\/gallotimber.se\\\/en\\\/sawmill\\\/\",\"name\":\"Sawmill - G\u00e4ll\u00f6 Timber\",\"isPartOf\":{\"@id\":\"https:\\\/\\\/gallotimber.se\\\/en\\\/#website\"},\"primaryImageOfPage\":{\"@id\":\"https:\\\/\\\/gallotimber.se\\\/en\\\/sawmill\\\/#primaryimage\"},\"image\":{\"@id\":\"https:\\\/\\\/gallotimber.se\\\/en\\\/sawmill\\\/#primaryimage\"},\"thumbnailUrl\":\"https:\\\/\\\/gallotimber.se\\\/en\\\/wp-content\\\/uploads\\\/sites\\\/2\\\/2025\\\/02\\\/gallo-timber-inmatning.jpg\",\"datePublished\":\"2023-03-21T09:37:54+00:00\",\"dateModified\":\"2025-02-25T14:01:21+00:00\",\"breadcrumb\":{\"@id\":\"https:\\\/\\\/gallotimber.se\\\/en\\\/sawmill\\\/#breadcrumb\"},\"inLanguage\":\"en-US\",\"potentialAction\":[{\"@type\":\"ReadAction\",\"target\":[\"https:\\\/\\\/gallotimber.se\\\/en\\\/sawmill\\\/\"]}]},{\"@type\":\"ImageObject\",\"inLanguage\":\"en-US\",\"@id\":\"https:\\\/\\\/gallotimber.se\\\/en\\\/sawmill\\\/#primaryimage\",\"url\":\"https:\\\/\\\/gallotimber.se\\\/en\\\/wp-content\\\/uploads\\\/sites\\\/2\\\/2025\\\/02\\\/gallo-timber-inmatning.jpg\",\"contentUrl\":\"https:\\\/\\\/gallotimber.se\\\/en\\\/wp-content\\\/uploads\\\/sites\\\/2\\\/2025\\\/02\\\/gallo-timber-inmatning.jpg\",\"width\":1920,\"height\":1281},{\"@type\":\"BreadcrumbList\",\"@id\":\"https:\\\/\\\/gallotimber.se\\\/en\\\/sawmill\\\/#breadcrumb\",\"itemListElement\":[{\"@type\":\"ListItem\",\"position\":1,\"name\":\"Home\",\"item\":\"https:\\\/\\\/gallotimber.se\\\/en\\\/\"},{\"@type\":\"ListItem\",\"position\":2,\"name\":\"Sawmill\"}]},{\"@type\":\"WebSite\",\"@id\":\"https:\\\/\\\/gallotimber.se\\\/en\\\/#website\",\"url\":\"https:\\\/\\\/gallotimber.se\\\/en\\\/\",\"name\":\"G\u00e4ll\u00f6 Timber\",\"description\":\"G\u00e4ll\u00f6 sawmill\",\"potentialAction\":[{\"@type\":\"SearchAction\",\"target\":{\"@type\":\"EntryPoint\",\"urlTemplate\":\"https:\\\/\\\/gallotimber.se\\\/en\\\/?s={search_term_string}\"},\"query-input\":{\"@type\":\"PropertyValueSpecification\",\"valueRequired\":true,\"valueName\":\"search_term_string\"}}],\"inLanguage\":\"en-US\"}]}<\/script>\n<!-- \/ Yoast SEO plugin. -->","yoast_head_json":{"title":"Sawmill - G\u00e4ll\u00f6 Timber","robots":{"index":"index","follow":"follow","max-snippet":"max-snippet:-1","max-image-preview":"max-image-preview:large","max-video-preview":"max-video-preview:-1"},"canonical":"https:\/\/gallotimber.se\/en\/sawmill\/","og_locale":"en_US","og_type":"article","og_title":"Sawmill - G\u00e4ll\u00f6 Timber","og_description":"This is how the sawmill works Around 55 timber trucks with spruce and lodgepole pine roll in here every day. Come along to the sawmill and see how logs are turned into boards and planks. 1. Measuring station In order to keep production up, approximately 2,000 m3fub (cubic meters solid under bark) of timber is [&hellip;]","og_url":"https:\/\/gallotimber.se\/en\/sawmill\/","og_site_name":"G\u00e4ll\u00f6 Timber","article_modified_time":"2025-02-25T14:01:21+00:00","og_image":[{"url":"https:\/\/gallotimber.se\/en\/wp-content\/uploads\/sites\/2\/2025\/02\/gallo-timber-inmatning.jpg","type":"","width":"","height":""}],"twitter_card":"summary_large_image","twitter_misc":{"Est. reading time":"3 minutes"},"schema":{"@context":"https:\/\/schema.org","@graph":[{"@type":"WebPage","@id":"https:\/\/gallotimber.se\/en\/sawmill\/","url":"https:\/\/gallotimber.se\/en\/sawmill\/","name":"Sawmill - G\u00e4ll\u00f6 Timber","isPartOf":{"@id":"https:\/\/gallotimber.se\/en\/#website"},"primaryImageOfPage":{"@id":"https:\/\/gallotimber.se\/en\/sawmill\/#primaryimage"},"image":{"@id":"https:\/\/gallotimber.se\/en\/sawmill\/#primaryimage"},"thumbnailUrl":"https:\/\/gallotimber.se\/en\/wp-content\/uploads\/sites\/2\/2025\/02\/gallo-timber-inmatning.jpg","datePublished":"2023-03-21T09:37:54+00:00","dateModified":"2025-02-25T14:01:21+00:00","breadcrumb":{"@id":"https:\/\/gallotimber.se\/en\/sawmill\/#breadcrumb"},"inLanguage":"en-US","potentialAction":[{"@type":"ReadAction","target":["https:\/\/gallotimber.se\/en\/sawmill\/"]}]},{"@type":"ImageObject","inLanguage":"en-US","@id":"https:\/\/gallotimber.se\/en\/sawmill\/#primaryimage","url":"https:\/\/gallotimber.se\/en\/wp-content\/uploads\/sites\/2\/2025\/02\/gallo-timber-inmatning.jpg","contentUrl":"https:\/\/gallotimber.se\/en\/wp-content\/uploads\/sites\/2\/2025\/02\/gallo-timber-inmatning.jpg","width":1920,"height":1281},{"@type":"BreadcrumbList","@id":"https:\/\/gallotimber.se\/en\/sawmill\/#breadcrumb","itemListElement":[{"@type":"ListItem","position":1,"name":"Home","item":"https:\/\/gallotimber.se\/en\/"},{"@type":"ListItem","position":2,"name":"Sawmill"}]},{"@type":"WebSite","@id":"https:\/\/gallotimber.se\/en\/#website","url":"https:\/\/gallotimber.se\/en\/","name":"G\u00e4ll\u00f6 Timber","description":"G\u00e4ll\u00f6 sawmill","potentialAction":[{"@type":"SearchAction","target":{"@type":"EntryPoint","urlTemplate":"https:\/\/gallotimber.se\/en\/?s={search_term_string}"},"query-input":{"@type":"PropertyValueSpecification","valueRequired":true,"valueName":"search_term_string"}}],"inLanguage":"en-US"}]}},"_links":{"self":[{"href":"https:\/\/gallotimber.se\/en\/wp-json\/wp\/v2\/pages\/68","targetHints":{"allow":["GET"]}}],"collection":[{"href":"https:\/\/gallotimber.se\/en\/wp-json\/wp\/v2\/pages"}],"about":[{"href":"https:\/\/gallotimber.se\/en\/wp-json\/wp\/v2\/types\/page"}],"author":[{"embeddable":true,"href":"https:\/\/gallotimber.se\/en\/wp-json\/wp\/v2\/users\/1"}],"replies":[{"embeddable":true,"href":"https:\/\/gallotimber.se\/en\/wp-json\/wp\/v2\/comments?post=68"}],"version-history":[{"count":14,"href":"https:\/\/gallotimber.se\/en\/wp-json\/wp\/v2\/pages\/68\/revisions"}],"predecessor-version":[{"id":292,"href":"https:\/\/gallotimber.se\/en\/wp-json\/wp\/v2\/pages\/68\/revisions\/292"}],"wp:attachment":[{"href":"https:\/\/gallotimber.se\/en\/wp-json\/wp\/v2\/media?parent=68"}],"curies":[{"name":"wp","href":"https:\/\/api.w.org\/{rel}","templated":true}]}}