{"id":70,"date":"2023-03-21T10:39:02","date_gmt":"2023-03-21T09:39:02","guid":{"rendered":"http:\/\/gallotimber.internetmedia.se\/en\/?page_id=70"},"modified":"2025-02-25T15:02:32","modified_gmt":"2025-02-25T14:02:32","slug":"our-rawmaterial","status":"publish","type":"page","link":"https:\/\/gallotimber.se\/en\/our-rawmaterial\/","title":{"rendered":"Sustainable forestry"},"content":{"rendered":"<div id=\"pl-70\"  class=\"panel-layout\" ><div id=\"pg-70-0\"  class=\"panel-grid panel-has-style\"  data-cells=\"2\" ><div class=\"im-subpage-hero im-bg-image panel-row-style panel-row-style-for-70-0\" ><div id=\"pgc-70-0-0\"  class=\"panel-grid-cell panel-grid-cell-mobile-last\" ><div id=\"panel-70-0-0-0\" class=\"so-panel widget widget_sow-editor panel-first-child panel-last-child\" data-index=\"0\" ><div\n\t\t\t\n\t\t\tclass=\"so-widget-sow-editor so-widget-sow-editor-base\"\n\t\t\t\n\t\t>\n<div class=\"siteorigin-widget-tinymce textwidget\">\n\t<h1><span>Our responsibility for sustainable forestry<\/span><\/h1>\n<p id=\"tw-target-text\" class=\"tw-data-text tw-text-large tw-ta\" dir=\"ltr\" data-placeholder=\"Translation\"><strong><span class=\"Y2IQFc\">Our environmental work is characterized by a holistic view and is conducted with the goal of achieving continuous improvements, preventing pollution and reducing our environmental impact.<\/span><\/strong><\/p>\n<\/div>\n<\/div><\/div><\/div><div id=\"pgc-70-0-1\"  class=\"panel-grid-cell panel-grid-cell-empty\" ><\/div><\/div><\/div><div id=\"pg-70-1\"  class=\"panel-grid panel-no-style\"  data-cells=\"2\" ><div id=\"pgc-70-1-0\"  class=\"panel-grid-cell\" ><div id=\"panel-70-1-0-0\" class=\"so-panel widget widget_sow-editor panel-first-child panel-last-child\" data-index=\"1\" ><div\n\t\t\t\n\t\t\tclass=\"so-widget-sow-editor so-widget-sow-editor-base\"\n\t\t\t\n\t\t>\n<div class=\"siteorigin-widget-tinymce textwidget\">\n\t<h3><img loading=\"lazy\" decoding=\"async\" class=\"alignnone size-full wp-image-276\" src=\"http:\/\/gallotimber.se\/en\/wp-content\/uploads\/2023\/02\/GT_naturhansyn.jpg\" alt=\"\" width=\"1920\" height=\"1280\" \/><\/h3>\n<h2><span>Nature and environment<\/span><\/h2>\n<p><strong>Environmental responsibility is included as a natural part of the business. Our environmental work is characterized by a holistic view and is conducted with the goal of achieving continuous improvements, preventing pollution and reducing our environmental impact.<\/strong><\/p>\n<p>Our operations are guided by a balance of what is technically possible, economically reasonable and ecologically justified.<\/p>\n<p>Our employees show personal responsibility for the environment in their daily work, comply with applicable environmental laws and current PEFC and FSC\u00ae requirements.<\/p>\n<p>In addition, we follow the development of environmental issues within the industry.<\/p>\n<p><strong>We do not handle raw materials from controversial sources*.<\/strong><br \/>\n<strong>This means raw material from:<\/strong><\/p>\n<ul>\n<li>Illegal logging<\/li>\n<li>Forests where high conservation values are threatened by forestry**<\/li>\n<li>Forests where customary or civil rights are violated<\/li>\n<li>Forests with genetically engineered trees<\/li>\n<li>Natural forests that have been cleared for the purpose of using the area for plantations or non-forest land use<\/li>\n<\/ul>\n<p><em>**In Sweden defined as key biotopes according to the Norwegian Forestry Agency's definition and methodology. Exceptions apply to fellings in key biotopes with the aim of enhancing natural values that have taken place in accordance with the forest protection authority's recommendation.<\/em><\/p>\n<p><em>*If it becomes known that raw materials come from controversial sources, measures are taken immediately to stop this.<\/em><\/p>\n<\/div>\n<\/div><\/div><\/div><div id=\"pgc-70-1-1\"  class=\"panel-grid-cell\" ><div id=\"panel-70-1-1-0\" class=\"so-panel widget widget_sow-editor panel-first-child panel-last-child\" data-index=\"2\" ><div\n\t\t\t\n\t\t\tclass=\"so-widget-sow-editor so-widget-sow-editor-base\"\n\t\t\t\n\t\t>\n<div class=\"siteorigin-widget-tinymce textwidget\">\n\t<h3><img loading=\"lazy\" decoding=\"async\" class=\"alignnone wp-image-293 size-full\" src=\"https:\/\/gallotimber.se\/en\/wp-content\/uploads\/sites\/2\/2025\/02\/gallo-timber-hallbarhet.jpg\" alt=\"\" width=\"1920\" height=\"1281\" srcset=\"https:\/\/gallotimber.se\/en\/wp-content\/uploads\/sites\/2\/2025\/02\/gallo-timber-hallbarhet.jpg 1920w, https:\/\/gallotimber.se\/en\/wp-content\/uploads\/sites\/2\/2025\/02\/gallo-timber-hallbarhet-300x200.jpg 300w, https:\/\/gallotimber.se\/en\/wp-content\/uploads\/sites\/2\/2025\/02\/gallo-timber-hallbarhet-1024x683.jpg 1024w, https:\/\/gallotimber.se\/en\/wp-content\/uploads\/sites\/2\/2025\/02\/gallo-timber-hallbarhet-768x512.jpg 768w, https:\/\/gallotimber.se\/en\/wp-content\/uploads\/sites\/2\/2025\/02\/gallo-timber-hallbarhet-1536x1025.jpg 1536w, https:\/\/gallotimber.se\/en\/wp-content\/uploads\/sites\/2\/2025\/02\/gallo-timber-hallbarhet-272x182.jpg 272w\" sizes=\"auto, (max-width: 1920px) 100vw, 1920px\" \/><\/h3>\n<h2>Social sustainability<\/h2>\n<p><strong>Everyone at the saw is important and we are a safe and equal workplace. For us, the development of people in the workplace is important and therefore an important part of our company policy.<\/strong><\/p>\n<ul>\n<li>G\u00e4ll\u00f6 Timber AB's policy is to do business in accordance with applicable laws and with high business ethics.<\/li>\n<li>The business is conducted in accordance with current practice on the labour market where the provisions of the collective agreement form the basis for agreement with employees.<\/li>\n<li>The company collaborates and conducts work environment evaluations in such a way that a good and safe work environment, both physical and psychosocial, is achieved for all employees.<\/li>\n<li>The company recruits employees with good skills and works for an equal workplace.<\/li>\n<li>Personal development is an important part of the company's personnel policy.<\/li>\n<\/ul>\n<\/div>\n<\/div><\/div><\/div><\/div><div id=\"pg-70-2\"  class=\"panel-grid panel-has-style\"  data-cells=\"1\" ><div class=\"im-bg-grey panel-row-style panel-row-style-for-70-2\" ><div id=\"pgc-70-2-0\"  class=\"panel-grid-cell\" ><div id=\"panel-70-2-0-0\" class=\"so-panel widget widget_sow-editor panel-first-child panel-last-child\" data-index=\"3\" ><div\n\t\t\t\n\t\t\tclass=\"so-widget-sow-editor so-widget-sow-editor-base\"\n\t\t\t\n\t\t>\n<div class=\"siteorigin-widget-tinymce textwidget\">\n\t<h2 style=\"text-align: center;\">Certificates and Documents<\/h2>\n<\/div>\n<\/div><\/div><\/div><\/div><\/div><div id=\"pg-70-3\"  class=\"panel-grid panel-no-style\"  data-cells=\"2\" ><div id=\"pgc-70-3-0\"  class=\"panel-grid-cell\" ><div id=\"panel-70-3-0-0\" class=\"so-panel widget widget_sow-editor panel-first-child panel-last-child\" data-index=\"4\" ><div\n\t\t\t\n\t\t\tclass=\"so-widget-sow-editor so-widget-sow-editor-base\"\n\t\t\t\n\t\t>\n<div class=\"siteorigin-widget-tinymce textwidget\">\n\t<h3>FSC\u00ae<\/h3>\n<p>FSC\u00ae stands for Forest Stewardship Council\u00ae. FSC\u00ae certification is the foundation of a voluntary system that aims to encourage socially beneficial, environmentally friendly and economical use of the world's forests.<\/p>\n<p><strong>In Sweden, FSC\u00ae-certified forestry means, among other things, that:<\/strong><\/p>\n<ul>\n<li style=\"list-style-type: none;\">\n<ul>\n<li style=\"list-style-type: none;\">\n<ul>\n<li>Key biotopes, forest areas that harbor rare plant and animal species, are saved and managed to preserve diversity<\/li>\n<li>FSC\u00ae requires training, safety and occupational safety for the forest workers<\/li>\n<li>The forest is managed so that in the long run it gets more of the qualities of the natural forest. The forest has a significant element of both deciduous trees and dead trees, which is important for many lichens, mosses, birds and insects<\/li>\n<li>Multiple use characterizes the use of the forest, i.e. that wood production, reindeer husbandry, outdoor recreation, hunting, fishing and other uses are carried out with consideration for each other and the environment<\/li>\n<li><strong>Certificate number:<\/strong> 0152099<\/li>\n<li><strong>FSC:<\/strong> SAI-COC-010569<\/li>\n<li><strong>CW:<\/strong> SAI-CW-010569<\/li>\n<li><strong>Logo License Number:<\/strong> FSC-C116182<\/li>\n<\/ul>\n<\/li>\n<\/ul>\n<p>&nbsp;<\/p>\n<\/li>\n<\/ul>\n<div><\/div>\n<div class=\"im-text-button1\"><a href=\"https:\/\/fsc.org\/en\" target=\"_blank\" rel=\"noopener\">FSC\u00ae Website<\/a><\/div>\n<div class=\"im-text-button1\"><a href=\"https:\/\/gallotimber.se\/se\/wp-content\/uploads\/2024\/08\/0152099_ENG_FSC_Ga\u0308llo\u0308_Timber_AB.pdf\" target=\"_blank\" rel=\"noopener\">FSC\u00ae Certificate<\/a><\/div>\n<div><\/div>\n<\/div>\n<\/div><\/div><\/div><div id=\"pgc-70-3-1\"  class=\"panel-grid-cell\" ><div id=\"panel-70-3-1-0\" class=\"so-panel widget widget_sow-editor panel-first-child panel-last-child\" data-index=\"5\" ><div\n\t\t\t\n\t\t\tclass=\"so-widget-sow-editor so-widget-sow-editor-base\"\n\t\t\t\n\t\t>\n<div class=\"siteorigin-widget-tinymce textwidget\">\n\t<h3>PEFC<\/h3>\n<p>PEFC is an abbreviation for \"Programme for the Endorsement of Forest Certification\". The purpose of the PEFC Forest Standard is to develop sustainable forestry that has a good balance between production, environment and social interests.<\/p>\n<p><strong>Why choose PEFC-certified products?<\/strong><\/p>\n<ul>\n<li style=\"list-style-type: none\">\n<ul>\n<li>PEFC supports the use of wood products as a renewable and environmentally friendly material.<\/li>\n<li>PEFC promotes profitable, environmentally friendly and socially responsible forestry.<\/li>\n<li>PEFC guarantees effective control of certified forests.<\/li>\n<li>PEFC is supported by large parts of European forestry and has the potential to become a leading standard.<\/li>\n<\/ul>\n<\/li>\n<\/ul>\n<p>&nbsp;<\/p>\n<div class=\"im-text-button1\"><a href=\"https:\/\/pefc.org\/\" target=\"_blank\" rel=\"noopener\">PEFC Website<\/a><\/div>\n<div class=\"im-text-button1\"><a href=\"https:\/\/gallotimber.se\/en\/wp-content\/uploads\/sites\/2\/2023\/07\/ICSE-PEFC\u2013COC-1701133_ENG_Ga\u0308llo\u0308-Timber-AB.pdf\" target=\"_blank\" rel=\"noopener\">PEFC Certificate<\/a><\/div>\n<p>&nbsp;<\/p>\n<\/div>\n<\/div><\/div><\/div><\/div><div id=\"pg-70-4\"  class=\"panel-grid panel-no-style\"  data-cells=\"2\" ><div id=\"pgc-70-4-0\"  class=\"panel-grid-cell\" ><div id=\"panel-70-4-0-0\" class=\"so-panel widget widget_sow-editor panel-first-child panel-last-child\" data-index=\"6\" ><div\n\t\t\t\n\t\t\tclass=\"so-widget-sow-editor so-widget-sow-editor-base\"\n\t\t\t\n\t\t>\n<div class=\"siteorigin-widget-tinymce textwidget\">\n\t<h3>Commodity Policy<\/h3>\n<p class=\"p1\">G\u00e4ll\u00f6 Timber AB shall as a buyers of forestry products\/raw materials and in its forestry activities, work to ensure that the operations are conducted in such a sustainable way for the environment and for the employees. Download our Commodity Policy below.<\/p>\n<div class=\"im-text-button1\"><a href=\"https:\/\/gallotimber.se\/en\/wp-content\/uploads\/sites\/2\/2024\/03\/gallo-raw-material-policy-march-2024.pdf\" target=\"_blank\" rel=\"noopener\">Download Commodity policy<\/a><\/div>\n<p>&nbsp;<\/p>\n<\/div>\n<\/div><\/div><\/div><div id=\"pgc-70-4-1\"  class=\"panel-grid-cell\" ><div id=\"panel-70-4-1-0\" class=\"so-panel widget widget_sow-editor panel-first-child panel-last-child\" data-index=\"7\" ><div\n\t\t\t\n\t\t\tclass=\"so-widget-sow-editor so-widget-sow-editor-base\"\n\t\t\t\n\t\t>\n<div class=\"siteorigin-widget-tinymce textwidget\">\n\t<h3 id=\"tw-target-text\" class=\"tw-data-text tw-text-large tw-ta\" dir=\"ltr\" data-placeholder=\"Translation\" data-ved=\"2ahUKEwiOkPLs6u2CAxXIPhAIHSH6CEUQ3ewLegQIDhAQ\"><span class=\"Y2IQFc\">Environmental policy<\/span><\/h3>\n<p id=\"tw-target-text\" class=\"tw-data-text tw-text-large tw-ta\" dir=\"ltr\" data-placeholder=\"Translation\" data-ved=\"2ahUKEwiOkPLs6u2CAxXIPhAIHSH6CEUQ3ewLegQIDhAQ\"><span class=\"Y2IQFc\">Environmental responsibility is included as a natural part of our business.<\/span><\/p>\n<div class=\"im-text-button1\"><a href=\"https:\/\/gallotimber.se\/en\/wp-content\/uploads\/sites\/2\/2023\/12\/Miljo\u0308policy-Ga\u0308llo\u0308-Timber-202397.pdf\" target=\"_blank\" rel=\"noopener\">Download Enviromental Policy<\/a><\/div>\n<p>&nbsp;<\/p>\n<\/div>\n<\/div><\/div><\/div><\/div><\/div>","protected":false},"excerpt":{"rendered":"<p>Our responsibility for sustainable forestry Our environmental work is characterized by a holistic view and is conducted with the goal of achieving continuous improvements, preventing pollution and reducing our environmental impact. Nature and environment Environmental responsibility is included as a natural part of the business. Our environmental work is characterized by a holistic view and [&hellip;]<\/p>\n","protected":false},"author":1,"featured_media":0,"parent":0,"menu_order":0,"comment_status":"closed","ping_status":"closed","template":"","meta":{"footnotes":""},"class_list":["post-70","page","type-page","status-publish","hentry"],"yoast_head":"<!-- This site is optimized with the Yoast SEO plugin v27.6 - https:\/\/yoast.com\/product\/yoast-seo-wordpress\/ -->\n<title>Sustainable forestry - G\u00e4ll\u00f6 Timber<\/title>\n<meta name=\"robots\" content=\"index, follow, max-snippet:-1, max-image-preview:large, max-video-preview:-1\" \/>\n<link rel=\"canonical\" href=\"https:\/\/gallotimber.se\/en\/our-rawmaterial\/\" \/>\n<meta property=\"og:locale\" content=\"en_US\" \/>\n<meta property=\"og:type\" content=\"article\" \/>\n<meta property=\"og:title\" content=\"Sustainable forestry - G\u00e4ll\u00f6 Timber\" \/>\n<meta property=\"og:description\" content=\"Our responsibility for sustainable forestry Our environmental work is characterized by a holistic view and is conducted with the goal of achieving continuous improvements, preventing pollution and reducing our environmental impact. Nature and environment Environmental responsibility is included as a natural part of the business. Our environmental work is characterized by a holistic view and [&hellip;]\" \/>\n<meta property=\"og:url\" content=\"https:\/\/gallotimber.se\/en\/our-rawmaterial\/\" \/>\n<meta property=\"og:site_name\" content=\"G\u00e4ll\u00f6 Timber\" \/>\n<meta property=\"article:modified_time\" content=\"2025-02-25T14:02:32+00:00\" \/>\n<meta property=\"og:image\" content=\"http:\/\/gallotimber.se\/en\/wp-content\/uploads\/2023\/02\/GT_naturhansyn.jpg\" \/>\n<meta name=\"twitter:card\" content=\"summary_large_image\" \/>\n<meta name=\"twitter:label1\" content=\"Est. reading time\" \/>\n\t<meta name=\"twitter:data1\" content=\"4 minutes\" \/>\n<script type=\"application\/ld+json\" class=\"yoast-schema-graph\">{\"@context\":\"https:\\\/\\\/schema.org\",\"@graph\":[{\"@type\":\"WebPage\",\"@id\":\"https:\\\/\\\/gallotimber.se\\\/en\\\/our-rawmaterial\\\/\",\"url\":\"https:\\\/\\\/gallotimber.se\\\/en\\\/our-rawmaterial\\\/\",\"name\":\"Sustainable forestry - G\u00e4ll\u00f6 Timber\",\"isPartOf\":{\"@id\":\"https:\\\/\\\/gallotimber.se\\\/en\\\/#website\"},\"primaryImageOfPage\":{\"@id\":\"https:\\\/\\\/gallotimber.se\\\/en\\\/our-rawmaterial\\\/#primaryimage\"},\"image\":{\"@id\":\"https:\\\/\\\/gallotimber.se\\\/en\\\/our-rawmaterial\\\/#primaryimage\"},\"thumbnailUrl\":\"http:\\\/\\\/gallotimber.se\\\/en\\\/wp-content\\\/uploads\\\/2023\\\/02\\\/GT_naturhansyn.jpg\",\"datePublished\":\"2023-03-21T09:39:02+00:00\",\"dateModified\":\"2025-02-25T14:02:32+00:00\",\"breadcrumb\":{\"@id\":\"https:\\\/\\\/gallotimber.se\\\/en\\\/our-rawmaterial\\\/#breadcrumb\"},\"inLanguage\":\"en-US\",\"potentialAction\":[{\"@type\":\"ReadAction\",\"target\":[\"https:\\\/\\\/gallotimber.se\\\/en\\\/our-rawmaterial\\\/\"]}]},{\"@type\":\"ImageObject\",\"inLanguage\":\"en-US\",\"@id\":\"https:\\\/\\\/gallotimber.se\\\/en\\\/our-rawmaterial\\\/#primaryimage\",\"url\":\"http:\\\/\\\/gallotimber.se\\\/en\\\/wp-content\\\/uploads\\\/2023\\\/02\\\/GT_naturhansyn.jpg\",\"contentUrl\":\"http:\\\/\\\/gallotimber.se\\\/en\\\/wp-content\\\/uploads\\\/2023\\\/02\\\/GT_naturhansyn.jpg\"},{\"@type\":\"BreadcrumbList\",\"@id\":\"https:\\\/\\\/gallotimber.se\\\/en\\\/our-rawmaterial\\\/#breadcrumb\",\"itemListElement\":[{\"@type\":\"ListItem\",\"position\":1,\"name\":\"Home\",\"item\":\"https:\\\/\\\/gallotimber.se\\\/en\\\/\"},{\"@type\":\"ListItem\",\"position\":2,\"name\":\"Sustainable forestry\"}]},{\"@type\":\"WebSite\",\"@id\":\"https:\\\/\\\/gallotimber.se\\\/en\\\/#website\",\"url\":\"https:\\\/\\\/gallotimber.se\\\/en\\\/\",\"name\":\"G\u00e4ll\u00f6 Timber\",\"description\":\"G\u00e4ll\u00f6 sawmill\",\"potentialAction\":[{\"@type\":\"SearchAction\",\"target\":{\"@type\":\"EntryPoint\",\"urlTemplate\":\"https:\\\/\\\/gallotimber.se\\\/en\\\/?s={search_term_string}\"},\"query-input\":{\"@type\":\"PropertyValueSpecification\",\"valueRequired\":true,\"valueName\":\"search_term_string\"}}],\"inLanguage\":\"en-US\"}]}<\/script>\n<!-- \/ Yoast SEO plugin. -->","yoast_head_json":{"title":"Sustainable forestry - G\u00e4ll\u00f6 Timber","robots":{"index":"index","follow":"follow","max-snippet":"max-snippet:-1","max-image-preview":"max-image-preview:large","max-video-preview":"max-video-preview:-1"},"canonical":"https:\/\/gallotimber.se\/en\/our-rawmaterial\/","og_locale":"en_US","og_type":"article","og_title":"Sustainable forestry - G\u00e4ll\u00f6 Timber","og_description":"Our responsibility for sustainable forestry Our environmental work is characterized by a holistic view and is conducted with the goal of achieving continuous improvements, preventing pollution and reducing our environmental impact. Nature and environment Environmental responsibility is included as a natural part of the business. Our environmental work is characterized by a holistic view and [&hellip;]","og_url":"https:\/\/gallotimber.se\/en\/our-rawmaterial\/","og_site_name":"G\u00e4ll\u00f6 Timber","article_modified_time":"2025-02-25T14:02:32+00:00","og_image":[{"url":"http:\/\/gallotimber.se\/en\/wp-content\/uploads\/2023\/02\/GT_naturhansyn.jpg","type":"","width":"","height":""}],"twitter_card":"summary_large_image","twitter_misc":{"Est. reading time":"4 minutes"},"schema":{"@context":"https:\/\/schema.org","@graph":[{"@type":"WebPage","@id":"https:\/\/gallotimber.se\/en\/our-rawmaterial\/","url":"https:\/\/gallotimber.se\/en\/our-rawmaterial\/","name":"Sustainable forestry - G\u00e4ll\u00f6 Timber","isPartOf":{"@id":"https:\/\/gallotimber.se\/en\/#website"},"primaryImageOfPage":{"@id":"https:\/\/gallotimber.se\/en\/our-rawmaterial\/#primaryimage"},"image":{"@id":"https:\/\/gallotimber.se\/en\/our-rawmaterial\/#primaryimage"},"thumbnailUrl":"http:\/\/gallotimber.se\/en\/wp-content\/uploads\/2023\/02\/GT_naturhansyn.jpg","datePublished":"2023-03-21T09:39:02+00:00","dateModified":"2025-02-25T14:02:32+00:00","breadcrumb":{"@id":"https:\/\/gallotimber.se\/en\/our-rawmaterial\/#breadcrumb"},"inLanguage":"en-US","potentialAction":[{"@type":"ReadAction","target":["https:\/\/gallotimber.se\/en\/our-rawmaterial\/"]}]},{"@type":"ImageObject","inLanguage":"en-US","@id":"https:\/\/gallotimber.se\/en\/our-rawmaterial\/#primaryimage","url":"http:\/\/gallotimber.se\/en\/wp-content\/uploads\/2023\/02\/GT_naturhansyn.jpg","contentUrl":"http:\/\/gallotimber.se\/en\/wp-content\/uploads\/2023\/02\/GT_naturhansyn.jpg"},{"@type":"BreadcrumbList","@id":"https:\/\/gallotimber.se\/en\/our-rawmaterial\/#breadcrumb","itemListElement":[{"@type":"ListItem","position":1,"name":"Home","item":"https:\/\/gallotimber.se\/en\/"},{"@type":"ListItem","position":2,"name":"Sustainable forestry"}]},{"@type":"WebSite","@id":"https:\/\/gallotimber.se\/en\/#website","url":"https:\/\/gallotimber.se\/en\/","name":"G\u00e4ll\u00f6 Timber","description":"G\u00e4ll\u00f6 sawmill","potentialAction":[{"@type":"SearchAction","target":{"@type":"EntryPoint","urlTemplate":"https:\/\/gallotimber.se\/en\/?s={search_term_string}"},"query-input":{"@type":"PropertyValueSpecification","valueRequired":true,"valueName":"search_term_string"}}],"inLanguage":"en-US"}]}},"_links":{"self":[{"href":"https:\/\/gallotimber.se\/en\/wp-json\/wp\/v2\/pages\/70","targetHints":{"allow":["GET"]}}],"collection":[{"href":"https:\/\/gallotimber.se\/en\/wp-json\/wp\/v2\/pages"}],"about":[{"href":"https:\/\/gallotimber.se\/en\/wp-json\/wp\/v2\/types\/page"}],"author":[{"embeddable":true,"href":"https:\/\/gallotimber.se\/en\/wp-json\/wp\/v2\/users\/1"}],"replies":[{"embeddable":true,"href":"https:\/\/gallotimber.se\/en\/wp-json\/wp\/v2\/comments?post=70"}],"version-history":[{"count":31,"href":"https:\/\/gallotimber.se\/en\/wp-json\/wp\/v2\/pages\/70\/revisions"}],"predecessor-version":[{"id":294,"href":"https:\/\/gallotimber.se\/en\/wp-json\/wp\/v2\/pages\/70\/revisions\/294"}],"wp:attachment":[{"href":"https:\/\/gallotimber.se\/en\/wp-json\/wp\/v2\/media?parent=70"}],"curies":[{"name":"wp","href":"https:\/\/api.w.org\/{rel}","templated":true}]}}