{"id":73,"date":"2023-03-21T10:39:33","date_gmt":"2023-03-21T09:39:33","guid":{"rendered":"http:\/\/gallotimber.internetmedia.se\/en\/?page_id=73"},"modified":"2024-07-03T13:22:13","modified_gmt":"2024-07-03T11:22:13","slug":"raw-material","status":"publish","type":"page","link":"https:\/\/gallotimber.se\/en\/raw-material\/","title":{"rendered":"Raw material"},"content":{"rendered":"<div id=\"pl-73\"  class=\"panel-layout\" ><div id=\"pg-73-0\"  class=\"panel-grid panel-has-style\"  data-cells=\"2\" ><div class=\"im-subpage-hero im-bg-image panel-row-style panel-row-style-for-73-0\" ><div id=\"pgc-73-0-0\"  class=\"panel-grid-cell panel-grid-cell-mobile-last\" ><div id=\"panel-73-0-0-0\" class=\"so-panel widget widget_sow-editor panel-first-child panel-last-child\" data-index=\"0\" ><div\n\t\t\t\n\t\t\tclass=\"so-widget-sow-editor so-widget-sow-editor-base\"\n\t\t\t\n\t\t>\n<div class=\"siteorigin-widget-tinymce textwidget\">\n\t<h1><span>Raw material from Swedish forests<\/span><\/h1>\n<p id=\"tw-target-text\" class=\"tw-data-text tw-text-large tw-ta\" dir=\"ltr\" data-placeholder=\"Translation\"><strong>Spruce is the most common type of wood at the sawmill in G\u00e4ll\u00f6. Now we are also investing in making panel and furniture wood from lodgepole pine.<\/strong><\/p>\n<\/div>\n<\/div><\/div><\/div><div id=\"pgc-73-0-1\"  class=\"panel-grid-cell panel-grid-cell-empty\" ><\/div><\/div><\/div><div id=\"pg-73-1\"  class=\"panel-grid panel-no-style\"  data-cells=\"2\" ><div id=\"pgc-73-1-0\"  class=\"panel-grid-cell\" ><div id=\"panel-73-1-0-0\" class=\"so-panel widget widget_sow-editor panel-first-child panel-last-child\" data-index=\"1\" ><div\n\t\t\t\n\t\t\tclass=\"so-widget-sow-editor so-widget-sow-editor-base\"\n\t\t\t\n\t\t>\n<div class=\"siteorigin-widget-tinymce textwidget\">\n\t<h3><\/h3>\n<p><img loading=\"lazy\" decoding=\"async\" class=\"alignnone size-full wp-image-112\" src=\"http:\/\/gallotimber.internetmedia.se\/en\/wp-content\/uploads\/sites\/2\/2023\/04\/GT_ravaran_eng.jpeg\" alt=\"\" width=\"1920\" height=\"1280\" srcset=\"https:\/\/gallotimber.se\/en\/wp-content\/uploads\/sites\/2\/2023\/04\/GT_ravaran_eng.jpeg 1920w, https:\/\/gallotimber.se\/en\/wp-content\/uploads\/sites\/2\/2023\/04\/GT_ravaran_eng-300x200.jpeg 300w, https:\/\/gallotimber.se\/en\/wp-content\/uploads\/sites\/2\/2023\/04\/GT_ravaran_eng-1024x683.jpeg 1024w, https:\/\/gallotimber.se\/en\/wp-content\/uploads\/sites\/2\/2023\/04\/GT_ravaran_eng-768x512.jpeg 768w, https:\/\/gallotimber.se\/en\/wp-content\/uploads\/sites\/2\/2023\/04\/GT_ravaran_eng-1536x1024.jpeg 1536w, https:\/\/gallotimber.se\/en\/wp-content\/uploads\/sites\/2\/2023\/04\/GT_ravaran_eng-272x182.jpeg 272w\" sizes=\"auto, (max-width: 1920px) 100vw, 1920px\" \/><\/p>\n<h2>Spruce and lodgepole pine are sawed in G\u00e4ll\u00f6<\/h2>\n<p><strong>Spruce<\/strong> \u2013 By far the most common type of wood sawn at G\u00e4ll\u00f6 Timber. It's primarily used as building- and construction timber, but the end product can also be panels, furniture, gluelam or packaging.<\/p>\n<p><strong>Lodgepole Pine<\/strong> - Is more fast-growing than pine and therefore quickly became popular when it began to be planted on a larger scale in southern parts of northern Sweden during the 1970s. This means that there will now be a period where it must be cleared and used. Traditionally, lodgepole pine has been used by the wood pulp industry, but at G\u00e4ll\u00f6 Timber we have specialized in extracting sawn raw materials from the lodgepole pine.<br \/>\n&nbsp;<\/p>\n<div class=\"im-text-button1\" style=\"text-align: left;\"><a href=\"https:\/\/gallotimber.se\/en\/lodgepole-pine\/\">Read more<\/a><\/div>\n<\/div>\n<\/div><\/div><\/div><div id=\"pgc-73-1-1\"  class=\"panel-grid-cell\" ><div id=\"panel-73-1-1-0\" class=\"so-panel widget widget_sow-editor panel-first-child panel-last-child\" data-index=\"2\" ><div\n\t\t\t\n\t\t\tclass=\"so-widget-sow-editor so-widget-sow-editor-base\"\n\t\t\t\n\t\t>\n<div class=\"siteorigin-widget-tinymce textwidget\">\n\t<h3><\/h3>\n<p><img loading=\"lazy\" decoding=\"async\" class=\"alignnone size-full wp-image-113\" src=\"http:\/\/gallotimber.internetmedia.se\/en\/wp-content\/uploads\/sites\/2\/2023\/04\/GT_gelfa_eng.jpeg\" alt=\"\" width=\"1920\" height=\"1280\" srcset=\"https:\/\/gallotimber.se\/en\/wp-content\/uploads\/sites\/2\/2023\/04\/GT_gelfa_eng.jpeg 1920w, https:\/\/gallotimber.se\/en\/wp-content\/uploads\/sites\/2\/2023\/04\/GT_gelfa_eng-300x200.jpeg 300w, https:\/\/gallotimber.se\/en\/wp-content\/uploads\/sites\/2\/2023\/04\/GT_gelfa_eng-1024x683.jpeg 1024w, https:\/\/gallotimber.se\/en\/wp-content\/uploads\/sites\/2\/2023\/04\/GT_gelfa_eng-768x512.jpeg 768w, https:\/\/gallotimber.se\/en\/wp-content\/uploads\/sites\/2\/2023\/04\/GT_gelfa_eng-1536x1024.jpeg 1536w, https:\/\/gallotimber.se\/en\/wp-content\/uploads\/sites\/2\/2023\/04\/GT_gelfa_eng-272x182.jpeg 272w\" sizes=\"auto, (max-width: 1920px) 100vw, 1920px\" \/><\/p>\n<h2>G\u00e4ll\u00f6 Component Factory \u2013 Gives more out of the log<\/h2>\n<p>In addition to the sawmill in G\u00e4ll\u00f6, we also since 2019 run our own further processing unit, G\u00e4ll\u00f6 Component Factory. Here, since 2019, we have cut our own sawn timber with a focus on packaging and pallet production centers. We exact cut and package the boards so that the disposable pallets can be produced efficiently according to the customers' wishes.<\/p>\n<p>During the past year, we have also started planing some raw material and can therefore offer an even wider product range. Thanks to this type of innovation, we also create more jobs, while continuing to develop international collaborations.<\/p>\n<\/div>\n<\/div><\/div><\/div><\/div><\/div>","protected":false},"excerpt":{"rendered":"<p>Raw material from Swedish forests Spruce is the most common type of wood at the sawmill in G\u00e4ll\u00f6. Now we are also investing in making panel and furniture wood from lodgepole pine. Spruce and lodgepole pine are sawed in G\u00e4ll\u00f6 Spruce \u2013 By far the most common type of wood sawn at G\u00e4ll\u00f6 Timber. It&#8217;s [&hellip;]<\/p>\n","protected":false},"author":1,"featured_media":0,"parent":0,"menu_order":0,"comment_status":"closed","ping_status":"closed","template":"","meta":{"footnotes":""},"class_list":["post-73","page","type-page","status-publish","hentry"],"yoast_head":"<!-- This site is optimized with the Yoast SEO plugin v27.3 - https:\/\/yoast.com\/product\/yoast-seo-wordpress\/ -->\n<title>Raw material - G\u00e4ll\u00f6 Timber<\/title>\n<meta name=\"robots\" content=\"index, follow, max-snippet:-1, max-image-preview:large, max-video-preview:-1\" \/>\n<link rel=\"canonical\" href=\"https:\/\/gallotimber.se\/en\/raw-material\/\" \/>\n<meta property=\"og:locale\" content=\"en_US\" \/>\n<meta property=\"og:type\" content=\"article\" \/>\n<meta property=\"og:title\" content=\"Raw material - G\u00e4ll\u00f6 Timber\" \/>\n<meta property=\"og:description\" content=\"Raw material from Swedish forests Spruce is the most common type of wood at the sawmill in G\u00e4ll\u00f6. Now we are also investing in making panel and furniture wood from lodgepole pine. Spruce and lodgepole pine are sawed in G\u00e4ll\u00f6 Spruce \u2013 By far the most common type of wood sawn at G\u00e4ll\u00f6 Timber. It&#039;s [&hellip;]\" \/>\n<meta property=\"og:url\" content=\"https:\/\/gallotimber.se\/en\/raw-material\/\" \/>\n<meta property=\"og:site_name\" content=\"G\u00e4ll\u00f6 Timber\" \/>\n<meta property=\"article:modified_time\" content=\"2024-07-03T11:22:13+00:00\" \/>\n<meta property=\"og:image\" content=\"http:\/\/gallotimber.internetmedia.se\/en\/wp-content\/uploads\/sites\/2\/2023\/04\/GT_ravaran_eng.jpeg\" \/>\n<meta name=\"twitter:card\" content=\"summary_large_image\" \/>\n<meta name=\"twitter:label1\" content=\"Est. reading time\" \/>\n\t<meta name=\"twitter:data1\" content=\"2 minutes\" \/>\n<script type=\"application\/ld+json\" class=\"yoast-schema-graph\">{\"@context\":\"https:\\\/\\\/schema.org\",\"@graph\":[{\"@type\":\"WebPage\",\"@id\":\"https:\\\/\\\/gallotimber.se\\\/en\\\/raw-material\\\/\",\"url\":\"https:\\\/\\\/gallotimber.se\\\/en\\\/raw-material\\\/\",\"name\":\"Raw material - G\u00e4ll\u00f6 Timber\",\"isPartOf\":{\"@id\":\"https:\\\/\\\/gallotimber.se\\\/en\\\/#website\"},\"primaryImageOfPage\":{\"@id\":\"https:\\\/\\\/gallotimber.se\\\/en\\\/raw-material\\\/#primaryimage\"},\"image\":{\"@id\":\"https:\\\/\\\/gallotimber.se\\\/en\\\/raw-material\\\/#primaryimage\"},\"thumbnailUrl\":\"http:\\\/\\\/gallotimber.internetmedia.se\\\/en\\\/wp-content\\\/uploads\\\/sites\\\/2\\\/2023\\\/04\\\/GT_ravaran_eng.jpeg\",\"datePublished\":\"2023-03-21T09:39:33+00:00\",\"dateModified\":\"2024-07-03T11:22:13+00:00\",\"breadcrumb\":{\"@id\":\"https:\\\/\\\/gallotimber.se\\\/en\\\/raw-material\\\/#breadcrumb\"},\"inLanguage\":\"en-US\",\"potentialAction\":[{\"@type\":\"ReadAction\",\"target\":[\"https:\\\/\\\/gallotimber.se\\\/en\\\/raw-material\\\/\"]}]},{\"@type\":\"ImageObject\",\"inLanguage\":\"en-US\",\"@id\":\"https:\\\/\\\/gallotimber.se\\\/en\\\/raw-material\\\/#primaryimage\",\"url\":\"http:\\\/\\\/gallotimber.internetmedia.se\\\/en\\\/wp-content\\\/uploads\\\/sites\\\/2\\\/2023\\\/04\\\/GT_ravaran_eng.jpeg\",\"contentUrl\":\"http:\\\/\\\/gallotimber.internetmedia.se\\\/en\\\/wp-content\\\/uploads\\\/sites\\\/2\\\/2023\\\/04\\\/GT_ravaran_eng.jpeg\"},{\"@type\":\"BreadcrumbList\",\"@id\":\"https:\\\/\\\/gallotimber.se\\\/en\\\/raw-material\\\/#breadcrumb\",\"itemListElement\":[{\"@type\":\"ListItem\",\"position\":1,\"name\":\"Home\",\"item\":\"https:\\\/\\\/gallotimber.se\\\/en\\\/\"},{\"@type\":\"ListItem\",\"position\":2,\"name\":\"Raw material\"}]},{\"@type\":\"WebSite\",\"@id\":\"https:\\\/\\\/gallotimber.se\\\/en\\\/#website\",\"url\":\"https:\\\/\\\/gallotimber.se\\\/en\\\/\",\"name\":\"G\u00e4ll\u00f6 Timber\",\"description\":\"G\u00e4ll\u00f6 sawmill\",\"potentialAction\":[{\"@type\":\"SearchAction\",\"target\":{\"@type\":\"EntryPoint\",\"urlTemplate\":\"https:\\\/\\\/gallotimber.se\\\/en\\\/?s={search_term_string}\"},\"query-input\":{\"@type\":\"PropertyValueSpecification\",\"valueRequired\":true,\"valueName\":\"search_term_string\"}}],\"inLanguage\":\"en-US\"}]}<\/script>\n<!-- \/ Yoast SEO plugin. -->","yoast_head_json":{"title":"Raw material - G\u00e4ll\u00f6 Timber","robots":{"index":"index","follow":"follow","max-snippet":"max-snippet:-1","max-image-preview":"max-image-preview:large","max-video-preview":"max-video-preview:-1"},"canonical":"https:\/\/gallotimber.se\/en\/raw-material\/","og_locale":"en_US","og_type":"article","og_title":"Raw material - G\u00e4ll\u00f6 Timber","og_description":"Raw material from Swedish forests Spruce is the most common type of wood at the sawmill in G\u00e4ll\u00f6. Now we are also investing in making panel and furniture wood from lodgepole pine. Spruce and lodgepole pine are sawed in G\u00e4ll\u00f6 Spruce \u2013 By far the most common type of wood sawn at G\u00e4ll\u00f6 Timber. It's [&hellip;]","og_url":"https:\/\/gallotimber.se\/en\/raw-material\/","og_site_name":"G\u00e4ll\u00f6 Timber","article_modified_time":"2024-07-03T11:22:13+00:00","og_image":[{"url":"http:\/\/gallotimber.internetmedia.se\/en\/wp-content\/uploads\/sites\/2\/2023\/04\/GT_ravaran_eng.jpeg","type":"","width":"","height":""}],"twitter_card":"summary_large_image","twitter_misc":{"Est. reading time":"2 minutes"},"schema":{"@context":"https:\/\/schema.org","@graph":[{"@type":"WebPage","@id":"https:\/\/gallotimber.se\/en\/raw-material\/","url":"https:\/\/gallotimber.se\/en\/raw-material\/","name":"Raw material - G\u00e4ll\u00f6 Timber","isPartOf":{"@id":"https:\/\/gallotimber.se\/en\/#website"},"primaryImageOfPage":{"@id":"https:\/\/gallotimber.se\/en\/raw-material\/#primaryimage"},"image":{"@id":"https:\/\/gallotimber.se\/en\/raw-material\/#primaryimage"},"thumbnailUrl":"http:\/\/gallotimber.internetmedia.se\/en\/wp-content\/uploads\/sites\/2\/2023\/04\/GT_ravaran_eng.jpeg","datePublished":"2023-03-21T09:39:33+00:00","dateModified":"2024-07-03T11:22:13+00:00","breadcrumb":{"@id":"https:\/\/gallotimber.se\/en\/raw-material\/#breadcrumb"},"inLanguage":"en-US","potentialAction":[{"@type":"ReadAction","target":["https:\/\/gallotimber.se\/en\/raw-material\/"]}]},{"@type":"ImageObject","inLanguage":"en-US","@id":"https:\/\/gallotimber.se\/en\/raw-material\/#primaryimage","url":"http:\/\/gallotimber.internetmedia.se\/en\/wp-content\/uploads\/sites\/2\/2023\/04\/GT_ravaran_eng.jpeg","contentUrl":"http:\/\/gallotimber.internetmedia.se\/en\/wp-content\/uploads\/sites\/2\/2023\/04\/GT_ravaran_eng.jpeg"},{"@type":"BreadcrumbList","@id":"https:\/\/gallotimber.se\/en\/raw-material\/#breadcrumb","itemListElement":[{"@type":"ListItem","position":1,"name":"Home","item":"https:\/\/gallotimber.se\/en\/"},{"@type":"ListItem","position":2,"name":"Raw material"}]},{"@type":"WebSite","@id":"https:\/\/gallotimber.se\/en\/#website","url":"https:\/\/gallotimber.se\/en\/","name":"G\u00e4ll\u00f6 Timber","description":"G\u00e4ll\u00f6 sawmill","potentialAction":[{"@type":"SearchAction","target":{"@type":"EntryPoint","urlTemplate":"https:\/\/gallotimber.se\/en\/?s={search_term_string}"},"query-input":{"@type":"PropertyValueSpecification","valueRequired":true,"valueName":"search_term_string"}}],"inLanguage":"en-US"}]}},"_links":{"self":[{"href":"https:\/\/gallotimber.se\/en\/wp-json\/wp\/v2\/pages\/73","targetHints":{"allow":["GET"]}}],"collection":[{"href":"https:\/\/gallotimber.se\/en\/wp-json\/wp\/v2\/pages"}],"about":[{"href":"https:\/\/gallotimber.se\/en\/wp-json\/wp\/v2\/types\/page"}],"author":[{"embeddable":true,"href":"https:\/\/gallotimber.se\/en\/wp-json\/wp\/v2\/users\/1"}],"replies":[{"embeddable":true,"href":"https:\/\/gallotimber.se\/en\/wp-json\/wp\/v2\/comments?post=73"}],"version-history":[{"count":17,"href":"https:\/\/gallotimber.se\/en\/wp-json\/wp\/v2\/pages\/73\/revisions"}],"predecessor-version":[{"id":284,"href":"https:\/\/gallotimber.se\/en\/wp-json\/wp\/v2\/pages\/73\/revisions\/284"}],"wp:attachment":[{"href":"https:\/\/gallotimber.se\/en\/wp-json\/wp\/v2\/media?parent=73"}],"curies":[{"name":"wp","href":"https:\/\/api.w.org\/{rel}","templated":true}]}}