{"id":13,"date":"2023-01-16T09:49:57","date_gmt":"2023-01-16T09:49:57","guid":{"rendered":"http:\/\/gallotimber.internetmedia.se\/?page_id=13"},"modified":"2023-11-29T12:41:51","modified_gmt":"2023-11-29T12:41:51","slug":"om-oss","status":"publish","type":"page","link":"https:\/\/gallotimber.se\/se\/om-oss\/","title":{"rendered":"Om oss"},"content":{"rendered":"<div id=\"pl-13\"  class=\"panel-layout\" ><div id=\"pg-13-0\"  class=\"panel-grid panel-has-style\"  data-cells=\"2\" ><div class=\"im-subpage-hero im-bg-image panel-row-style panel-row-style-for-13-0\" ><div id=\"pgc-13-0-0\"  class=\"panel-grid-cell panel-grid-cell-mobile-last\" ><div id=\"panel-13-0-0-0\" class=\"so-panel widget widget_sow-editor panel-first-child panel-last-child\" data-index=\"0\" ><div\n\t\t\t\n\t\t\tclass=\"so-widget-sow-editor so-widget-sow-editor-base\"\n\t\t\t\n\t\t>\n<div class=\"siteorigin-widget-tinymce textwidget\">\n\t<h1><span>Om G\u00e4ll\u00f6 Timber<\/span><\/h1>\n<p><strong>Vi har rutin och gedigen kunskap, f\u00f6r vi har funnits l\u00e4nge. Redan 1879 etablerades s\u00e5gen p\u00e5 \u00d6hn, och h\u00e4r s\u00e5gar vi fortfarande.<\/strong><\/p>\n<\/div>\n<\/div><\/div><\/div><div id=\"pgc-13-0-1\"  class=\"panel-grid-cell panel-grid-cell-empty\" ><\/div><\/div><\/div><div id=\"pg-13-1\"  class=\"panel-grid panel-no-style\"  data-cells=\"2\" ><div id=\"pgc-13-1-0\"  class=\"panel-grid-cell\" ><div id=\"panel-13-1-0-0\" class=\"so-panel widget widget_sow-editor panel-first-child panel-last-child\" data-index=\"1\" ><div\n\t\t\t\n\t\t\tclass=\"so-widget-sow-editor so-widget-sow-editor-base\"\n\t\t\t\n\t\t>\n<div class=\"siteorigin-widget-tinymce textwidget\">\n\t<p>G\u00e4ll\u00f6 Timber bedriver ink\u00f6p och f\u00f6rs\u00e4ljning av skogsr\u00e5vara samt producerar s\u00e5gad tr\u00e4vara. K\u00e4rnan i verksamheten \u00e4r v\u00e5rt s\u00e5gverk bel\u00e4get p\u00e5 \u00d6hn i G\u00e4ll\u00f6. Orten ligger mitt i J\u00e4mtland, ungef\u00e4r fyra mil s\u00f6der om \u00d6stersund. Vi \u00e4r idag det st\u00f6rsta s\u00e5gverket i J\u00e4mtland, m\u00e4tt i producerad volym, och ett av de st\u00f6rsta i Norrland. I Br\u00e4cke Kommun \u00e4r vi ocks\u00e5 den st\u00f6rsta privata arbetsgivaren med v\u00e5ra drygt 130 medarbetare.<\/p>\n<p>G\u00e4ll\u00f6 Timber AB har funnits sedan 2010 och \u00e4gs idag av\u00a0<a href=\"https:\/\/www.sca.com\/sv\/\" target=\"_blank\" rel=\"noopener\">SCA<\/a>. V\u00e5r historik str\u00e4cker sig dock mycket l\u00e4ngre \u00e4n s\u00e5. G\u00e4ll\u00f6 \u00c5ngs\u00e5g startade p\u00e5 \u00d6hn, som d\u00e5 faktiskt var en \u00f6, utanf\u00f6r G\u00e4ll\u00f6 redan 1879. Sedan dess har naturligtvis mycket h\u00e4nt, och tack vare kontinuerlig utveckling har vi lyckats forts\u00e4tta verka i snart 150 \u00e5r. Trots att v\u00e5rt s\u00e5gverk inte kan dra f\u00f6rdel av att ligga kustn\u00e4ra.<\/p>\n<p>Vi producerar idag cirka 360\u00a0000 kubikmeter s\u00e5gad vara varje \u00e5r. V\u00e5ra kunder finns framf\u00f6r allt i Sverige och Norge, men en hel del exporteras ocks\u00e5 till Europa, norra Afrika och Kina. G\u00e4ll\u00f6 Timber har blivit k\u00e4nda f\u00f6r att leverera god kvalitet i tid och v\u00e5r m\u00e5ng\u00e5riga n\u00e4rvaro i branschen har dessutom inneburit l\u00e5ngsiktiga och n\u00e4ra relationer till v\u00e5ra kunder. Mycket tack vare v\u00e5r f\u00f6rm\u00e5ga till anpassning av kvaliteter och kvantiteter utifr\u00e5n deras behov.<\/p>\n<\/div>\n<\/div><\/div><\/div><div id=\"pgc-13-1-1\"  class=\"panel-grid-cell\" ><div id=\"panel-13-1-1-0\" class=\"so-panel widget widget_sow-image panel-first-child panel-last-child\" data-index=\"2\" ><div\n\t\t\t\n\t\t\tclass=\"so-widget-sow-image so-widget-sow-image-default-8b5b6f678277-13\"\n\t\t\t\n\t\t>\n<div class=\"sow-image-container\">\n\t\t<img \n\tsrc=\"https:\/\/gallotimber.se\/se\/wp-content\/uploads\/2023\/02\/GT_historia.jpg\" width=\"1920\" height=\"1370\" srcset=\"https:\/\/gallotimber.se\/se\/wp-content\/uploads\/2023\/02\/GT_historia.jpg 1920w, https:\/\/gallotimber.se\/se\/wp-content\/uploads\/2023\/02\/GT_historia-300x214.jpg 300w, https:\/\/gallotimber.se\/se\/wp-content\/uploads\/2023\/02\/GT_historia-1024x731.jpg 1024w, https:\/\/gallotimber.se\/se\/wp-content\/uploads\/2023\/02\/GT_historia-768x548.jpg 768w, https:\/\/gallotimber.se\/se\/wp-content\/uploads\/2023\/02\/GT_historia-1536x1096.jpg 1536w\" sizes=\"(max-width: 1920px) 100vw, 1920px\" alt=\"\" \t\tclass=\"so-widget-image\"\/>\n\t<\/div>\n\n<\/div><\/div><\/div><\/div><\/div>","protected":false},"excerpt":{"rendered":"<p>Om G\u00e4ll\u00f6 Timber Vi har rutin och gedigen kunskap, f\u00f6r vi har funnits l\u00e4nge. Redan 1879 etablerades s\u00e5gen p\u00e5 \u00d6hn, och h\u00e4r s\u00e5gar vi fortfarande. G\u00e4ll\u00f6 Timber bedriver ink\u00f6p och f\u00f6rs\u00e4ljning av skogsr\u00e5vara samt producerar s\u00e5gad tr\u00e4vara. K\u00e4rnan i verksamheten \u00e4r v\u00e5rt s\u00e5gverk bel\u00e4get p\u00e5 \u00d6hn i G\u00e4ll\u00f6. Orten ligger mitt i J\u00e4mtland, ungef\u00e4r fyra [&hellip;]<\/p>\n","protected":false},"author":1,"featured_media":0,"parent":0,"menu_order":0,"comment_status":"closed","ping_status":"closed","template":"","meta":{"footnotes":""},"class_list":["post-13","page","type-page","status-publish","hentry"],"yoast_head":"<!-- This site is optimized with the Yoast SEO plugin v27.4 - https:\/\/yoast.com\/product\/yoast-seo-wordpress\/ -->\n<title>Om oss - G\u00e4ll\u00f6 Timber<\/title>\n<meta name=\"robots\" content=\"index, follow, max-snippet:-1, max-image-preview:large, max-video-preview:-1\" \/>\n<link rel=\"canonical\" href=\"https:\/\/gallotimber.se\/se\/om-oss\/\" \/>\n<meta property=\"og:locale\" content=\"sv_SE\" \/>\n<meta property=\"og:type\" content=\"article\" \/>\n<meta property=\"og:title\" content=\"Om oss - G\u00e4ll\u00f6 Timber\" \/>\n<meta property=\"og:description\" content=\"Om G\u00e4ll\u00f6 Timber Vi har rutin och gedigen kunskap, f\u00f6r vi har funnits l\u00e4nge. Redan 1879 etablerades s\u00e5gen p\u00e5 \u00d6hn, och h\u00e4r s\u00e5gar vi fortfarande. G\u00e4ll\u00f6 Timber bedriver ink\u00f6p och f\u00f6rs\u00e4ljning av skogsr\u00e5vara samt producerar s\u00e5gad tr\u00e4vara. K\u00e4rnan i verksamheten \u00e4r v\u00e5rt s\u00e5gverk bel\u00e4get p\u00e5 \u00d6hn i G\u00e4ll\u00f6. Orten ligger mitt i J\u00e4mtland, ungef\u00e4r fyra [&hellip;]\" \/>\n<meta property=\"og:url\" content=\"https:\/\/gallotimber.se\/se\/om-oss\/\" \/>\n<meta property=\"og:site_name\" content=\"G\u00e4ll\u00f6 Timber\" \/>\n<meta property=\"article:modified_time\" content=\"2023-11-29T12:41:51+00:00\" \/>\n<meta name=\"twitter:card\" content=\"summary_large_image\" \/>\n<meta name=\"twitter:label1\" content=\"Ber\u00e4knad l\u00e4stid\" \/>\n\t<meta name=\"twitter:data1\" content=\"2 minuter\" \/>\n<script type=\"application\/ld+json\" class=\"yoast-schema-graph\">{\"@context\":\"https:\\\/\\\/schema.org\",\"@graph\":[{\"@type\":\"WebPage\",\"@id\":\"https:\\\/\\\/gallotimber.se\\\/se\\\/om-oss\\\/\",\"url\":\"https:\\\/\\\/gallotimber.se\\\/se\\\/om-oss\\\/\",\"name\":\"Om oss - G\u00e4ll\u00f6 Timber\",\"isPartOf\":{\"@id\":\"https:\\\/\\\/gallotimber.se\\\/se\\\/#website\"},\"datePublished\":\"2023-01-16T09:49:57+00:00\",\"dateModified\":\"2023-11-29T12:41:51+00:00\",\"breadcrumb\":{\"@id\":\"https:\\\/\\\/gallotimber.se\\\/se\\\/om-oss\\\/#breadcrumb\"},\"inLanguage\":\"sv-SE\",\"potentialAction\":[{\"@type\":\"ReadAction\",\"target\":[\"https:\\\/\\\/gallotimber.se\\\/se\\\/om-oss\\\/\"]}]},{\"@type\":\"BreadcrumbList\",\"@id\":\"https:\\\/\\\/gallotimber.se\\\/se\\\/om-oss\\\/#breadcrumb\",\"itemListElement\":[{\"@type\":\"ListItem\",\"position\":1,\"name\":\"Hem\",\"item\":\"https:\\\/\\\/gallotimber.se\\\/se\\\/\"},{\"@type\":\"ListItem\",\"position\":2,\"name\":\"Om oss\"}]},{\"@type\":\"WebSite\",\"@id\":\"https:\\\/\\\/gallotimber.se\\\/se\\\/#website\",\"url\":\"https:\\\/\\\/gallotimber.se\\\/se\\\/\",\"name\":\"G\u00e4ll\u00f6 Timber\",\"description\":\"G\u00e4ll\u00f6 Timber s\u00e5gverk\",\"potentialAction\":[{\"@type\":\"SearchAction\",\"target\":{\"@type\":\"EntryPoint\",\"urlTemplate\":\"https:\\\/\\\/gallotimber.se\\\/se\\\/?s={search_term_string}\"},\"query-input\":{\"@type\":\"PropertyValueSpecification\",\"valueRequired\":true,\"valueName\":\"search_term_string\"}}],\"inLanguage\":\"sv-SE\"}]}<\/script>\n<!-- \/ Yoast SEO plugin. -->","yoast_head_json":{"title":"Om oss - G\u00e4ll\u00f6 Timber","robots":{"index":"index","follow":"follow","max-snippet":"max-snippet:-1","max-image-preview":"max-image-preview:large","max-video-preview":"max-video-preview:-1"},"canonical":"https:\/\/gallotimber.se\/se\/om-oss\/","og_locale":"sv_SE","og_type":"article","og_title":"Om oss - G\u00e4ll\u00f6 Timber","og_description":"Om G\u00e4ll\u00f6 Timber Vi har rutin och gedigen kunskap, f\u00f6r vi har funnits l\u00e4nge. Redan 1879 etablerades s\u00e5gen p\u00e5 \u00d6hn, och h\u00e4r s\u00e5gar vi fortfarande. G\u00e4ll\u00f6 Timber bedriver ink\u00f6p och f\u00f6rs\u00e4ljning av skogsr\u00e5vara samt producerar s\u00e5gad tr\u00e4vara. K\u00e4rnan i verksamheten \u00e4r v\u00e5rt s\u00e5gverk bel\u00e4get p\u00e5 \u00d6hn i G\u00e4ll\u00f6. Orten ligger mitt i J\u00e4mtland, ungef\u00e4r fyra [&hellip;]","og_url":"https:\/\/gallotimber.se\/se\/om-oss\/","og_site_name":"G\u00e4ll\u00f6 Timber","article_modified_time":"2023-11-29T12:41:51+00:00","twitter_card":"summary_large_image","twitter_misc":{"Ber\u00e4knad l\u00e4stid":"2 minuter"},"schema":{"@context":"https:\/\/schema.org","@graph":[{"@type":"WebPage","@id":"https:\/\/gallotimber.se\/se\/om-oss\/","url":"https:\/\/gallotimber.se\/se\/om-oss\/","name":"Om oss - G\u00e4ll\u00f6 Timber","isPartOf":{"@id":"https:\/\/gallotimber.se\/se\/#website"},"datePublished":"2023-01-16T09:49:57+00:00","dateModified":"2023-11-29T12:41:51+00:00","breadcrumb":{"@id":"https:\/\/gallotimber.se\/se\/om-oss\/#breadcrumb"},"inLanguage":"sv-SE","potentialAction":[{"@type":"ReadAction","target":["https:\/\/gallotimber.se\/se\/om-oss\/"]}]},{"@type":"BreadcrumbList","@id":"https:\/\/gallotimber.se\/se\/om-oss\/#breadcrumb","itemListElement":[{"@type":"ListItem","position":1,"name":"Hem","item":"https:\/\/gallotimber.se\/se\/"},{"@type":"ListItem","position":2,"name":"Om oss"}]},{"@type":"WebSite","@id":"https:\/\/gallotimber.se\/se\/#website","url":"https:\/\/gallotimber.se\/se\/","name":"G\u00e4ll\u00f6 Timber","description":"G\u00e4ll\u00f6 Timber s\u00e5gverk","potentialAction":[{"@type":"SearchAction","target":{"@type":"EntryPoint","urlTemplate":"https:\/\/gallotimber.se\/se\/?s={search_term_string}"},"query-input":{"@type":"PropertyValueSpecification","valueRequired":true,"valueName":"search_term_string"}}],"inLanguage":"sv-SE"}]}},"_links":{"self":[{"href":"https:\/\/gallotimber.se\/se\/wp-json\/wp\/v2\/pages\/13","targetHints":{"allow":["GET"]}}],"collection":[{"href":"https:\/\/gallotimber.se\/se\/wp-json\/wp\/v2\/pages"}],"about":[{"href":"https:\/\/gallotimber.se\/se\/wp-json\/wp\/v2\/types\/page"}],"author":[{"embeddable":true,"href":"https:\/\/gallotimber.se\/se\/wp-json\/wp\/v2\/users\/1"}],"replies":[{"embeddable":true,"href":"https:\/\/gallotimber.se\/se\/wp-json\/wp\/v2\/comments?post=13"}],"version-history":[{"count":25,"href":"https:\/\/gallotimber.se\/se\/wp-json\/wp\/v2\/pages\/13\/revisions"}],"predecessor-version":[{"id":439,"href":"https:\/\/gallotimber.se\/se\/wp-json\/wp\/v2\/pages\/13\/revisions\/439"}],"wp:attachment":[{"href":"https:\/\/gallotimber.se\/se\/wp-json\/wp\/v2\/media?parent=13"}],"curies":[{"name":"wp","href":"https:\/\/api.w.org\/{rel}","templated":true}]}}