{"id":135,"date":"2023-01-16T15:26:03","date_gmt":"2023-01-16T15:26:03","guid":{"rendered":"http:\/\/gallotimber.internetmedia.se\/?page_id=135"},"modified":"2024-06-25T14:36:36","modified_gmt":"2024-06-25T14:36:36","slug":"kontakta-oss","status":"publish","type":"page","link":"https:\/\/gallotimber.se\/se\/kontakta-oss\/","title":{"rendered":"Kontakta oss"},"content":{"rendered":"<div id=\"pl-135\"  class=\"panel-layout\" ><div id=\"pg-135-0\"  class=\"panel-grid panel-has-style\"  data-cells=\"2\" ><div class=\"im-subpage-hero im-bg-blue panel-row-style panel-row-style-for-135-0\" ><div id=\"pgc-135-0-0\"  class=\"panel-grid-cell panel-grid-cell-mobile-last\" ><div id=\"panel-135-0-0-0\" class=\"so-panel widget widget_sow-editor panel-first-child panel-last-child\" data-index=\"0\" ><div\n\t\t\t\n\t\t\tclass=\"so-widget-sow-editor so-widget-sow-editor-base\"\n\t\t\t\n\t\t>\n<div class=\"siteorigin-widget-tinymce textwidget\">\n\t<h1>Kontakta oss<\/h1>\n<p><strong>Vi har nya faktureringsuppgifter:<\/strong><\/p>\n<p><span><strong>G\u00e4ll\u00f6 Timber AB<\/strong><br \/>\n<\/span><span>INX9119-001<br \/>\n<\/span><span>831 90 \u00d6stersund<\/span><\/p>\n<p><span><strong>PDF-faktura:\u00a0<\/strong><a href=\"mailto:faktura.5568011786@sca.com\" target=\"_blank\" rel=\"noopener noreferrer\" data-auth=\"NotApplicable\" data-safelink=\"true\" data-linkindex=\"0\">faktura.5568011786@sca.com<\/a><br \/>\n<\/span><strong>e-faktura:<\/strong> GLN 7381010017022<\/p>\n<p><span>VAN-partner \u00e4r InExchange. H\u00e4r f\u00e5r du veta mer om att skicka e-faktura <a href=\"http:\/\/www.inexchange.se\/skicka-faktura\" target=\"_blank\" rel=\"noopener noreferrer\" data-auth=\"NotApplicable\" data-safelink=\"true\" data-linkindex=\"1\">www.inexchange.se\/skicka-faktura<\/a><\/span><\/p>\n<p>Vill du skicka en faktura till G\u00e4ll\u00f6 Skog? Klicka <a href=\"https:\/\/www.galloskog.se\/kontakta-oss\/\" target=\"_blank\" rel=\"noopener\">h\u00e4r<\/a>.<\/p>\n<p><strong>Bes\u00f6ksadress:<br \/>\n<\/strong>G\u00e4ll\u00f6 Timber<br \/>\n\u00d6hn 160<br \/>\n843 41\u00a0G\u00e4ll\u00f6<\/p>\n<\/div>\n<\/div><\/div><\/div><div id=\"pgc-135-0-1\"  class=\"panel-grid-cell panel-grid-cell-empty\" ><div class=\"im-bg-image panel-cell-style panel-cell-style-for-135-0-1\" ><\/div><\/div><\/div><\/div><div id=\"pg-135-1\"  class=\"panel-grid panel-has-style\"  data-cells=\"1\" ><div class=\"siteorigin-panels-stretch panel-row-style panel-row-style-for-135-1\" data-stretch-type=\"full\" ><div id=\"pgc-135-1-0\"  class=\"panel-grid-cell\" ><div id=\"panel-135-1-0-0\" class=\"so-panel widget widget_sow-editor panel-first-child panel-last-child\" data-index=\"1\" ><div\n\t\t\t\n\t\t\tclass=\"so-widget-sow-editor so-widget-sow-editor-base\"\n\t\t\t\n\t\t>\n<div class=\"siteorigin-widget-tinymce textwidget\">\n\t<h2 style=\"text-align: center;\">V\u00e5ra medarbetare<\/h2>\n<\/div>\n<\/div><\/div><\/div><\/div><\/div><div id=\"pg-135-2\"  class=\"panel-grid panel-no-style\"  data-cells=\"1\" ><div id=\"pgc-135-2-0\"  class=\"panel-grid-cell\" ><div id=\"panel-135-2-0-0\" class=\"so-panel widget widget_sow-editor panel-first-child panel-last-child\" data-index=\"2\" ><div\n\t\t\t\n\t\t\tclass=\"so-widget-sow-editor so-widget-sow-editor-base\"\n\t\t\t\n\t\t>\n<div class=\"siteorigin-widget-tinymce textwidget\">\n\t<h3 id=\"ledning\">Ledning\/&shy;administration<\/h3>\n<div class=\"staff-member-listing ledning-administration\"><div class=\"staff-member even \">\r\n<div class=\"container\" itemscope itemtype=\"https:\/\/schema.org\/Person\">\r\n<div class=\"staff-member-photo\">\r\n    <img decoding=\"async\" src=\"https:\/\/gallotimber.se\/se\/wp-content\/uploads\/2023\/02\/gallo-timber-daniel-olovsson.jpg\" alt=\"Daniel Olovsson : R\u00e5varucontroller\" itemprop=\"image\">\r\n<\/div>\r\n    <div class=\"staff-member-info\">\r\n        <h5 itemprop=\"name\">Daniel Olovsson<\/h5>\r\n        \r\n        <b itemprop=\"jobTitle\">R\u00e5varucontroller<\/b>\r\n<address>\r\n<p>\r\n        <a href='mailto:d&#097;n&#105;el&#046;ol&#111;vss&#111;&#110;&#064;&#115;c&#097;.&#099;om' itemprop=\"email\">Skicka e-post<\/a><br \/>\r\n<a href=\"tel:0693-182 04\" itemprop=\"telephone\">0693-182 04<\/a>\r\n<\/p>\r\n<\/address>\r\n    <\/div>\r\n<\/div>\r\n<\/div> <!-- Close staff-member --><div class=\"staff-member odd \">\r\n<div class=\"container\" itemscope itemtype=\"https:\/\/schema.org\/Person\">\r\n<div class=\"staff-member-photo\">\r\n    <img decoding=\"async\" src=\"https:\/\/gallotimber.se\/se\/wp-content\/uploads\/2023\/02\/gallo-timber-daniel-wiklander.jpg\" alt=\"Daniel Wiklander : Aff\u00e4rschef\" itemprop=\"image\">\r\n<\/div>\r\n    <div class=\"staff-member-info\">\r\n        <h5 itemprop=\"name\">Daniel Wiklander<\/h5>\r\n        \r\n        <b itemprop=\"jobTitle\">Aff\u00e4rschef<\/b>\r\n<address>\r\n<p>\r\n        <a href='mailto:&#100;a&#110;i&#101;&#108;&#046;wi&#107;lan&#100;&#101;r&#064;&#115;c&#097;.&#099;om' itemprop=\"email\">Skicka e-post<\/a><br \/>\r\n<a href=\"tel:0693-182 01\" itemprop=\"telephone\">0693-182 01<\/a>\r\n<\/p>\r\n<\/address>\r\n    <\/div>\r\n<\/div>\r\n<\/div> <!-- Close staff-member --><div class=\"staff-member even \">\r\n<div class=\"container\" itemscope itemtype=\"https:\/\/schema.org\/Person\">\r\n<div class=\"staff-member-photo\">\r\n    <img decoding=\"async\" src=\"https:\/\/gallotimber.se\/se\/wp-content\/uploads\/2023\/02\/gallo-timber-jonathan-mattsson.jpg\" alt=\"Jonathan Mattsson : VD\" itemprop=\"image\">\r\n<\/div>\r\n    <div class=\"staff-member-info\">\r\n        <h5 itemprop=\"name\">Jonathan Mattsson<\/h5>\r\n        \r\n        <b itemprop=\"jobTitle\">VD<\/b>\r\n<address>\r\n<p>\r\n        <a href='mailto:&#106;o&#110;&#097;&#116;h&#097;&#110;&#046;matt&#115;&#115;o&#110;&#064;sca&#046;&#099;o&#109;' itemprop=\"email\">Skicka e-post<\/a><br \/>\r\n<a href=\"tel:0693-182 26\" itemprop=\"telephone\">0693-182 26<\/a>\r\n<\/p>\r\n<\/address>\r\n    <\/div>\r\n<\/div>\r\n<\/div> <!-- Close staff-member --><div class=\"staff-member odd \">\r\n<div class=\"container\" itemscope itemtype=\"https:\/\/schema.org\/Person\">\r\n<div class=\"staff-member-photo\">\r\n    <img decoding=\"async\" src=\"https:\/\/gallotimber.se\/se\/wp-content\/uploads\/2023\/02\/gallo-timber-marta-hedenfalk.jpg\" alt=\"M\u00e4rta Hedenfalk : Ekonom och HR-ansvarig\" itemprop=\"image\">\r\n<\/div>\r\n    <div class=\"staff-member-info\">\r\n        <h5 itemprop=\"name\">M\u00e4rta Hedenfalk<\/h5>\r\n        \r\n        <b itemprop=\"jobTitle\">Ekonom och HR-ansvarig<\/b>\r\n<address>\r\n<p>\r\n        <a href='mailto:&#109;&#097;&#114;ta.&#104;&#101;&#100;e&#110;fa&#108;k&#064;s&#099;&#097;.com' itemprop=\"email\">Skicka e-post<\/a><br \/>\r\n<a href=\"tel:0693-182 07\" itemprop=\"telephone\">0693-182 07<\/a>\r\n<\/p>\r\n<\/address>\r\n    <\/div>\r\n<\/div>\r\n<\/div> <!-- Close staff-member --><div class=\"staff-member even  last\">\r\n<div class=\"container\" itemscope itemtype=\"https:\/\/schema.org\/Person\">\r\n<div class=\"staff-member-photo\">\r\n    <img decoding=\"async\" src=\"https:\/\/gallotimber.se\/se\/wp-content\/uploads\/2023\/02\/gallo-timber-per-roempke.jpg\" alt=\"Per Roempke : Ekonomichef\" itemprop=\"image\">\r\n<\/div>\r\n    <div class=\"staff-member-info\">\r\n        <h5 itemprop=\"name\">Per Roempke<\/h5>\r\n        \r\n        <b itemprop=\"jobTitle\">Ekonomichef<\/b>\r\n<address>\r\n<p>\r\n        <a href='mailto:&#112;er&#046;r&#111;em&#112;&#107;&#101;.ext&#064;sc&#097;.&#099;o&#109;' itemprop=\"email\">Skicka e-post<\/a><br \/>\r\n<a href=\"tel:0693-180 15\" itemprop=\"telephone\">0693-180 15<\/a>\r\n<\/p>\r\n<\/address>\r\n    <\/div>\r\n<\/div>\r\n<\/div> <!-- Close staff-member --><\/div> <!-- Close staff-member-listing -->\n<h3 id=\"produktion\">Produktion<\/h3>\n<div class=\"staff-member-listing produktion\"><div class=\"staff-member even \">\r\n<div class=\"container\" itemscope itemtype=\"https:\/\/schema.org\/Person\">\r\n<div class=\"staff-member-photo\">\r\n    <img decoding=\"async\" src=\"https:\/\/gallotimber.se\/se\/wp-content\/uploads\/2023\/02\/gallo-timber-fredrik-hagglund.jpg\" alt=\"Fredrik H\u00e4gglund : Avdelningschef s\u00e5g och m\u00e4tstation\" itemprop=\"image\">\r\n<\/div>\r\n    <div class=\"staff-member-info\">\r\n        <h5 itemprop=\"name\">Fredrik H\u00e4gglund<\/h5>\r\n        \r\n        <b itemprop=\"jobTitle\">Avdelningschef s\u00e5g och m\u00e4tstation<\/b>\r\n<address>\r\n<p>\r\n        <a href='mailto:&#102;&#114;&#101;&#100;&#114;&#105;k&#046;&#104;a&#103;&#103;&#108;un&#100;&#064;s&#099;a.com' itemprop=\"email\">Skicka e-post<\/a><br \/>\r\n<a href=\"tel:0693-182 22\" itemprop=\"telephone\">0693-182 22<\/a>\r\n<\/p>\r\n<\/address>\r\n    <\/div>\r\n<\/div>\r\n<\/div> <!-- Close staff-member --><div class=\"staff-member odd \">\r\n<div class=\"container\" itemscope itemtype=\"https:\/\/schema.org\/Person\">\r\n<div class=\"staff-member-photo\">\r\n    <img decoding=\"async\" src=\"https:\/\/gallotimber.se\/se\/wp-content\/uploads\/2023\/02\/GT_fredrik_strandin.jpg\" alt=\"Fredrik Strandin : Underh\u00e5llsspecialist\" itemprop=\"image\">\r\n<\/div>\r\n    <div class=\"staff-member-info\">\r\n        <h5 itemprop=\"name\">Fredrik Strandin<\/h5>\r\n        \r\n        <b itemprop=\"jobTitle\">Underh\u00e5llsspecialist<\/b>\r\n<address>\r\n<p>\r\n        <a href='mailto:&#102;&#114;&#101;d&#114;i&#107;&#046;&#115;tr&#097;n&#100;in&#064;sc&#097;&#046;com' itemprop=\"email\">Skicka e-post<\/a><br \/>\r\n<a href=\"tel:073-053 36 80\" itemprop=\"telephone\">073-053 36 80<\/a>\r\n<\/p>\r\n<\/address>\r\n    <\/div>\r\n<\/div>\r\n<\/div> <!-- Close staff-member --><div class=\"staff-member even \">\r\n<div class=\"container\" itemscope itemtype=\"https:\/\/schema.org\/Person\">\r\n<div class=\"staff-member-photo\">\r\n    <img decoding=\"async\" src=\"https:\/\/gallotimber.se\/se\/wp-content\/uploads\/2023\/05\/gallo-timber-lennie-boije.jpg\" alt=\"Lennie Boije : Projektingenj\u00f6r\" itemprop=\"image\">\r\n<\/div>\r\n    <div class=\"staff-member-info\">\r\n        <h5 itemprop=\"name\">Lennie Boije<\/h5>\r\n        \r\n        <b itemprop=\"jobTitle\">Projektingenj\u00f6r<\/b>\r\n<address>\r\n<p>\r\n        <a href='mailto:l&#101;n&#110;&#105;e.bo&#105;&#106;&#101;&#064;sca&#046;&#115;e' itemprop=\"email\">Skicka e-post<\/a><br \/>\r\n<a href=\"tel:076-767 82 19\" itemprop=\"telephone\">076-767 82 19<\/a>\r\n<\/p>\r\n<\/address>\r\n    <\/div>\r\n<\/div>\r\n<\/div> <!-- Close staff-member --><div class=\"staff-member odd \">\r\n<div class=\"container\" itemscope itemtype=\"https:\/\/schema.org\/Person\">\r\n<div class=\"staff-member-photo\">\r\n    <img decoding=\"async\" src=\"https:\/\/gallotimber.se\/se\/wp-content\/uploads\/2023\/02\/GT_mats_meijermo.jpg\" alt=\"Mats Meijermo : Fastighetstekniker\" itemprop=\"image\">\r\n<\/div>\r\n    <div class=\"staff-member-info\">\r\n        <h5 itemprop=\"name\">Mats Meijermo<\/h5>\r\n        \r\n        <b itemprop=\"jobTitle\">Fastighetstekniker<\/b>\r\n<address>\r\n<p>\r\n        <a href='mailto:mat&#115;.m&#101;&#105;je&#114;&#109;o&#064;g&#097;lloti&#109;&#098;&#101;r&#046;se' itemprop=\"email\">Skicka e-post<\/a><br \/>\r\n<a href=\"tel:0693-182 31\" itemprop=\"telephone\">0693-182 31<\/a>\r\n<\/p>\r\n<\/address>\r\n    <\/div>\r\n<\/div>\r\n<\/div> <!-- Close staff-member --><div class=\"staff-member even \">\r\n<div class=\"container\" itemscope itemtype=\"https:\/\/schema.org\/Person\">\r\n<div class=\"staff-member-photo\">\r\n    <img decoding=\"async\" src=\"https:\/\/gallotimber.se\/se\/wp-content\/uploads\/2023\/02\/gallo-timber-niclas-pettersson.jpg\" alt=\"Niclas Pettersson : Avdelningschef tork och panna\" itemprop=\"image\">\r\n<\/div>\r\n    <div class=\"staff-member-info\">\r\n        <h5 itemprop=\"name\">Niclas Pettersson<\/h5>\r\n        \r\n        <b itemprop=\"jobTitle\">Avdelningschef tork och panna<\/b>\r\n<address>\r\n<p>\r\n        <a href='mailto:n&#105;c&#108;&#097;s&#046;p&#101;&#116;t&#101;rsso&#110;&#064;sc&#097;&#046;c&#111;&#109;' itemprop=\"email\">Skicka e-post<\/a><br \/>\r\n<a href=\"tel:076-102 83 03\" itemprop=\"telephone\">076-102 83 03<\/a>\r\n<\/p>\r\n<\/address>\r\n    <\/div>\r\n<\/div>\r\n<\/div> <!-- Close staff-member --><div class=\"staff-member odd \">\r\n<div class=\"container\" itemscope itemtype=\"https:\/\/schema.org\/Person\">\r\n<div class=\"staff-member-photo\">\r\n    <img decoding=\"async\" src=\"https:\/\/gallotimber.se\/se\/wp-content\/uploads\/2023\/04\/gallo-timber-niclas-svensson.jpg\" alt=\"Niclas Svensson : Avdelningschef Vidaref\u00f6r\u00e4dling\" itemprop=\"image\">\r\n<\/div>\r\n    <div class=\"staff-member-info\">\r\n        <h5 itemprop=\"name\">Niclas Svensson<\/h5>\r\n        \r\n        <b itemprop=\"jobTitle\">Avdelningschef Vidaref\u00f6r\u00e4dling<\/b>\r\n<address>\r\n<p>\r\n        <a href='mailto:nic&#108;&#097;s.&#115;vensso&#110;&#064;sca.c&#111;m' itemprop=\"email\">Skicka e-post<\/a><br \/>\r\n<a href=\"tel:0693-182 28\" itemprop=\"telephone\">0693-182 28<\/a>\r\n<\/p>\r\n<\/address>\r\n    <\/div>\r\n<\/div>\r\n<\/div> <!-- Close staff-member --><div class=\"staff-member even \">\r\n<div class=\"container\" itemscope itemtype=\"https:\/\/schema.org\/Person\">\r\n<div class=\"staff-member-photo\">\r\n    <img decoding=\"async\" src=\"https:\/\/gallotimber.se\/se\/wp-content\/uploads\/2023\/05\/gallo-timber-stefan-bylund.jpg\" alt=\"Stefan Bylund : Produktionschef\" itemprop=\"image\">\r\n<\/div>\r\n    <div class=\"staff-member-info\">\r\n        <h5 itemprop=\"name\">Stefan Bylund<\/h5>\r\n        \r\n        <b itemprop=\"jobTitle\">Produktionschef<\/b>\r\n<address>\r\n<p>\r\n        <a href='mailto:&#115;t&#101;&#102;&#097;&#110;.byl&#117;&#110;&#100;&#064;&#115;ca.&#099;&#111;&#109;' itemprop=\"email\">Skicka e-post<\/a><br \/>\r\n<a href=\"tel:0693-182 03\" itemprop=\"telephone\">0693-182 03<\/a>\r\n<\/p>\r\n<\/address>\r\n    <\/div>\r\n<\/div>\r\n<\/div> <!-- Close staff-member --><div class=\"staff-member odd \">\r\n<div class=\"container\" itemscope itemtype=\"https:\/\/schema.org\/Person\">\r\n<div class=\"staff-member-photo\">\r\n    <img decoding=\"async\" src=\"https:\/\/gallotimber.se\/se\/wp-content\/uploads\/2023\/02\/GT_tomas_pettersson_.jpg\" alt=\"Tomas Pettersson : Avdelningschef utlastning och produktionsplanerare\" itemprop=\"image\">\r\n<\/div>\r\n    <div class=\"staff-member-info\">\r\n        <h5 itemprop=\"name\">Tomas Pettersson<\/h5>\r\n        \r\n        <b itemprop=\"jobTitle\">Avdelningschef utlastning och produktionsplanerare<\/b>\r\n<address>\r\n<p>\r\n        <a href='mailto:&#116;&#111;&#109;&#097;&#115;&#046;p&#101;&#116;ter&#115;son&#046;&#103;all&#111;&#064;&#115;&#099;&#097;&#046;com' itemprop=\"email\">Skicka e-post<\/a><br \/>\r\n<a href=\"tel:0693-182 11\" itemprop=\"telephone\">0693-182 11<\/a>\r\n<\/p>\r\n<\/address>\r\n    <\/div>\r\n<\/div>\r\n<\/div> <!-- Close staff-member --><div class=\"staff-member even  last\">\r\n<div class=\"container\" itemscope itemtype=\"https:\/\/schema.org\/Person\">\r\n<div class=\"staff-member-photo\">\r\n    <img decoding=\"async\" src=\"https:\/\/gallotimber.se\/se\/wp-content\/uploads\/2023\/02\/gallo-timber-tommy-mattsson.jpg\" alt=\"Tommy Mattsson : Avdelningschef justerverk\" itemprop=\"image\">\r\n<\/div>\r\n    <div class=\"staff-member-info\">\r\n        <h5 itemprop=\"name\">Tommy Mattsson<\/h5>\r\n        \r\n        <b itemprop=\"jobTitle\">Avdelningschef justerverk<\/b>\r\n<address>\r\n<p>\r\n        <a href='mailto:&#116;&#111;mm&#121;&#046;m&#097;tts&#115;o&#110;&#064;&#115;&#099;a.com' itemprop=\"email\">Skicka e-post<\/a><br \/>\r\n<a href=\"tel:0693-182 02\" itemprop=\"telephone\">0693-182 02<\/a>\r\n<\/p>\r\n<\/address>\r\n    <\/div>\r\n<\/div>\r\n<\/div> <!-- Close staff-member --><\/div> <!-- Close staff-member-listing -->\n<h3 id=\"marknad\">Marknad<\/h3>\n<div class=\"staff-member-listing marknad\"><div class=\"staff-member even \">\r\n<div class=\"container\" itemscope itemtype=\"https:\/\/schema.org\/Person\">\r\n<div class=\"staff-member-photo\">\r\n    <img decoding=\"async\" src=\"https:\/\/gallotimber.se\/se\/wp-content\/uploads\/2023\/04\/alexanderahreus4X2A8743_.jpg\" alt=\"Alexander \u00c5hr\u00e9us : Produktingenj\u00f6r och s\u00e4ljare contorta\" itemprop=\"image\">\r\n<\/div>\r\n    <div class=\"staff-member-info\">\r\n        <h5 itemprop=\"name\">Alexander \u00c5hr\u00e9us<\/h5>\r\n        \r\n        <b itemprop=\"jobTitle\">Produktingenj\u00f6r och s\u00e4ljare contorta<\/b>\r\n<address>\r\n<p>\r\n        <a href='mailto:&#097;&#108;ex&#097;&#110;d&#101;&#114;.&#097;&#104;r&#101;us&#064;s&#099;&#097;&#046;c&#111;&#109;' itemprop=\"email\">Skicka e-post<\/a><br \/>\r\n<a href=\"tel:0693-182 34\" itemprop=\"telephone\">0693-182 34<\/a>\r\n<\/p>\r\n<\/address>\r\n    <\/div>\r\n<\/div>\r\n<\/div> <!-- Close staff-member --><div class=\"staff-member odd \">\r\n<div class=\"container\" itemscope itemtype=\"https:\/\/schema.org\/Person\">\r\n<div class=\"staff-member-photo\">\r\n    <img decoding=\"async\" src=\"https:\/\/gallotimber.se\/se\/wp-content\/uploads\/2023\/02\/amanda_ny4X2A0236.jpg\" alt=\"Amanda Lemon : Innes\u00e4ljare\" itemprop=\"image\">\r\n<\/div>\r\n    <div class=\"staff-member-info\">\r\n        <h5 itemprop=\"name\">Amanda Lemon<\/h5>\r\n        \r\n        <b itemprop=\"jobTitle\">Innes\u00e4ljare<\/b>\r\n<address>\r\n<p>\r\n        <a href='mailto:&#097;m&#097;nda&#046;&#108;&#101;&#109;o&#110;&#064;&#115;&#099;a&#046;&#099;o&#109;' itemprop=\"email\">Skicka e-post<\/a><br \/>\r\n<a href=\"tel:0693-182 66\" itemprop=\"telephone\">0693-182 66<\/a>\r\n<\/p>\r\n<\/address>\r\n    <\/div>\r\n<\/div>\r\n<\/div> <!-- Close staff-member --><div class=\"staff-member even \">\r\n<div class=\"container\" itemscope itemtype=\"https:\/\/schema.org\/Person\">\r\n<div class=\"staff-member-photo\">\r\n    <img decoding=\"async\" src=\"https:\/\/gallotimber.se\/se\/wp-content\/uploads\/2023\/02\/GT_joakim_persson.jpg\" alt=\"Joakim Persson : Produktionsplanerare\" itemprop=\"image\">\r\n<\/div>\r\n    <div class=\"staff-member-info\">\r\n        <h5 itemprop=\"name\">Joakim Persson<\/h5>\r\n        \r\n        <b itemprop=\"jobTitle\">Produktionsplanerare<\/b>\r\n<address>\r\n<p>\r\n        <a href='mailto:&#106;&#111;&#097;k&#105;&#109;&#046;pe&#114;&#115;son&#064;sca.&#099;&#111;&#109;' itemprop=\"email\">Skicka e-post<\/a><br \/>\r\n<a href=\"tel:0693-182 29\" itemprop=\"telephone\">0693-182 29<\/a>\r\n<\/p>\r\n<\/address>\r\n    <\/div>\r\n<\/div>\r\n<\/div> <!-- Close staff-member --><div class=\"staff-member odd \">\r\n<div class=\"container\" itemscope itemtype=\"https:\/\/schema.org\/Person\">\r\n<div class=\"staff-member-photo\">\r\n    <img decoding=\"async\" src=\"https:\/\/gallotimber.se\/se\/wp-content\/uploads\/2023\/02\/GT_per_naslund.jpg\" alt=\"Per N\u00e4slund : Aff\u00e4rsutvecklare\" itemprop=\"image\">\r\n<\/div>\r\n    <div class=\"staff-member-info\">\r\n        <h5 itemprop=\"name\">Per N\u00e4slund<\/h5>\r\n        \r\n        <b itemprop=\"jobTitle\">Aff\u00e4rsutvecklare<\/b>\r\n<address>\r\n<p>\r\n        <a href='mailto:&#112;&#101;&#114;.&#110;&#097;&#115;&#108;&#117;nd&#064;sca.c&#111;&#109;' itemprop=\"email\">Skicka e-post<\/a><br \/>\r\n<a href=\"tel:0693-182 69\" itemprop=\"telephone\">0693-182 69<\/a>\r\n<\/p>\r\n<\/address>\r\n    <\/div>\r\n<\/div>\r\n<\/div> <!-- Close staff-member --><div class=\"staff-member even  last\">\r\n<div class=\"container\" itemscope itemtype=\"https:\/\/schema.org\/Person\">\r\n<div class=\"staff-member-photo\">\r\n    <img decoding=\"async\" src=\"https:\/\/gallotimber.se\/se\/wp-content\/uploads\/2023\/02\/GT_ulrika_noven.jpg\" alt=\"Ulrika Nov\u00e9n : Innes\u00e4ljare\" itemprop=\"image\">\r\n<\/div>\r\n    <div class=\"staff-member-info\">\r\n        <h5 itemprop=\"name\">Ulrika Nov\u00e9n<\/h5>\r\n        \r\n        <b itemprop=\"jobTitle\">Innes\u00e4ljare<\/b>\r\n<address>\r\n<p>\r\n        <a href='mailto:u&#108;&#114;&#105;&#107;a&#046;n&#111;ven&#064;s&#099;&#097;.&#099;&#111;m' itemprop=\"email\">Skicka e-post<\/a><br \/>\r\n<a href=\"tel:0693-182 21\" itemprop=\"telephone\">0693-182 21<\/a>\r\n<\/p>\r\n<\/address>\r\n    <\/div>\r\n<\/div>\r\n<\/div> <!-- Close staff-member --><\/div> <!-- Close staff-member-listing -->\n<\/div>\n<\/div><\/div><\/div><\/div><\/div>","protected":false},"excerpt":{"rendered":"<p>Kontakta oss Vi har nya faktureringsuppgifter: G\u00e4ll\u00f6 Timber AB INX9119-001 831 90 \u00d6stersund PDF-faktura:\u00a0faktura.5568011786@sca.com e-faktura: GLN 7381010017022 VAN-partner \u00e4r InExchange. H\u00e4r f\u00e5r du veta mer om att skicka e-faktura www.inexchange.se\/skicka-faktura Vill du skicka en faktura till G\u00e4ll\u00f6 Skog? Klicka h\u00e4r. Bes\u00f6ksadress: G\u00e4ll\u00f6 Timber \u00d6hn 160 843 41\u00a0G\u00e4ll\u00f6 V\u00e5ra medarbetare<\/p>\n","protected":false},"author":1,"featured_media":0,"parent":0,"menu_order":0,"comment_status":"closed","ping_status":"closed","template":"","meta":{"footnotes":""},"class_list":["post-135","page","type-page","status-publish","hentry"],"yoast_head":"<!-- This site is optimized with the Yoast SEO plugin v27.3 - https:\/\/yoast.com\/product\/yoast-seo-wordpress\/ -->\n<title>Kontakta oss - G\u00e4ll\u00f6 Timber<\/title>\n<meta name=\"robots\" content=\"index, follow, max-snippet:-1, max-image-preview:large, max-video-preview:-1\" \/>\n<link rel=\"canonical\" href=\"https:\/\/gallotimber.se\/se\/kontakta-oss\/\" \/>\n<meta property=\"og:locale\" content=\"sv_SE\" \/>\n<meta property=\"og:type\" content=\"article\" \/>\n<meta property=\"og:title\" content=\"Kontakta oss - G\u00e4ll\u00f6 Timber\" \/>\n<meta property=\"og:description\" content=\"Kontakta oss Vi har nya faktureringsuppgifter: G\u00e4ll\u00f6 Timber AB INX9119-001 831 90 \u00d6stersund PDF-faktura:\u00a0faktura.5568011786@sca.com e-faktura: GLN 7381010017022 VAN-partner \u00e4r InExchange. H\u00e4r f\u00e5r du veta mer om att skicka e-faktura www.inexchange.se\/skicka-faktura Vill du skicka en faktura till G\u00e4ll\u00f6 Skog? Klicka h\u00e4r. Bes\u00f6ksadress: G\u00e4ll\u00f6 Timber \u00d6hn 160 843 41\u00a0G\u00e4ll\u00f6 V\u00e5ra medarbetare\" \/>\n<meta property=\"og:url\" content=\"https:\/\/gallotimber.se\/se\/kontakta-oss\/\" \/>\n<meta property=\"og:site_name\" content=\"G\u00e4ll\u00f6 Timber\" \/>\n<meta property=\"article:modified_time\" content=\"2024-06-25T14:36:36+00:00\" \/>\n<meta name=\"twitter:card\" content=\"summary_large_image\" \/>\n<meta name=\"twitter:label1\" content=\"Ber\u00e4knad l\u00e4stid\" \/>\n\t<meta name=\"twitter:data1\" content=\"1 minut\" \/>\n<script type=\"application\/ld+json\" class=\"yoast-schema-graph\">{\"@context\":\"https:\\\/\\\/schema.org\",\"@graph\":[{\"@type\":\"WebPage\",\"@id\":\"https:\\\/\\\/gallotimber.se\\\/se\\\/kontakta-oss\\\/\",\"url\":\"https:\\\/\\\/gallotimber.se\\\/se\\\/kontakta-oss\\\/\",\"name\":\"Kontakta oss - G\u00e4ll\u00f6 Timber\",\"isPartOf\":{\"@id\":\"https:\\\/\\\/gallotimber.se\\\/se\\\/#website\"},\"datePublished\":\"2023-01-16T15:26:03+00:00\",\"dateModified\":\"2024-06-25T14:36:36+00:00\",\"breadcrumb\":{\"@id\":\"https:\\\/\\\/gallotimber.se\\\/se\\\/kontakta-oss\\\/#breadcrumb\"},\"inLanguage\":\"sv-SE\",\"potentialAction\":[{\"@type\":\"ReadAction\",\"target\":[\"https:\\\/\\\/gallotimber.se\\\/se\\\/kontakta-oss\\\/\"]}]},{\"@type\":\"BreadcrumbList\",\"@id\":\"https:\\\/\\\/gallotimber.se\\\/se\\\/kontakta-oss\\\/#breadcrumb\",\"itemListElement\":[{\"@type\":\"ListItem\",\"position\":1,\"name\":\"Hem\",\"item\":\"https:\\\/\\\/gallotimber.se\\\/se\\\/\"},{\"@type\":\"ListItem\",\"position\":2,\"name\":\"Kontakta oss\"}]},{\"@type\":\"WebSite\",\"@id\":\"https:\\\/\\\/gallotimber.se\\\/se\\\/#website\",\"url\":\"https:\\\/\\\/gallotimber.se\\\/se\\\/\",\"name\":\"G\u00e4ll\u00f6 Timber\",\"description\":\"G\u00e4ll\u00f6 Timber s\u00e5gverk\",\"potentialAction\":[{\"@type\":\"SearchAction\",\"target\":{\"@type\":\"EntryPoint\",\"urlTemplate\":\"https:\\\/\\\/gallotimber.se\\\/se\\\/?s={search_term_string}\"},\"query-input\":{\"@type\":\"PropertyValueSpecification\",\"valueRequired\":true,\"valueName\":\"search_term_string\"}}],\"inLanguage\":\"sv-SE\"}]}<\/script>\n<!-- \/ Yoast SEO plugin. -->","yoast_head_json":{"title":"Kontakta oss - G\u00e4ll\u00f6 Timber","robots":{"index":"index","follow":"follow","max-snippet":"max-snippet:-1","max-image-preview":"max-image-preview:large","max-video-preview":"max-video-preview:-1"},"canonical":"https:\/\/gallotimber.se\/se\/kontakta-oss\/","og_locale":"sv_SE","og_type":"article","og_title":"Kontakta oss - G\u00e4ll\u00f6 Timber","og_description":"Kontakta oss Vi har nya faktureringsuppgifter: G\u00e4ll\u00f6 Timber AB INX9119-001 831 90 \u00d6stersund PDF-faktura:\u00a0faktura.5568011786@sca.com e-faktura: GLN 7381010017022 VAN-partner \u00e4r InExchange. H\u00e4r f\u00e5r du veta mer om att skicka e-faktura www.inexchange.se\/skicka-faktura Vill du skicka en faktura till G\u00e4ll\u00f6 Skog? Klicka h\u00e4r. Bes\u00f6ksadress: G\u00e4ll\u00f6 Timber \u00d6hn 160 843 41\u00a0G\u00e4ll\u00f6 V\u00e5ra medarbetare","og_url":"https:\/\/gallotimber.se\/se\/kontakta-oss\/","og_site_name":"G\u00e4ll\u00f6 Timber","article_modified_time":"2024-06-25T14:36:36+00:00","twitter_card":"summary_large_image","twitter_misc":{"Ber\u00e4knad l\u00e4stid":"1 minut"},"schema":{"@context":"https:\/\/schema.org","@graph":[{"@type":"WebPage","@id":"https:\/\/gallotimber.se\/se\/kontakta-oss\/","url":"https:\/\/gallotimber.se\/se\/kontakta-oss\/","name":"Kontakta oss - G\u00e4ll\u00f6 Timber","isPartOf":{"@id":"https:\/\/gallotimber.se\/se\/#website"},"datePublished":"2023-01-16T15:26:03+00:00","dateModified":"2024-06-25T14:36:36+00:00","breadcrumb":{"@id":"https:\/\/gallotimber.se\/se\/kontakta-oss\/#breadcrumb"},"inLanguage":"sv-SE","potentialAction":[{"@type":"ReadAction","target":["https:\/\/gallotimber.se\/se\/kontakta-oss\/"]}]},{"@type":"BreadcrumbList","@id":"https:\/\/gallotimber.se\/se\/kontakta-oss\/#breadcrumb","itemListElement":[{"@type":"ListItem","position":1,"name":"Hem","item":"https:\/\/gallotimber.se\/se\/"},{"@type":"ListItem","position":2,"name":"Kontakta oss"}]},{"@type":"WebSite","@id":"https:\/\/gallotimber.se\/se\/#website","url":"https:\/\/gallotimber.se\/se\/","name":"G\u00e4ll\u00f6 Timber","description":"G\u00e4ll\u00f6 Timber s\u00e5gverk","potentialAction":[{"@type":"SearchAction","target":{"@type":"EntryPoint","urlTemplate":"https:\/\/gallotimber.se\/se\/?s={search_term_string}"},"query-input":{"@type":"PropertyValueSpecification","valueRequired":true,"valueName":"search_term_string"}}],"inLanguage":"sv-SE"}]}},"_links":{"self":[{"href":"https:\/\/gallotimber.se\/se\/wp-json\/wp\/v2\/pages\/135","targetHints":{"allow":["GET"]}}],"collection":[{"href":"https:\/\/gallotimber.se\/se\/wp-json\/wp\/v2\/pages"}],"about":[{"href":"https:\/\/gallotimber.se\/se\/wp-json\/wp\/v2\/types\/page"}],"author":[{"embeddable":true,"href":"https:\/\/gallotimber.se\/se\/wp-json\/wp\/v2\/users\/1"}],"replies":[{"embeddable":true,"href":"https:\/\/gallotimber.se\/se\/wp-json\/wp\/v2\/comments?post=135"}],"version-history":[{"count":24,"href":"https:\/\/gallotimber.se\/se\/wp-json\/wp\/v2\/pages\/135\/revisions"}],"predecessor-version":[{"id":500,"href":"https:\/\/gallotimber.se\/se\/wp-json\/wp\/v2\/pages\/135\/revisions\/500"}],"wp:attachment":[{"href":"https:\/\/gallotimber.se\/se\/wp-json\/wp\/v2\/media?parent=135"}],"curies":[{"name":"wp","href":"https:\/\/api.w.org\/{rel}","templated":true}]}}