{"id":170,"date":"2023-01-17T09:47:20","date_gmt":"2023-01-17T09:47:20","guid":{"rendered":"http:\/\/gallotimber.internetmedia.se\/?page_id=170"},"modified":"2026-02-12T09:02:17","modified_gmt":"2026-02-12T09:02:17","slug":"jobba-hos-oss","status":"publish","type":"page","link":"https:\/\/gallotimber.se\/se\/jobba-hos-oss\/","title":{"rendered":"Jobba hos oss"},"content":{"rendered":"<div id=\"pl-170\"  class=\"panel-layout\" ><div id=\"pg-170-0\"  class=\"panel-grid panel-has-style\"  data-cells=\"2\" ><div class=\"im-subpage-hero im-bg-image panel-row-style panel-row-style-for-170-0\" ><div id=\"pgc-170-0-0\"  class=\"panel-grid-cell panel-grid-cell-mobile-last\" ><div id=\"panel-170-0-0-0\" class=\"so-panel widget widget_sow-editor panel-first-child panel-last-child\" data-index=\"0\" ><div\n\t\t\t\n\t\t\tclass=\"so-widget-sow-editor so-widget-sow-editor-base\"\n\t\t\t\n\t\t>\n<div class=\"siteorigin-widget-tinymce textwidget\">\n\t<h5 class=\"has-text-align-left\">Dags f\u00f6r en ny utmaning?<\/h5>\n<h1><span>Jobba hos oss<\/span><\/h1>\n<p class=\"p1\"><b>G\u00e4ll\u00f6 Timber AB \u00e4r ett s\u00e5gverk i G\u00e4ll\u00f6, J\u00e4mtland, strax s\u00f6der om \u00d6stersund. Vi \u00e4r den st\u00f6rsta arbetsgivaren i Br\u00e4cke kommun och ett av Norrlands st\u00f6rsta s\u00e5gverk. \u00c4r du intresserad av att jobba hos oss? S\u00f6k n\u00e5gon av v\u00e5ra aktuella tj\u00e4nster eller skicka en intresseanm\u00e4lan.<br \/>\n<\/b><\/p>\n<\/div>\n<\/div><\/div><\/div><div id=\"pgc-170-0-1\"  class=\"panel-grid-cell panel-grid-cell-empty\" ><\/div><\/div><\/div><div id=\"pg-170-1\"  class=\"panel-grid panel-no-style\"  data-cells=\"2\" ><div id=\"pgc-170-1-0\"  class=\"panel-grid-cell\" ><div id=\"panel-170-1-0-0\" class=\"so-panel widget widget_sow-editor panel-first-child panel-last-child\" data-index=\"1\" ><div\n\t\t\t\n\t\t\tclass=\"so-widget-sow-editor so-widget-sow-editor-base\"\n\t\t\t\n\t\t>\n<div class=\"siteorigin-widget-tinymce textwidget\">\n\t<p>Vi v\u00e4xer och s\u00f6ker alltid duktiga medarbetare som vill bidra till lokal framg\u00e5ng i en klimatsmart bransch. D\u00e5 och d\u00e5 annonserar vi efter specifika kompetenser, och i s\u00e5 fall publicerar vi det h\u00e4r nedan under \"Lediga tj\u00e4nster\" l\u00e4ngre ner p\u00e5 den h\u00e4r sidan.<\/p>\n<\/div>\n<\/div><\/div><\/div><div id=\"pgc-170-1-1\"  class=\"panel-grid-cell\" ><div id=\"panel-170-1-1-0\" class=\"so-panel widget widget_sow-editor panel-first-child\" data-index=\"2\" ><div\n\t\t\t\n\t\t\tclass=\"so-widget-sow-editor so-widget-sow-editor-base\"\n\t\t\t\n\t\t>\n<div class=\"siteorigin-widget-tinymce textwidget\">\n\t<p>Om du \u00e4r 18 \u00e5r och intresserad av att jobba hos \u00e4r du varmt v\u00e4lkommen att skicka in en spontanans\u00f6kan. Vi erbjuder bra anst\u00e4llningsvillkor vi \u00e4r helt s\u00e4kra p\u00e5 att olikheter skapar m\u00f6jligheter. S\u00e5 ber\u00e4tta f\u00f6r oss vem du \u00e4r och hur du vill v\u00e4xa tillsammans med oss.<\/p>\n<\/div>\n<\/div><\/div><div id=\"panel-170-1-1-1\" class=\"so-panel widget widget_sow-editor panel-last-child\" data-index=\"3\" ><div\n\t\t\t\n\t\t\tclass=\"so-widget-sow-editor so-widget-sow-editor-base\"\n\t\t\t\n\t\t>\n<div class=\"siteorigin-widget-tinymce textwidget\">\n\t<div class=\"im-text-button1\" style=\"text-align: center\"><a href=\"mailto:info@gallotimber.se\">Kontakta oss<\/a><\/div>\n<\/div>\n<\/div><\/div><\/div><\/div><div id=\"pg-170-2\"  class=\"panel-grid panel-has-style\"  data-cells=\"1\" ><div class=\"im-bg-grey im-align-center panel-row-style panel-row-style-for-170-2\" ><div id=\"pgc-170-2-0\"  class=\"panel-grid-cell\" ><div id=\"panel-170-2-0-0\" class=\"so-panel widget widget_sow-editor panel-first-child panel-last-child\" data-index=\"4\" ><div\n\t\t\t\n\t\t\tclass=\"so-widget-sow-editor so-widget-sow-editor-base\"\n\t\t\t\n\t\t>\n<div class=\"siteorigin-widget-tinymce textwidget\">\n\t<h2 style=\"text-align: center\">Lediga tj\u00e4nster<\/h2>\n<\/div>\n<\/div><\/div><\/div><\/div><\/div><div id=\"pg-170-3\"  class=\"panel-grid panel-no-style\"  data-cells=\"2\" ><div id=\"pgc-170-3-0\"  class=\"panel-grid-cell\" ><div id=\"panel-170-3-0-0\" class=\"so-panel widget widget_sow-image panel-first-child\" data-index=\"5\" ><div\n\t\t\t\n\t\t\tclass=\"so-widget-sow-image so-widget-sow-image-default-8b5b6f678277-170\"\n\t\t\t\n\t\t>\n<div class=\"sow-image-container\">\n\t\t<img \n\tsrc=\"https:\/\/gallotimber.se\/se\/wp-content\/uploads\/2026\/02\/gallo-timber-operator.jpg\" width=\"872\" height=\"581\" srcset=\"https:\/\/gallotimber.se\/se\/wp-content\/uploads\/2026\/02\/gallo-timber-operator.jpg 872w, https:\/\/gallotimber.se\/se\/wp-content\/uploads\/2026\/02\/gallo-timber-operator-640x426.jpg 640w, https:\/\/gallotimber.se\/se\/wp-content\/uploads\/2026\/02\/gallo-timber-operator-768x512.jpg 768w, https:\/\/gallotimber.se\/se\/wp-content\/uploads\/2026\/02\/gallo-timber-operator-272x182.jpg 272w\" sizes=\"(max-width: 872px) 100vw, 872px\" alt=\"\" \t\tclass=\"so-widget-image\"\/>\n\t<\/div>\n\n<\/div><\/div><div id=\"panel-170-3-0-1\" class=\"so-panel widget widget_sow-editor panel-last-child\" data-index=\"6\" ><div\n\t\t\t\n\t\t\tclass=\"so-widget-sow-editor so-widget-sow-editor-base\"\n\t\t\t\n\t\t><h3 class=\"widget-title\">Operat\u00f6r<\/h3>\n<div class=\"siteorigin-widget-tinymce textwidget\">\n\t<p><span>Vi s\u00f6ker nu\u00a0<\/span>Operat\u00f6rer\u00a0<span>till sommaren med uppdrag p\u00e5 G\u00e4ll\u00f6 Timber AB. Som operat\u00f6r \u00e4r din huvudsakliga arbetsuppgift att \u00f6vervaka driften s\u00e5 att produkterna tas fram p\u00e5 ett s\u00e4kert och effektivt s\u00e4tt till r\u00e4tt kvalitet.\u00a0<\/span><\/p>\n<div class=\"im-text-button1\"><a href=\"https:\/\/onepartnergroup.recman.page\/job\/466275\" target=\"_blank\" rel=\"noopener\">L\u00e4s mer och s\u00f6k tj\u00e4nsten<\/a><\/div>\n<\/div>\n<\/div><\/div><\/div><div id=\"pgc-170-3-1\"  class=\"panel-grid-cell\" ><div id=\"panel-170-3-1-0\" class=\"so-panel widget widget_sow-image panel-first-child\" data-index=\"7\" ><div\n\t\t\t\n\t\t\tclass=\"so-widget-sow-image so-widget-sow-image-default-8b5b6f678277-170\"\n\t\t\t\n\t\t>\n<div class=\"sow-image-container\">\n\t\t<img \n\tsrc=\"https:\/\/gallotimber.se\/se\/wp-content\/uploads\/2025\/02\/gallo-timber-hallbarhet.jpg\" width=\"1920\" height=\"1281\" srcset=\"https:\/\/gallotimber.se\/se\/wp-content\/uploads\/2025\/02\/gallo-timber-hallbarhet.jpg 1920w, https:\/\/gallotimber.se\/se\/wp-content\/uploads\/2025\/02\/gallo-timber-hallbarhet-300x200.jpg 300w, https:\/\/gallotimber.se\/se\/wp-content\/uploads\/2025\/02\/gallo-timber-hallbarhet-1024x683.jpg 1024w, https:\/\/gallotimber.se\/se\/wp-content\/uploads\/2025\/02\/gallo-timber-hallbarhet-768x512.jpg 768w, https:\/\/gallotimber.se\/se\/wp-content\/uploads\/2025\/02\/gallo-timber-hallbarhet-1536x1025.jpg 1536w, https:\/\/gallotimber.se\/se\/wp-content\/uploads\/2025\/02\/gallo-timber-hallbarhet-272x182.jpg 272w\" sizes=\"(max-width: 1920px) 100vw, 1920px\" alt=\"\" \t\tclass=\"so-widget-image\"\/>\n\t<\/div>\n\n<\/div><\/div><div id=\"panel-170-3-1-1\" class=\"so-panel widget widget_sow-editor panel-last-child\" data-index=\"8\" ><div\n\t\t\t\n\t\t\tclass=\"so-widget-sow-editor so-widget-sow-editor-base\"\n\t\t\t\n\t\t><h3 class=\"widget-title\">Truck- och traktorf\u00f6rare<\/h3>\n<div class=\"siteorigin-widget-tinymce textwidget\">\n\t<p><span>Vi s\u00f6ker nu\u00a0<\/span>Truck - och Traktorf\u00f6rare <span>till sommaren med uppdrag p\u00e5 G\u00e4ll\u00f6 Timber AB. I rollen som maskinf\u00f6rare arbetar du med arbetsuppgifter s\u00e5 som lastning, lossning och hantering av gods. <\/span><\/p>\n<div class=\"im-text-button1\"><a href=\"https:\/\/onepartnergroup.recman.page\/job\/466270\" target=\"_blank\" rel=\"noopener\">L\u00e4s mer och s\u00f6k tj\u00e4nsten<\/a><\/div>\n<\/div>\n<\/div><\/div><\/div><\/div><\/div>","protected":false},"excerpt":{"rendered":"<p>Dags f\u00f6r en ny utmaning? Jobba hos oss G\u00e4ll\u00f6 Timber AB \u00e4r ett s\u00e5gverk i G\u00e4ll\u00f6, J\u00e4mtland, strax s\u00f6der om \u00d6stersund. Vi \u00e4r den st\u00f6rsta arbetsgivaren i Br\u00e4cke kommun och ett av Norrlands st\u00f6rsta s\u00e5gverk. \u00c4r du intresserad av att jobba hos oss? S\u00f6k n\u00e5gon av v\u00e5ra aktuella tj\u00e4nster eller skicka en intresseanm\u00e4lan. Vi v\u00e4xer [&hellip;]<\/p>\n","protected":false},"author":1,"featured_media":0,"parent":0,"menu_order":0,"comment_status":"closed","ping_status":"closed","template":"","meta":{"footnotes":""},"class_list":["post-170","page","type-page","status-publish","hentry"],"yoast_head":"<!-- This site is optimized with the Yoast SEO plugin v27.4 - https:\/\/yoast.com\/product\/yoast-seo-wordpress\/ -->\n<title>Jobba hos oss - G\u00e4ll\u00f6 Timber<\/title>\n<meta name=\"robots\" content=\"index, follow, max-snippet:-1, max-image-preview:large, max-video-preview:-1\" \/>\n<link rel=\"canonical\" href=\"https:\/\/gallotimber.se\/se\/jobba-hos-oss\/\" \/>\n<meta property=\"og:locale\" content=\"sv_SE\" \/>\n<meta property=\"og:type\" content=\"article\" \/>\n<meta property=\"og:title\" content=\"Jobba hos oss - G\u00e4ll\u00f6 Timber\" \/>\n<meta property=\"og:description\" content=\"Dags f\u00f6r en ny utmaning? Jobba hos oss G\u00e4ll\u00f6 Timber AB \u00e4r ett s\u00e5gverk i G\u00e4ll\u00f6, J\u00e4mtland, strax s\u00f6der om \u00d6stersund. Vi \u00e4r den st\u00f6rsta arbetsgivaren i Br\u00e4cke kommun och ett av Norrlands st\u00f6rsta s\u00e5gverk. \u00c4r du intresserad av att jobba hos oss? S\u00f6k n\u00e5gon av v\u00e5ra aktuella tj\u00e4nster eller skicka en intresseanm\u00e4lan. Vi v\u00e4xer [&hellip;]\" \/>\n<meta property=\"og:url\" content=\"https:\/\/gallotimber.se\/se\/jobba-hos-oss\/\" \/>\n<meta property=\"og:site_name\" content=\"G\u00e4ll\u00f6 Timber\" \/>\n<meta property=\"article:modified_time\" content=\"2026-02-12T09:02:17+00:00\" \/>\n<meta name=\"twitter:card\" content=\"summary_large_image\" \/>\n<meta name=\"twitter:label1\" content=\"Ber\u00e4knad l\u00e4stid\" \/>\n\t<meta name=\"twitter:data1\" content=\"2 minuter\" \/>\n<script type=\"application\/ld+json\" class=\"yoast-schema-graph\">{\"@context\":\"https:\\\/\\\/schema.org\",\"@graph\":[{\"@type\":\"WebPage\",\"@id\":\"https:\\\/\\\/gallotimber.se\\\/se\\\/jobba-hos-oss\\\/\",\"url\":\"https:\\\/\\\/gallotimber.se\\\/se\\\/jobba-hos-oss\\\/\",\"name\":\"Jobba hos oss - G\u00e4ll\u00f6 Timber\",\"isPartOf\":{\"@id\":\"https:\\\/\\\/gallotimber.se\\\/se\\\/#website\"},\"datePublished\":\"2023-01-17T09:47:20+00:00\",\"dateModified\":\"2026-02-12T09:02:17+00:00\",\"breadcrumb\":{\"@id\":\"https:\\\/\\\/gallotimber.se\\\/se\\\/jobba-hos-oss\\\/#breadcrumb\"},\"inLanguage\":\"sv-SE\",\"potentialAction\":[{\"@type\":\"ReadAction\",\"target\":[\"https:\\\/\\\/gallotimber.se\\\/se\\\/jobba-hos-oss\\\/\"]}]},{\"@type\":\"BreadcrumbList\",\"@id\":\"https:\\\/\\\/gallotimber.se\\\/se\\\/jobba-hos-oss\\\/#breadcrumb\",\"itemListElement\":[{\"@type\":\"ListItem\",\"position\":1,\"name\":\"Hem\",\"item\":\"https:\\\/\\\/gallotimber.se\\\/se\\\/\"},{\"@type\":\"ListItem\",\"position\":2,\"name\":\"Jobba hos oss\"}]},{\"@type\":\"WebSite\",\"@id\":\"https:\\\/\\\/gallotimber.se\\\/se\\\/#website\",\"url\":\"https:\\\/\\\/gallotimber.se\\\/se\\\/\",\"name\":\"G\u00e4ll\u00f6 Timber\",\"description\":\"G\u00e4ll\u00f6 Timber s\u00e5gverk\",\"potentialAction\":[{\"@type\":\"SearchAction\",\"target\":{\"@type\":\"EntryPoint\",\"urlTemplate\":\"https:\\\/\\\/gallotimber.se\\\/se\\\/?s={search_term_string}\"},\"query-input\":{\"@type\":\"PropertyValueSpecification\",\"valueRequired\":true,\"valueName\":\"search_term_string\"}}],\"inLanguage\":\"sv-SE\"}]}<\/script>\n<!-- \/ Yoast SEO plugin. -->","yoast_head_json":{"title":"Jobba hos oss - G\u00e4ll\u00f6 Timber","robots":{"index":"index","follow":"follow","max-snippet":"max-snippet:-1","max-image-preview":"max-image-preview:large","max-video-preview":"max-video-preview:-1"},"canonical":"https:\/\/gallotimber.se\/se\/jobba-hos-oss\/","og_locale":"sv_SE","og_type":"article","og_title":"Jobba hos oss - G\u00e4ll\u00f6 Timber","og_description":"Dags f\u00f6r en ny utmaning? Jobba hos oss G\u00e4ll\u00f6 Timber AB \u00e4r ett s\u00e5gverk i G\u00e4ll\u00f6, J\u00e4mtland, strax s\u00f6der om \u00d6stersund. Vi \u00e4r den st\u00f6rsta arbetsgivaren i Br\u00e4cke kommun och ett av Norrlands st\u00f6rsta s\u00e5gverk. \u00c4r du intresserad av att jobba hos oss? S\u00f6k n\u00e5gon av v\u00e5ra aktuella tj\u00e4nster eller skicka en intresseanm\u00e4lan. Vi v\u00e4xer [&hellip;]","og_url":"https:\/\/gallotimber.se\/se\/jobba-hos-oss\/","og_site_name":"G\u00e4ll\u00f6 Timber","article_modified_time":"2026-02-12T09:02:17+00:00","twitter_card":"summary_large_image","twitter_misc":{"Ber\u00e4knad l\u00e4stid":"2 minuter"},"schema":{"@context":"https:\/\/schema.org","@graph":[{"@type":"WebPage","@id":"https:\/\/gallotimber.se\/se\/jobba-hos-oss\/","url":"https:\/\/gallotimber.se\/se\/jobba-hos-oss\/","name":"Jobba hos oss - G\u00e4ll\u00f6 Timber","isPartOf":{"@id":"https:\/\/gallotimber.se\/se\/#website"},"datePublished":"2023-01-17T09:47:20+00:00","dateModified":"2026-02-12T09:02:17+00:00","breadcrumb":{"@id":"https:\/\/gallotimber.se\/se\/jobba-hos-oss\/#breadcrumb"},"inLanguage":"sv-SE","potentialAction":[{"@type":"ReadAction","target":["https:\/\/gallotimber.se\/se\/jobba-hos-oss\/"]}]},{"@type":"BreadcrumbList","@id":"https:\/\/gallotimber.se\/se\/jobba-hos-oss\/#breadcrumb","itemListElement":[{"@type":"ListItem","position":1,"name":"Hem","item":"https:\/\/gallotimber.se\/se\/"},{"@type":"ListItem","position":2,"name":"Jobba hos oss"}]},{"@type":"WebSite","@id":"https:\/\/gallotimber.se\/se\/#website","url":"https:\/\/gallotimber.se\/se\/","name":"G\u00e4ll\u00f6 Timber","description":"G\u00e4ll\u00f6 Timber s\u00e5gverk","potentialAction":[{"@type":"SearchAction","target":{"@type":"EntryPoint","urlTemplate":"https:\/\/gallotimber.se\/se\/?s={search_term_string}"},"query-input":{"@type":"PropertyValueSpecification","valueRequired":true,"valueName":"search_term_string"}}],"inLanguage":"sv-SE"}]}},"_links":{"self":[{"href":"https:\/\/gallotimber.se\/se\/wp-json\/wp\/v2\/pages\/170","targetHints":{"allow":["GET"]}}],"collection":[{"href":"https:\/\/gallotimber.se\/se\/wp-json\/wp\/v2\/pages"}],"about":[{"href":"https:\/\/gallotimber.se\/se\/wp-json\/wp\/v2\/types\/page"}],"author":[{"embeddable":true,"href":"https:\/\/gallotimber.se\/se\/wp-json\/wp\/v2\/users\/1"}],"replies":[{"embeddable":true,"href":"https:\/\/gallotimber.se\/se\/wp-json\/wp\/v2\/comments?post=170"}],"version-history":[{"count":18,"href":"https:\/\/gallotimber.se\/se\/wp-json\/wp\/v2\/pages\/170\/revisions"}],"predecessor-version":[{"id":616,"href":"https:\/\/gallotimber.se\/se\/wp-json\/wp\/v2\/pages\/170\/revisions\/616"}],"wp:attachment":[{"href":"https:\/\/gallotimber.se\/se\/wp-json\/wp\/v2\/media?parent=170"}],"curies":[{"name":"wp","href":"https:\/\/api.w.org\/{rel}","templated":true}]}}