{"id":191,"date":"2023-01-31T13:23:55","date_gmt":"2023-01-31T13:23:55","guid":{"rendered":"http:\/\/gallotimber.internetmedia.se\/?page_id=191"},"modified":"2024-07-03T11:45:34","modified_gmt":"2024-07-03T11:45:34","slug":"ravaran","status":"publish","type":"page","link":"https:\/\/gallotimber.se\/se\/ravaran\/","title":{"rendered":"R\u00e5varan"},"content":{"rendered":"<div id=\"pl-191\"  class=\"panel-layout\" ><div id=\"pg-191-0\"  class=\"panel-grid panel-has-style\"  data-cells=\"2\" ><div class=\"im-subpage-hero im-bg-image panel-row-style panel-row-style-for-191-0\" ><div id=\"pgc-191-0-0\"  class=\"panel-grid-cell panel-grid-cell-mobile-last\" ><div id=\"panel-191-0-0-0\" class=\"so-panel widget widget_sow-editor panel-first-child panel-last-child\" data-index=\"0\" ><div\n\t\t\t\n\t\t\tclass=\"so-widget-sow-editor so-widget-sow-editor-base\"\n\t\t\t\n\t\t>\n<div class=\"siteorigin-widget-tinymce textwidget\">\n\t<h1>R\u00e5vara fr\u00e5n norrl\u00e4ndska skogar.<\/h1>\n<p><strong>Gran \u00e4r vanligaste tr\u00e4slaget p\u00e5 s\u00e5gverket i G\u00e4ll\u00f6. Nu satsar vi \u00e4ven p\u00e5 att g\u00f6ra panel och m\u00f6belvirke av contortatall.<\/strong><\/p>\n<\/div>\n<\/div><\/div><\/div><div id=\"pgc-191-0-1\"  class=\"panel-grid-cell panel-grid-cell-empty\" ><\/div><\/div><\/div><div id=\"pg-191-1\"  class=\"panel-grid panel-no-style\"  data-cells=\"2\" ><div id=\"pgc-191-1-0\"  class=\"panel-grid-cell\" ><div id=\"panel-191-1-0-0\" class=\"so-panel widget widget_sow-editor panel-first-child panel-last-child\" data-index=\"1\" ><div\n\t\t\t\n\t\t\tclass=\"so-widget-sow-editor so-widget-sow-editor-base\"\n\t\t\t\n\t\t>\n<div class=\"siteorigin-widget-tinymce textwidget\">\n\t<h2><img loading=\"lazy\" decoding=\"async\" class=\"alignnone wp-image-263 size-full\" src=\"http:\/\/gallotimber.internetmedia.se\/wp-content\/uploads\/2023\/02\/GT_ravaran.jpg\" alt=\"\" width=\"1920\" height=\"1280\" srcset=\"https:\/\/gallotimber.se\/se\/wp-content\/uploads\/2023\/02\/GT_ravaran.jpg 1920w, https:\/\/gallotimber.se\/se\/wp-content\/uploads\/2023\/02\/GT_ravaran-300x200.jpg 300w, https:\/\/gallotimber.se\/se\/wp-content\/uploads\/2023\/02\/GT_ravaran-1024x683.jpg 1024w, https:\/\/gallotimber.se\/se\/wp-content\/uploads\/2023\/02\/GT_ravaran-768x512.jpg 768w, https:\/\/gallotimber.se\/se\/wp-content\/uploads\/2023\/02\/GT_ravaran-1536x1024.jpg 1536w, https:\/\/gallotimber.se\/se\/wp-content\/uploads\/2023\/02\/GT_ravaran-272x182.jpg 272w\" sizes=\"auto, (max-width: 1920px) 100vw, 1920px\" \/><\/h2>\n<h2>I G\u00e4ll\u00f6 s\u00e5gas gran och tall<\/h2>\n<p><strong>Gran <\/strong>\u2013 Det absolut vanligaste tr\u00e4slaget som s\u00e5gas p\u00e5 G\u00e4ll\u00f6 Timber och anv\u00e4nds med f\u00f6rdel som byggnads- och konstruktionsvirke, men slutprodukten kan ocks\u00e5 vara, ytterpaneler,\u00a0emballage eller m\u00f6bler.<\/p>\n<p><strong>Contorta<\/strong> \u2013 Den nordamerikanska contortatallen \u00e4r mer snabbv\u00e4xande \u00e4n tall och blev d\u00e4rf\u00f6r snabbt popul\u00e4r n\u00e4r den b\u00f6rjade planteras i st\u00f6rre omfattning i s\u00f6dra Norrland under 1970-talet. Det inneb\u00e4r att det nu kommer en period d\u00e4r den ska avverkas och anv\u00e4ndas. Traditionellt har contortatall anv\u00e4nts av massaindustrin, men p\u00e5 G\u00e4ll\u00f6 Timber har vi specialiserat oss p\u00e5 att ta ut s\u00e5gade r\u00e5varor ur contortan.<br \/>\n&nbsp;<\/p>\n<div class=\"im-text-button1\" style=\"text-align: left;\"><a href=\"https:\/\/gallotimber.se\/se\/contorta\/\">L\u00e4s mer om contorta<\/a><\/div>\n<\/div>\n<\/div><\/div><\/div><div id=\"pgc-191-1-1\"  class=\"panel-grid-cell\" ><div id=\"panel-191-1-1-0\" class=\"so-panel widget widget_sow-editor panel-first-child panel-last-child\" data-index=\"2\" ><div\n\t\t\t\n\t\t\tclass=\"so-widget-sow-editor so-widget-sow-editor-base\"\n\t\t\t\n\t\t>\n<div class=\"siteorigin-widget-tinymce textwidget\">\n\t<h2><img loading=\"lazy\" decoding=\"async\" class=\"alignnone size-full wp-image-264\" src=\"http:\/\/gallotimber.internetmedia.se\/wp-content\/uploads\/2023\/02\/GT_gelfa.jpg\" alt=\"\" width=\"1920\" height=\"1280\" srcset=\"https:\/\/gallotimber.se\/se\/wp-content\/uploads\/2023\/02\/GT_gelfa.jpg 1920w, https:\/\/gallotimber.se\/se\/wp-content\/uploads\/2023\/02\/GT_gelfa-300x200.jpg 300w, https:\/\/gallotimber.se\/se\/wp-content\/uploads\/2023\/02\/GT_gelfa-1024x683.jpg 1024w, https:\/\/gallotimber.se\/se\/wp-content\/uploads\/2023\/02\/GT_gelfa-768x512.jpg 768w, https:\/\/gallotimber.se\/se\/wp-content\/uploads\/2023\/02\/GT_gelfa-1536x1024.jpg 1536w, https:\/\/gallotimber.se\/se\/wp-content\/uploads\/2023\/02\/GT_gelfa-272x182.jpg 272w\" sizes=\"auto, (max-width: 1920px) 100vw, 1920px\" \/><\/h2>\n<h2>G\u00e4ll\u00f6 komponentfabrik<br \/>\n\u2013 ger mer av stocken<\/h2>\n<p>Ut\u00f6ver s\u00e5gverket i G\u00e4ll\u00f6 driver vi ocks\u00e5 sedan 2019 en egen vidaref\u00f6r\u00e4dlingsenhet, G\u00e4ll\u00f6 komponentfabrik. H\u00e4r har vi sedan 2019 kapat v\u00e5r egen s\u00e5gade tr\u00e4vara med fokus p\u00e5 emballage- och pallproduducenter. Vi kapar exakt och paketerar br\u00e4dorna s\u00e5 att eng\u00e5ngspallarna kan produceras effektivt enligt kundernas \u00f6nskem\u00e5l. Merparten av emballagekomponenterna g\u00e5r till Norge.<\/p>\n<p>Under det senaste \u00e5ret har vi ocks\u00e5 b\u00f6rjat hyvla en del r\u00e5vara och kan d\u00e4rf\u00f6r erbjuda ett \u00e4nnu bredare produktsortiment. Tack vare den h\u00e4r typen av innovationer skapar vi dessutom fler arbetstillf\u00e4llen, samtidigt som vi forts\u00e4tter att utveckla internationella samarbeten.<\/p>\n<\/div>\n<\/div><\/div><\/div><\/div><div id=\"pg-191-2\"  class=\"panel-grid panel-has-style\"  data-cells=\"2\" ><div class=\"im-subpage-hero im-bg-grey panel-row-style panel-row-style-for-191-2\" ><div id=\"pgc-191-2-0\"  class=\"panel-grid-cell\" ><div id=\"panel-191-2-0-0\" class=\"so-panel widget widget_sow-editor panel-first-child panel-last-child\" data-index=\"3\" ><div\n\t\t\t\n\t\t\tclass=\"so-widget-sow-editor so-widget-sow-editor-base\"\n\t\t\t\n\t\t>\n<div class=\"siteorigin-widget-tinymce textwidget\">\n\t<h2>G\u00e4ll\u00f6 Skog<\/h2>\n<p>R\u00e5varan levereras till s\u00e5gen fr\u00e5n de norrl\u00e4ndska skogarna via virkesk\u00f6parna och organisationen i G\u00e4ll\u00f6 Skog \u2013 en del av G\u00e4ll\u00f6 Timber AB. G\u00e4ll\u00f6 Skog l\u00e5ter de som har lokal kunskap fatta beslut och gemensamt hittar vi nya l\u00f6sningar f\u00f6r att optimera timmeruttaget i skogen. Med konventionella avverkningsrutiner, eller hyggesfria metoder om skogs\u00e4garen har speciella \u00f6nskem\u00e5l med sin skog.<\/p>\n<p>G\u00e4ll\u00f6 Skog ser till att jobba n\u00e4ra skogs\u00e4gare och entrepren\u00f6rer med allt fr\u00e5n planering och plantering, sk\u00f6tsel, r\u00f6jning, gallring, markberedning och avverkning. En trygg partner fr\u00e5n planta till planka.<\/p>\n<div class=\"im-text-button1\"><a href=\"https:\/\/www.galloskog.se\/\">L\u00e4s mer om G\u00e4ll\u00f6 Skog<\/a><\/div>\n<\/div>\n<\/div><\/div><\/div><div id=\"pgc-191-2-1\"  class=\"panel-grid-cell\" ><div id=\"panel-191-2-1-0\" class=\"so-panel widget widget_sow-image panel-first-child panel-last-child\" data-index=\"4\" ><div\n\t\t\t\n\t\t\tclass=\"so-widget-sow-image so-widget-sow-image-default-c4f6304fc136-191\"\n\t\t\t\n\t\t>\n<div class=\"sow-image-container\">\n\t\t<img \n\tsrc=\"https:\/\/gallotimber.se\/se\/wp-content\/uploads\/2023\/02\/GS_hero.jpg\" width=\"2543\" height=\"2363\" srcset=\"https:\/\/gallotimber.se\/se\/wp-content\/uploads\/2023\/02\/GS_hero.jpg 2543w, https:\/\/gallotimber.se\/se\/wp-content\/uploads\/2023\/02\/GS_hero-300x279.jpg 300w, https:\/\/gallotimber.se\/se\/wp-content\/uploads\/2023\/02\/GS_hero-1024x952.jpg 1024w, https:\/\/gallotimber.se\/se\/wp-content\/uploads\/2023\/02\/GS_hero-768x714.jpg 768w, https:\/\/gallotimber.se\/se\/wp-content\/uploads\/2023\/02\/GS_hero-1536x1427.jpg 1536w, https:\/\/gallotimber.se\/se\/wp-content\/uploads\/2023\/02\/GS_hero-2048x1903.jpg 2048w\" sizes=\"(max-width: 2543px) 100vw, 2543px\" alt=\"\" \t\tclass=\"so-widget-image\"\/>\n\t<\/div>\n\n<\/div><\/div><\/div><\/div><\/div><\/div>","protected":false},"excerpt":{"rendered":"<p>R\u00e5vara fr\u00e5n norrl\u00e4ndska skogar. Gran \u00e4r vanligaste tr\u00e4slaget p\u00e5 s\u00e5gverket i G\u00e4ll\u00f6. Nu satsar vi \u00e4ven p\u00e5 att g\u00f6ra panel och m\u00f6belvirke av contortatall. I G\u00e4ll\u00f6 s\u00e5gas gran och tall Gran \u2013 Det absolut vanligaste tr\u00e4slaget som s\u00e5gas p\u00e5 G\u00e4ll\u00f6 Timber och anv\u00e4nds med f\u00f6rdel som byggnads- och konstruktionsvirke, men slutprodukten kan ocks\u00e5 vara, ytterpaneler,\u00a0emballage [&hellip;]<\/p>\n","protected":false},"author":2,"featured_media":0,"parent":0,"menu_order":0,"comment_status":"closed","ping_status":"closed","template":"","meta":{"footnotes":""},"class_list":["post-191","page","type-page","status-publish","hentry"],"yoast_head":"<!-- This site is optimized with the Yoast SEO plugin v27.3 - https:\/\/yoast.com\/product\/yoast-seo-wordpress\/ -->\n<title>R\u00e5varan - G\u00e4ll\u00f6 Timber<\/title>\n<meta name=\"robots\" content=\"index, follow, max-snippet:-1, max-image-preview:large, max-video-preview:-1\" \/>\n<link rel=\"canonical\" href=\"https:\/\/gallotimber.se\/se\/ravaran\/\" \/>\n<meta property=\"og:locale\" content=\"sv_SE\" \/>\n<meta property=\"og:type\" content=\"article\" \/>\n<meta property=\"og:title\" content=\"R\u00e5varan - G\u00e4ll\u00f6 Timber\" \/>\n<meta property=\"og:description\" content=\"R\u00e5vara fr\u00e5n norrl\u00e4ndska skogar. Gran \u00e4r vanligaste tr\u00e4slaget p\u00e5 s\u00e5gverket i G\u00e4ll\u00f6. Nu satsar vi \u00e4ven p\u00e5 att g\u00f6ra panel och m\u00f6belvirke av contortatall. I G\u00e4ll\u00f6 s\u00e5gas gran och tall Gran \u2013 Det absolut vanligaste tr\u00e4slaget som s\u00e5gas p\u00e5 G\u00e4ll\u00f6 Timber och anv\u00e4nds med f\u00f6rdel som byggnads- och konstruktionsvirke, men slutprodukten kan ocks\u00e5 vara, ytterpaneler,\u00a0emballage [&hellip;]\" \/>\n<meta property=\"og:url\" content=\"https:\/\/gallotimber.se\/se\/ravaran\/\" \/>\n<meta property=\"og:site_name\" content=\"G\u00e4ll\u00f6 Timber\" \/>\n<meta property=\"article:modified_time\" content=\"2024-07-03T11:45:34+00:00\" \/>\n<meta property=\"og:image\" content=\"http:\/\/gallotimber.internetmedia.se\/wp-content\/uploads\/2023\/02\/GT_ravaran.jpg\" \/>\n<meta name=\"twitter:card\" content=\"summary_large_image\" \/>\n<meta name=\"twitter:label1\" content=\"Ber\u00e4knad l\u00e4stid\" \/>\n\t<meta name=\"twitter:data1\" content=\"3 minuter\" \/>\n<script type=\"application\/ld+json\" class=\"yoast-schema-graph\">{\"@context\":\"https:\\\/\\\/schema.org\",\"@graph\":[{\"@type\":\"WebPage\",\"@id\":\"https:\\\/\\\/gallotimber.se\\\/se\\\/ravaran\\\/\",\"url\":\"https:\\\/\\\/gallotimber.se\\\/se\\\/ravaran\\\/\",\"name\":\"R\u00e5varan - G\u00e4ll\u00f6 Timber\",\"isPartOf\":{\"@id\":\"https:\\\/\\\/gallotimber.se\\\/se\\\/#website\"},\"primaryImageOfPage\":{\"@id\":\"https:\\\/\\\/gallotimber.se\\\/se\\\/ravaran\\\/#primaryimage\"},\"image\":{\"@id\":\"https:\\\/\\\/gallotimber.se\\\/se\\\/ravaran\\\/#primaryimage\"},\"thumbnailUrl\":\"http:\\\/\\\/gallotimber.internetmedia.se\\\/wp-content\\\/uploads\\\/2023\\\/02\\\/GT_ravaran.jpg\",\"datePublished\":\"2023-01-31T13:23:55+00:00\",\"dateModified\":\"2024-07-03T11:45:34+00:00\",\"breadcrumb\":{\"@id\":\"https:\\\/\\\/gallotimber.se\\\/se\\\/ravaran\\\/#breadcrumb\"},\"inLanguage\":\"sv-SE\",\"potentialAction\":[{\"@type\":\"ReadAction\",\"target\":[\"https:\\\/\\\/gallotimber.se\\\/se\\\/ravaran\\\/\"]}]},{\"@type\":\"ImageObject\",\"inLanguage\":\"sv-SE\",\"@id\":\"https:\\\/\\\/gallotimber.se\\\/se\\\/ravaran\\\/#primaryimage\",\"url\":\"http:\\\/\\\/gallotimber.internetmedia.se\\\/wp-content\\\/uploads\\\/2023\\\/02\\\/GT_ravaran.jpg\",\"contentUrl\":\"http:\\\/\\\/gallotimber.internetmedia.se\\\/wp-content\\\/uploads\\\/2023\\\/02\\\/GT_ravaran.jpg\"},{\"@type\":\"BreadcrumbList\",\"@id\":\"https:\\\/\\\/gallotimber.se\\\/se\\\/ravaran\\\/#breadcrumb\",\"itemListElement\":[{\"@type\":\"ListItem\",\"position\":1,\"name\":\"Hem\",\"item\":\"https:\\\/\\\/gallotimber.se\\\/se\\\/\"},{\"@type\":\"ListItem\",\"position\":2,\"name\":\"R\u00e5varan\"}]},{\"@type\":\"WebSite\",\"@id\":\"https:\\\/\\\/gallotimber.se\\\/se\\\/#website\",\"url\":\"https:\\\/\\\/gallotimber.se\\\/se\\\/\",\"name\":\"G\u00e4ll\u00f6 Timber\",\"description\":\"G\u00e4ll\u00f6 Timber s\u00e5gverk\",\"potentialAction\":[{\"@type\":\"SearchAction\",\"target\":{\"@type\":\"EntryPoint\",\"urlTemplate\":\"https:\\\/\\\/gallotimber.se\\\/se\\\/?s={search_term_string}\"},\"query-input\":{\"@type\":\"PropertyValueSpecification\",\"valueRequired\":true,\"valueName\":\"search_term_string\"}}],\"inLanguage\":\"sv-SE\"}]}<\/script>\n<!-- \/ Yoast SEO plugin. -->","yoast_head_json":{"title":"R\u00e5varan - G\u00e4ll\u00f6 Timber","robots":{"index":"index","follow":"follow","max-snippet":"max-snippet:-1","max-image-preview":"max-image-preview:large","max-video-preview":"max-video-preview:-1"},"canonical":"https:\/\/gallotimber.se\/se\/ravaran\/","og_locale":"sv_SE","og_type":"article","og_title":"R\u00e5varan - G\u00e4ll\u00f6 Timber","og_description":"R\u00e5vara fr\u00e5n norrl\u00e4ndska skogar. Gran \u00e4r vanligaste tr\u00e4slaget p\u00e5 s\u00e5gverket i G\u00e4ll\u00f6. Nu satsar vi \u00e4ven p\u00e5 att g\u00f6ra panel och m\u00f6belvirke av contortatall. I G\u00e4ll\u00f6 s\u00e5gas gran och tall Gran \u2013 Det absolut vanligaste tr\u00e4slaget som s\u00e5gas p\u00e5 G\u00e4ll\u00f6 Timber och anv\u00e4nds med f\u00f6rdel som byggnads- och konstruktionsvirke, men slutprodukten kan ocks\u00e5 vara, ytterpaneler,\u00a0emballage [&hellip;]","og_url":"https:\/\/gallotimber.se\/se\/ravaran\/","og_site_name":"G\u00e4ll\u00f6 Timber","article_modified_time":"2024-07-03T11:45:34+00:00","og_image":[{"url":"http:\/\/gallotimber.internetmedia.se\/wp-content\/uploads\/2023\/02\/GT_ravaran.jpg","type":"","width":"","height":""}],"twitter_card":"summary_large_image","twitter_misc":{"Ber\u00e4knad l\u00e4stid":"3 minuter"},"schema":{"@context":"https:\/\/schema.org","@graph":[{"@type":"WebPage","@id":"https:\/\/gallotimber.se\/se\/ravaran\/","url":"https:\/\/gallotimber.se\/se\/ravaran\/","name":"R\u00e5varan - G\u00e4ll\u00f6 Timber","isPartOf":{"@id":"https:\/\/gallotimber.se\/se\/#website"},"primaryImageOfPage":{"@id":"https:\/\/gallotimber.se\/se\/ravaran\/#primaryimage"},"image":{"@id":"https:\/\/gallotimber.se\/se\/ravaran\/#primaryimage"},"thumbnailUrl":"http:\/\/gallotimber.internetmedia.se\/wp-content\/uploads\/2023\/02\/GT_ravaran.jpg","datePublished":"2023-01-31T13:23:55+00:00","dateModified":"2024-07-03T11:45:34+00:00","breadcrumb":{"@id":"https:\/\/gallotimber.se\/se\/ravaran\/#breadcrumb"},"inLanguage":"sv-SE","potentialAction":[{"@type":"ReadAction","target":["https:\/\/gallotimber.se\/se\/ravaran\/"]}]},{"@type":"ImageObject","inLanguage":"sv-SE","@id":"https:\/\/gallotimber.se\/se\/ravaran\/#primaryimage","url":"http:\/\/gallotimber.internetmedia.se\/wp-content\/uploads\/2023\/02\/GT_ravaran.jpg","contentUrl":"http:\/\/gallotimber.internetmedia.se\/wp-content\/uploads\/2023\/02\/GT_ravaran.jpg"},{"@type":"BreadcrumbList","@id":"https:\/\/gallotimber.se\/se\/ravaran\/#breadcrumb","itemListElement":[{"@type":"ListItem","position":1,"name":"Hem","item":"https:\/\/gallotimber.se\/se\/"},{"@type":"ListItem","position":2,"name":"R\u00e5varan"}]},{"@type":"WebSite","@id":"https:\/\/gallotimber.se\/se\/#website","url":"https:\/\/gallotimber.se\/se\/","name":"G\u00e4ll\u00f6 Timber","description":"G\u00e4ll\u00f6 Timber s\u00e5gverk","potentialAction":[{"@type":"SearchAction","target":{"@type":"EntryPoint","urlTemplate":"https:\/\/gallotimber.se\/se\/?s={search_term_string}"},"query-input":{"@type":"PropertyValueSpecification","valueRequired":true,"valueName":"search_term_string"}}],"inLanguage":"sv-SE"}]}},"_links":{"self":[{"href":"https:\/\/gallotimber.se\/se\/wp-json\/wp\/v2\/pages\/191","targetHints":{"allow":["GET"]}}],"collection":[{"href":"https:\/\/gallotimber.se\/se\/wp-json\/wp\/v2\/pages"}],"about":[{"href":"https:\/\/gallotimber.se\/se\/wp-json\/wp\/v2\/types\/page"}],"author":[{"embeddable":true,"href":"https:\/\/gallotimber.se\/se\/wp-json\/wp\/v2\/users\/2"}],"replies":[{"embeddable":true,"href":"https:\/\/gallotimber.se\/se\/wp-json\/wp\/v2\/comments?post=191"}],"version-history":[{"count":16,"href":"https:\/\/gallotimber.se\/se\/wp-json\/wp\/v2\/pages\/191\/revisions"}],"predecessor-version":[{"id":510,"href":"https:\/\/gallotimber.se\/se\/wp-json\/wp\/v2\/pages\/191\/revisions\/510"}],"wp:attachment":[{"href":"https:\/\/gallotimber.se\/se\/wp-json\/wp\/v2\/media?parent=191"}],"curies":[{"name":"wp","href":"https:\/\/api.w.org\/{rel}","templated":true}]}}