{"id":197,"date":"2023-01-31T13:25:51","date_gmt":"2023-01-31T13:25:51","guid":{"rendered":"http:\/\/gallotimber.internetmedia.se\/?page_id=197"},"modified":"2025-02-25T13:59:36","modified_gmt":"2025-02-25T13:59:36","slug":"sagverket","status":"publish","type":"page","link":"https:\/\/gallotimber.se\/se\/sagverket\/","title":{"rendered":"S\u00e5gverket"},"content":{"rendered":"<div id=\"pl-197\"  class=\"panel-layout\" ><div id=\"pg-197-0\"  class=\"panel-grid panel-has-style\"  data-cells=\"2\" ><div class=\"im-subpage-hero im-bg-image panel-row-style panel-row-style-for-197-0\" ><div id=\"pgc-197-0-0\"  class=\"panel-grid-cell panel-grid-cell-mobile-last\" ><div id=\"panel-197-0-0-0\" class=\"so-panel widget widget_sow-editor panel-first-child panel-last-child\" data-index=\"0\" ><div\n\t\t\t\n\t\t\tclass=\"so-widget-sow-editor so-widget-sow-editor-base\"\n\t\t\t\n\t\t>\n<div class=\"siteorigin-widget-tinymce textwidget\">\n\t<h1>S\u00e5 fungerar s\u00e5gverket<\/h1>\n<p><strong>H\u00e4r rullar det in ungef\u00e4r 55 timmerbilar med gran- och talltimmer varje dag. F\u00f6lj med med in till s\u00e5gverket och se hur en stock blir en planka.<\/strong><\/p>\n<\/div>\n<\/div><\/div><\/div><div id=\"pgc-197-0-1\"  class=\"panel-grid-cell panel-grid-cell-empty\" ><\/div><\/div><\/div><div id=\"pg-197-1\"  class=\"panel-grid panel-no-style\"  data-cells=\"3\" ><div id=\"pgc-197-1-0\"  class=\"panel-grid-cell\" ><div id=\"panel-197-1-0-0\" class=\"so-panel widget widget_sow-editor panel-first-child panel-last-child\" data-index=\"1\" ><div\n\t\t\t\n\t\t\tclass=\"so-widget-sow-editor so-widget-sow-editor-base\"\n\t\t\t\n\t\t>\n<div class=\"siteorigin-widget-tinymce textwidget\">\n\t<h3><img loading=\"lazy\" decoding=\"async\" class=\"alignnone wp-image-549 size-full\" src=\"https:\/\/gallotimber.se\/se\/wp-content\/uploads\/2025\/02\/gallo-timber-inmatning.jpg\" alt=\"\" width=\"1920\" height=\"1281\" srcset=\"https:\/\/gallotimber.se\/se\/wp-content\/uploads\/2025\/02\/gallo-timber-inmatning.jpg 1920w, https:\/\/gallotimber.se\/se\/wp-content\/uploads\/2025\/02\/gallo-timber-inmatning-300x200.jpg 300w, https:\/\/gallotimber.se\/se\/wp-content\/uploads\/2025\/02\/gallo-timber-inmatning-1024x683.jpg 1024w, https:\/\/gallotimber.se\/se\/wp-content\/uploads\/2025\/02\/gallo-timber-inmatning-768x512.jpg 768w, https:\/\/gallotimber.se\/se\/wp-content\/uploads\/2025\/02\/gallo-timber-inmatning-1536x1025.jpg 1536w, https:\/\/gallotimber.se\/se\/wp-content\/uploads\/2025\/02\/gallo-timber-inmatning-272x182.jpg 272w\" sizes=\"auto, (max-width: 1920px) 100vw, 1920px\" \/><\/h3>\n<h3><strong>1. M\u00e4tstation<\/strong><\/h3>\n<p>F\u00f6r att h\u00e5lla produktionen uppe kr\u00e4vs att det kommer ungef\u00e4r 2 000 m3fub (kubikmeter fast under bark) timmer varje dag, \u00e5ret runt. Det motsvarar ungef\u00e4r 55 timmerbilar. Timret blir kameram\u00e4tt automatiskt p\u00e5 volym och kvalitet av Biometria innan det l\u00e4ggs i osorterade v\u00e4ltor. D\u00e4refter sorteras virket efter kvalitet och dimension och l\u00e4ggs i mindre v\u00e4ltor utefter vilken toppdiameter stocken har.<\/p>\n<\/div>\n<\/div><\/div><\/div><div id=\"pgc-197-1-1\"  class=\"panel-grid-cell\" ><div id=\"panel-197-1-1-0\" class=\"so-panel widget widget_sow-editor panel-first-child panel-last-child\" data-index=\"2\" ><div\n\t\t\t\n\t\t\tclass=\"so-widget-sow-editor so-widget-sow-editor-base\"\n\t\t\t\n\t\t>\n<div class=\"siteorigin-widget-tinymce textwidget\">\n\t<p><img loading=\"lazy\" decoding=\"async\" class=\"alignnone size-full wp-image-269\" src=\"http:\/\/gallotimber.internetmedia.se\/wp-content\/uploads\/2023\/02\/GT_sag.jpg\" alt=\"\" width=\"1920\" height=\"1280\" srcset=\"https:\/\/gallotimber.se\/se\/wp-content\/uploads\/2023\/02\/GT_sag.jpg 1920w, https:\/\/gallotimber.se\/se\/wp-content\/uploads\/2023\/02\/GT_sag-300x200.jpg 300w, https:\/\/gallotimber.se\/se\/wp-content\/uploads\/2023\/02\/GT_sag-1024x683.jpg 1024w, https:\/\/gallotimber.se\/se\/wp-content\/uploads\/2023\/02\/GT_sag-768x512.jpg 768w, https:\/\/gallotimber.se\/se\/wp-content\/uploads\/2023\/02\/GT_sag-1536x1024.jpg 1536w, https:\/\/gallotimber.se\/se\/wp-content\/uploads\/2023\/02\/GT_sag-272x182.jpg 272w\" sizes=\"auto, (max-width: 1920px) 100vw, 1920px\" \/><\/p>\n<h3>2. S\u00e5gen<\/h3>\n<p>Timmerklassade stockar fr\u00e5n m\u00e4tstation l\u00e4ggs p\u00e5 s\u00e5gb\u00e4nken innan den g\u00e5r in i barkmaskinen. Timret avbarkas och passerar genom en m\u00e4tram som skannar av dimension och toppdiametern av stocken. Stocken m\u00e4ts in i en tredimensionell m\u00e4tram som r\u00e4knar ut maximalt utbyte av varje stock. F\u00f6r att maximera utbytet av r\u00e5varan ytterligare, flyttar sig fr\u00e4sarna i h\u00f6jdled f\u00f6r att optimera varje stock och g\u00f6ra olika bredder p\u00e5 varje br\u00e4da.<\/p>\n<\/div>\n<\/div><\/div><\/div><div id=\"pgc-197-1-2\"  class=\"panel-grid-cell\" ><div id=\"panel-197-1-2-0\" class=\"so-panel widget widget_sow-editor panel-first-child panel-last-child\" data-index=\"3\" ><div\n\t\t\t\n\t\t\tclass=\"so-widget-sow-editor so-widget-sow-editor-base\"\n\t\t\t\n\t\t>\n<div class=\"siteorigin-widget-tinymce textwidget\">\n\t<p><img loading=\"lazy\" decoding=\"async\" class=\"alignnone size-full wp-image-270\" src=\"http:\/\/gallotimber.internetmedia.se\/wp-content\/uploads\/2023\/02\/GT_sortering.jpg\" alt=\"\" width=\"1920\" height=\"1280\" srcset=\"https:\/\/gallotimber.se\/se\/wp-content\/uploads\/2023\/02\/GT_sortering.jpg 1920w, https:\/\/gallotimber.se\/se\/wp-content\/uploads\/2023\/02\/GT_sortering-300x200.jpg 300w, https:\/\/gallotimber.se\/se\/wp-content\/uploads\/2023\/02\/GT_sortering-1024x683.jpg 1024w, https:\/\/gallotimber.se\/se\/wp-content\/uploads\/2023\/02\/GT_sortering-768x512.jpg 768w, https:\/\/gallotimber.se\/se\/wp-content\/uploads\/2023\/02\/GT_sortering-1536x1024.jpg 1536w, https:\/\/gallotimber.se\/se\/wp-content\/uploads\/2023\/02\/GT_sortering-272x182.jpg 272w\" sizes=\"auto, (max-width: 1920px) 100vw, 1920px\" \/><\/p>\n<h3>3. R\u00e5sortering<\/h3>\n<p>Plankor och br\u00e4dor sorteras efter olika dimensioner, i olika fack. Sedan str\u00f6l\u00e4ggs de med torkstr\u00f6n mellan varje lager br\u00e4dor s\u00e5 luft kan passera mellan br\u00e4dorna i torkarna.<\/p>\n<\/div>\n<\/div><\/div><\/div><\/div><div id=\"pg-197-2\"  class=\"panel-grid panel-no-style\"  data-cells=\"3\" ><div id=\"pgc-197-2-0\"  class=\"panel-grid-cell\" ><div id=\"panel-197-2-0-0\" class=\"so-panel widget widget_sow-editor panel-first-child panel-last-child\" data-index=\"4\" ><div\n\t\t\t\n\t\t\tclass=\"so-widget-sow-editor so-widget-sow-editor-base\"\n\t\t\t\n\t\t>\n<div class=\"siteorigin-widget-tinymce textwidget\">\n\t<h3><img loading=\"lazy\" decoding=\"async\" class=\"alignnone wp-image-546 size-full\" src=\"https:\/\/gallotimber.se\/se\/wp-content\/uploads\/2025\/02\/gallo-timber-tork.jpg\" alt=\"\" width=\"1920\" height=\"1281\" srcset=\"https:\/\/gallotimber.se\/se\/wp-content\/uploads\/2025\/02\/gallo-timber-tork.jpg 1920w, https:\/\/gallotimber.se\/se\/wp-content\/uploads\/2025\/02\/gallo-timber-tork-300x200.jpg 300w, https:\/\/gallotimber.se\/se\/wp-content\/uploads\/2025\/02\/gallo-timber-tork-1024x683.jpg 1024w, https:\/\/gallotimber.se\/se\/wp-content\/uploads\/2025\/02\/gallo-timber-tork-768x512.jpg 768w, https:\/\/gallotimber.se\/se\/wp-content\/uploads\/2025\/02\/gallo-timber-tork-1536x1025.jpg 1536w, https:\/\/gallotimber.se\/se\/wp-content\/uploads\/2025\/02\/gallo-timber-tork-272x182.jpg 272w\" sizes=\"auto, (max-width: 1920px) 100vw, 1920px\" \/><\/h3>\n<h3>4. Tork<\/h3>\n<p>Beroende p\u00e5 tjocklek och bredd, eller \u00f6nskad slutgiltig fuktkvot mellan 12 och 20 procent, placeras paketen i olika torkar som \u00e4r uppv\u00e4rmda till cirka 60 grader och torkas i snitt fyra dagar. Torkarna v\u00e4rms upp genom eldning med barken fr\u00e5n processen.<\/p>\n<p>&nbsp;<\/p>\n<\/div>\n<\/div><\/div><\/div><div id=\"pgc-197-2-1\"  class=\"panel-grid-cell\" ><div id=\"panel-197-2-1-0\" class=\"so-panel widget widget_sow-editor panel-first-child panel-last-child\" data-index=\"5\" ><div\n\t\t\t\n\t\t\tclass=\"so-widget-sow-editor so-widget-sow-editor-base\"\n\t\t\t\n\t\t>\n<div class=\"siteorigin-widget-tinymce textwidget\">\n\t<h3><img loading=\"lazy\" decoding=\"async\" class=\"alignnone wp-image-548 size-full\" src=\"https:\/\/gallotimber.se\/se\/wp-content\/uploads\/2025\/02\/gallo-timber-justerverk.jpg\" alt=\"\" width=\"1920\" height=\"1281\" srcset=\"https:\/\/gallotimber.se\/se\/wp-content\/uploads\/2025\/02\/gallo-timber-justerverk.jpg 1920w, https:\/\/gallotimber.se\/se\/wp-content\/uploads\/2025\/02\/gallo-timber-justerverk-300x200.jpg 300w, https:\/\/gallotimber.se\/se\/wp-content\/uploads\/2025\/02\/gallo-timber-justerverk-1024x683.jpg 1024w, https:\/\/gallotimber.se\/se\/wp-content\/uploads\/2025\/02\/gallo-timber-justerverk-768x512.jpg 768w, https:\/\/gallotimber.se\/se\/wp-content\/uploads\/2025\/02\/gallo-timber-justerverk-1536x1025.jpg 1536w, https:\/\/gallotimber.se\/se\/wp-content\/uploads\/2025\/02\/gallo-timber-justerverk-272x182.jpg 272w\" sizes=\"auto, (max-width: 1920px) 100vw, 1920px\" \/><\/h3>\n<h3>5. Justerverk<\/h3>\n<p>Med den senaste kameratekniken kvalitetssorteras och l\u00e4ngdjusteras upp till 140 br\u00e4dor per minut. Den nya kamerasorteringen \u00f6kar v\u00e4rdeutbytet eftersom den \u201dser\u201d mycket b\u00e4ttre \u00e4n den tidigare. Vi sorterar \u00e4ven fram konstruktionsvirke till bygghandeln.<\/p>\n<p>Efter kamerorna kapas bitarna i trimmern till de l\u00e4ngder som \u00e4r f\u00f6rutbest\u00e4mt. Efter det paketeras och emballeras virket till f\u00e4rdigvara ut till slutkund.<\/p>\n<\/div>\n<\/div><\/div><\/div><div id=\"pgc-197-2-2\"  class=\"panel-grid-cell\" ><div id=\"panel-197-2-2-0\" class=\"so-panel widget widget_sow-editor panel-first-child panel-last-child\" data-index=\"6\" ><div\n\t\t\t\n\t\t\tclass=\"so-widget-sow-editor so-widget-sow-editor-base\"\n\t\t\t\n\t\t>\n<div class=\"siteorigin-widget-tinymce textwidget\">\n\t<p><img loading=\"lazy\" decoding=\"async\" class=\"alignnone size-full wp-image-273\" src=\"http:\/\/gallotimber.internetmedia.se\/wp-content\/uploads\/2023\/02\/GT_utlastning.jpg\" alt=\"\" width=\"1920\" height=\"1280\" srcset=\"https:\/\/gallotimber.se\/se\/wp-content\/uploads\/2023\/02\/GT_utlastning.jpg 1920w, https:\/\/gallotimber.se\/se\/wp-content\/uploads\/2023\/02\/GT_utlastning-300x200.jpg 300w, https:\/\/gallotimber.se\/se\/wp-content\/uploads\/2023\/02\/GT_utlastning-1024x683.jpg 1024w, https:\/\/gallotimber.se\/se\/wp-content\/uploads\/2023\/02\/GT_utlastning-768x512.jpg 768w, https:\/\/gallotimber.se\/se\/wp-content\/uploads\/2023\/02\/GT_utlastning-1536x1024.jpg 1536w, https:\/\/gallotimber.se\/se\/wp-content\/uploads\/2023\/02\/GT_utlastning-272x182.jpg 272w\" sizes=\"auto, (max-width: 1920px) 100vw, 1920px\" \/><\/p>\n<h3>6. Utlastning<\/h3>\n<p>F\u00e4rdigpackat virke lastas p\u00e5 lastbil f\u00f6r f\u00e4rd till slutkund. F\u00e4rden kan g\u00e5 till J\u00e4mtland eller Kina. Vi har kunder i hela v\u00e4rlden och lastar ut \u00f6ver 5 500 lastbilar virke per \u00e5r.<\/p>\n<\/div>\n<\/div><\/div><\/div><\/div><\/div>","protected":false},"excerpt":{"rendered":"<p>S\u00e5 fungerar s\u00e5gverket H\u00e4r rullar det in ungef\u00e4r 55 timmerbilar med gran- och talltimmer varje dag. F\u00f6lj med med in till s\u00e5gverket och se hur en stock blir en planka. 1. M\u00e4tstation F\u00f6r att h\u00e5lla produktionen uppe kr\u00e4vs att det kommer ungef\u00e4r 2 000 m3fub (kubikmeter fast under bark) timmer varje dag, \u00e5ret runt. Det [&hellip;]<\/p>\n","protected":false},"author":2,"featured_media":0,"parent":0,"menu_order":0,"comment_status":"closed","ping_status":"closed","template":"","meta":{"footnotes":""},"class_list":["post-197","page","type-page","status-publish","hentry"],"yoast_head":"<!-- This site is optimized with the Yoast SEO plugin v27.3 - https:\/\/yoast.com\/product\/yoast-seo-wordpress\/ -->\n<title>S\u00e5gverket - G\u00e4ll\u00f6 Timber<\/title>\n<meta name=\"robots\" content=\"index, follow, max-snippet:-1, max-image-preview:large, max-video-preview:-1\" \/>\n<link rel=\"canonical\" href=\"https:\/\/gallotimber.se\/se\/sagverket\/\" \/>\n<meta property=\"og:locale\" content=\"sv_SE\" \/>\n<meta property=\"og:type\" content=\"article\" \/>\n<meta property=\"og:title\" content=\"S\u00e5gverket - G\u00e4ll\u00f6 Timber\" \/>\n<meta property=\"og:description\" content=\"S\u00e5 fungerar s\u00e5gverket H\u00e4r rullar det in ungef\u00e4r 55 timmerbilar med gran- och talltimmer varje dag. F\u00f6lj med med in till s\u00e5gverket och se hur en stock blir en planka. 1. M\u00e4tstation F\u00f6r att h\u00e5lla produktionen uppe kr\u00e4vs att det kommer ungef\u00e4r 2 000 m3fub (kubikmeter fast under bark) timmer varje dag, \u00e5ret runt. Det [&hellip;]\" \/>\n<meta property=\"og:url\" content=\"https:\/\/gallotimber.se\/se\/sagverket\/\" \/>\n<meta property=\"og:site_name\" content=\"G\u00e4ll\u00f6 Timber\" \/>\n<meta property=\"article:modified_time\" content=\"2025-02-25T13:59:36+00:00\" \/>\n<meta property=\"og:image\" content=\"https:\/\/gallotimber.se\/se\/wp-content\/uploads\/2025\/02\/gallo-timber-inmatning.jpg\" \/>\n<meta name=\"twitter:card\" content=\"summary_large_image\" \/>\n<meta name=\"twitter:label1\" content=\"Ber\u00e4knad l\u00e4stid\" \/>\n\t<meta name=\"twitter:data1\" content=\"3 minuter\" \/>\n<script type=\"application\/ld+json\" class=\"yoast-schema-graph\">{\"@context\":\"https:\\\/\\\/schema.org\",\"@graph\":[{\"@type\":\"WebPage\",\"@id\":\"https:\\\/\\\/gallotimber.se\\\/se\\\/sagverket\\\/\",\"url\":\"https:\\\/\\\/gallotimber.se\\\/se\\\/sagverket\\\/\",\"name\":\"S\u00e5gverket - G\u00e4ll\u00f6 Timber\",\"isPartOf\":{\"@id\":\"https:\\\/\\\/gallotimber.se\\\/se\\\/#website\"},\"primaryImageOfPage\":{\"@id\":\"https:\\\/\\\/gallotimber.se\\\/se\\\/sagverket\\\/#primaryimage\"},\"image\":{\"@id\":\"https:\\\/\\\/gallotimber.se\\\/se\\\/sagverket\\\/#primaryimage\"},\"thumbnailUrl\":\"https:\\\/\\\/gallotimber.se\\\/se\\\/wp-content\\\/uploads\\\/2025\\\/02\\\/gallo-timber-inmatning.jpg\",\"datePublished\":\"2023-01-31T13:25:51+00:00\",\"dateModified\":\"2025-02-25T13:59:36+00:00\",\"breadcrumb\":{\"@id\":\"https:\\\/\\\/gallotimber.se\\\/se\\\/sagverket\\\/#breadcrumb\"},\"inLanguage\":\"sv-SE\",\"potentialAction\":[{\"@type\":\"ReadAction\",\"target\":[\"https:\\\/\\\/gallotimber.se\\\/se\\\/sagverket\\\/\"]}]},{\"@type\":\"ImageObject\",\"inLanguage\":\"sv-SE\",\"@id\":\"https:\\\/\\\/gallotimber.se\\\/se\\\/sagverket\\\/#primaryimage\",\"url\":\"https:\\\/\\\/gallotimber.se\\\/se\\\/wp-content\\\/uploads\\\/2025\\\/02\\\/gallo-timber-inmatning.jpg\",\"contentUrl\":\"https:\\\/\\\/gallotimber.se\\\/se\\\/wp-content\\\/uploads\\\/2025\\\/02\\\/gallo-timber-inmatning.jpg\",\"width\":1920,\"height\":1281},{\"@type\":\"BreadcrumbList\",\"@id\":\"https:\\\/\\\/gallotimber.se\\\/se\\\/sagverket\\\/#breadcrumb\",\"itemListElement\":[{\"@type\":\"ListItem\",\"position\":1,\"name\":\"Hem\",\"item\":\"https:\\\/\\\/gallotimber.se\\\/se\\\/\"},{\"@type\":\"ListItem\",\"position\":2,\"name\":\"S\u00e5gverket\"}]},{\"@type\":\"WebSite\",\"@id\":\"https:\\\/\\\/gallotimber.se\\\/se\\\/#website\",\"url\":\"https:\\\/\\\/gallotimber.se\\\/se\\\/\",\"name\":\"G\u00e4ll\u00f6 Timber\",\"description\":\"G\u00e4ll\u00f6 Timber s\u00e5gverk\",\"potentialAction\":[{\"@type\":\"SearchAction\",\"target\":{\"@type\":\"EntryPoint\",\"urlTemplate\":\"https:\\\/\\\/gallotimber.se\\\/se\\\/?s={search_term_string}\"},\"query-input\":{\"@type\":\"PropertyValueSpecification\",\"valueRequired\":true,\"valueName\":\"search_term_string\"}}],\"inLanguage\":\"sv-SE\"}]}<\/script>\n<!-- \/ Yoast SEO plugin. -->","yoast_head_json":{"title":"S\u00e5gverket - G\u00e4ll\u00f6 Timber","robots":{"index":"index","follow":"follow","max-snippet":"max-snippet:-1","max-image-preview":"max-image-preview:large","max-video-preview":"max-video-preview:-1"},"canonical":"https:\/\/gallotimber.se\/se\/sagverket\/","og_locale":"sv_SE","og_type":"article","og_title":"S\u00e5gverket - G\u00e4ll\u00f6 Timber","og_description":"S\u00e5 fungerar s\u00e5gverket H\u00e4r rullar det in ungef\u00e4r 55 timmerbilar med gran- och talltimmer varje dag. F\u00f6lj med med in till s\u00e5gverket och se hur en stock blir en planka. 1. M\u00e4tstation F\u00f6r att h\u00e5lla produktionen uppe kr\u00e4vs att det kommer ungef\u00e4r 2 000 m3fub (kubikmeter fast under bark) timmer varje dag, \u00e5ret runt. Det [&hellip;]","og_url":"https:\/\/gallotimber.se\/se\/sagverket\/","og_site_name":"G\u00e4ll\u00f6 Timber","article_modified_time":"2025-02-25T13:59:36+00:00","og_image":[{"url":"https:\/\/gallotimber.se\/se\/wp-content\/uploads\/2025\/02\/gallo-timber-inmatning.jpg","type":"","width":"","height":""}],"twitter_card":"summary_large_image","twitter_misc":{"Ber\u00e4knad l\u00e4stid":"3 minuter"},"schema":{"@context":"https:\/\/schema.org","@graph":[{"@type":"WebPage","@id":"https:\/\/gallotimber.se\/se\/sagverket\/","url":"https:\/\/gallotimber.se\/se\/sagverket\/","name":"S\u00e5gverket - G\u00e4ll\u00f6 Timber","isPartOf":{"@id":"https:\/\/gallotimber.se\/se\/#website"},"primaryImageOfPage":{"@id":"https:\/\/gallotimber.se\/se\/sagverket\/#primaryimage"},"image":{"@id":"https:\/\/gallotimber.se\/se\/sagverket\/#primaryimage"},"thumbnailUrl":"https:\/\/gallotimber.se\/se\/wp-content\/uploads\/2025\/02\/gallo-timber-inmatning.jpg","datePublished":"2023-01-31T13:25:51+00:00","dateModified":"2025-02-25T13:59:36+00:00","breadcrumb":{"@id":"https:\/\/gallotimber.se\/se\/sagverket\/#breadcrumb"},"inLanguage":"sv-SE","potentialAction":[{"@type":"ReadAction","target":["https:\/\/gallotimber.se\/se\/sagverket\/"]}]},{"@type":"ImageObject","inLanguage":"sv-SE","@id":"https:\/\/gallotimber.se\/se\/sagverket\/#primaryimage","url":"https:\/\/gallotimber.se\/se\/wp-content\/uploads\/2025\/02\/gallo-timber-inmatning.jpg","contentUrl":"https:\/\/gallotimber.se\/se\/wp-content\/uploads\/2025\/02\/gallo-timber-inmatning.jpg","width":1920,"height":1281},{"@type":"BreadcrumbList","@id":"https:\/\/gallotimber.se\/se\/sagverket\/#breadcrumb","itemListElement":[{"@type":"ListItem","position":1,"name":"Hem","item":"https:\/\/gallotimber.se\/se\/"},{"@type":"ListItem","position":2,"name":"S\u00e5gverket"}]},{"@type":"WebSite","@id":"https:\/\/gallotimber.se\/se\/#website","url":"https:\/\/gallotimber.se\/se\/","name":"G\u00e4ll\u00f6 Timber","description":"G\u00e4ll\u00f6 Timber s\u00e5gverk","potentialAction":[{"@type":"SearchAction","target":{"@type":"EntryPoint","urlTemplate":"https:\/\/gallotimber.se\/se\/?s={search_term_string}"},"query-input":{"@type":"PropertyValueSpecification","valueRequired":true,"valueName":"search_term_string"}}],"inLanguage":"sv-SE"}]}},"_links":{"self":[{"href":"https:\/\/gallotimber.se\/se\/wp-json\/wp\/v2\/pages\/197","targetHints":{"allow":["GET"]}}],"collection":[{"href":"https:\/\/gallotimber.se\/se\/wp-json\/wp\/v2\/pages"}],"about":[{"href":"https:\/\/gallotimber.se\/se\/wp-json\/wp\/v2\/types\/page"}],"author":[{"embeddable":true,"href":"https:\/\/gallotimber.se\/se\/wp-json\/wp\/v2\/users\/2"}],"replies":[{"embeddable":true,"href":"https:\/\/gallotimber.se\/se\/wp-json\/wp\/v2\/comments?post=197"}],"version-history":[{"count":19,"href":"https:\/\/gallotimber.se\/se\/wp-json\/wp\/v2\/pages\/197\/revisions"}],"predecessor-version":[{"id":550,"href":"https:\/\/gallotimber.se\/se\/wp-json\/wp\/v2\/pages\/197\/revisions\/550"}],"wp:attachment":[{"href":"https:\/\/gallotimber.se\/se\/wp-json\/wp\/v2\/media?parent=197"}],"curies":[{"name":"wp","href":"https:\/\/api.w.org\/{rel}","templated":true}]}}