{"id":201,"date":"2023-01-31T13:33:04","date_gmt":"2023-01-31T13:33:04","guid":{"rendered":"http:\/\/gallotimber.internetmedia.se\/?page_id=201"},"modified":"2025-02-25T13:51:32","modified_gmt":"2025-02-25T13:51:32","slug":"hallbart-skogsbruk","status":"publish","type":"page","link":"https:\/\/gallotimber.se\/se\/hallbart-skogsbruk\/","title":{"rendered":"H\u00e5llbart skogsbruk"},"content":{"rendered":"<div id=\"pl-201\"  class=\"panel-layout\" ><div id=\"pg-201-0\"  class=\"panel-grid panel-has-style\"  data-cells=\"2\" ><div class=\"im-subpage-hero im-bg-image panel-row-style panel-row-style-for-201-0\" ><div id=\"pgc-201-0-0\"  class=\"panel-grid-cell panel-grid-cell-mobile-last\" ><div id=\"panel-201-0-0-0\" class=\"so-panel widget widget_sow-editor panel-first-child panel-last-child\" data-index=\"0\" ><div\n\t\t\t\n\t\t\tclass=\"so-widget-sow-editor so-widget-sow-editor-base\"\n\t\t\t\n\t\t>\n<div class=\"siteorigin-widget-tinymce textwidget\">\n\t<h1>Med ansvar f\u00f6r ett h\u00e5llbart skogsbruk<\/h1>\n<p><strong>V\u00e5rt milj\u00f6arbete pr\u00e4glas av helhetssyn och bedrivs med m\u00e5let att uppn\u00e5 st\u00e4ndiga f\u00f6rb\u00e4ttringar, f\u00f6rebygga f\u00f6roreningar och minska v\u00e5r milj\u00f6p\u00e5verkan.<\/strong><\/p>\n<\/div>\n<\/div><\/div><\/div><div id=\"pgc-201-0-1\"  class=\"panel-grid-cell panel-grid-cell-empty\" ><\/div><\/div><\/div><div id=\"pg-201-1\"  class=\"panel-grid panel-no-style\"  data-cells=\"2\" ><div id=\"pgc-201-1-0\"  class=\"panel-grid-cell\" ><div id=\"panel-201-1-0-0\" class=\"so-panel widget widget_sow-editor panel-first-child panel-last-child\" data-index=\"1\" ><div\n\t\t\t\n\t\t\tclass=\"so-widget-sow-editor so-widget-sow-editor-base\"\n\t\t\t\n\t\t>\n<div class=\"siteorigin-widget-tinymce textwidget\">\n\t<h3><img loading=\"lazy\" decoding=\"async\" class=\"alignnone size-full wp-image-276\" src=\"http:\/\/gallotimber.internetmedia.se\/wp-content\/uploads\/2023\/02\/GT_naturhansyn.jpg\" alt=\"\" width=\"1920\" height=\"1280\" srcset=\"https:\/\/gallotimber.se\/se\/wp-content\/uploads\/2023\/02\/GT_naturhansyn.jpg 1920w, https:\/\/gallotimber.se\/se\/wp-content\/uploads\/2023\/02\/GT_naturhansyn-300x200.jpg 300w, https:\/\/gallotimber.se\/se\/wp-content\/uploads\/2023\/02\/GT_naturhansyn-1024x683.jpg 1024w, https:\/\/gallotimber.se\/se\/wp-content\/uploads\/2023\/02\/GT_naturhansyn-768x512.jpg 768w, https:\/\/gallotimber.se\/se\/wp-content\/uploads\/2023\/02\/GT_naturhansyn-1536x1024.jpg 1536w, https:\/\/gallotimber.se\/se\/wp-content\/uploads\/2023\/02\/GT_naturhansyn-272x182.jpg 272w\" sizes=\"auto, (max-width: 1920px) 100vw, 1920px\" \/><\/h3>\n<h3>Natur och milj\u00f6<\/h3>\n<p><strong>Milj\u00f6ansvaret ing\u00e5r som en naturlig del i verksamheten. V\u00e5rt milj\u00f6arbete pr\u00e4glas av helhetssyn och bedrivs med m\u00e5let att uppn\u00e5 st\u00e4ndiga f\u00f6rb\u00e4ttringar, f\u00f6rebygga f\u00f6roreningar och minska v\u00e5r milj\u00f6p\u00e5verkan.<\/strong><\/p>\n<p>V\u00e5r verksamhet styrs av en sammanv\u00e4gning av vad som \u00e4r tekniskt m\u00f6jligt, ekonomiskt rimligt och ekologiskt motiverat.<\/p>\n<p>V\u00e5ra anst\u00e4llda visar personligt ansvar f\u00f6r milj\u00f6n i det dagliga arbetet, f\u00f6ljer till\u00e4mpliga lagar avseende milj\u00f6 samt g\u00e4llande PEFC och FSC\u00ae-krav.<\/p>\n<p>Dessutom f\u00f6ljer vi utvecklingen av milj\u00f6fr\u00e5gorna inom branschen.<\/p>\n<p><strong>Vi hanterar inte r\u00e5vara fr\u00e5n kontroversiella k\u00e4llor*.<br \/>\nMed det menas r\u00e5vara fr\u00e5n:<\/strong><\/p>\n<ul>\n<li>Illegala avverkningar<\/li>\n<li>Skogar d\u00e4r h\u00f6ga bevarandev\u00e4rden \u00e4r hotade av skogsbruk**<\/li>\n<li>Skogar d\u00e4r h\u00e4vdvunna eller medborgerliga r\u00e4ttigheter kr\u00e4nks<\/li>\n<li>Skogar med genetiskt manipulerade tr\u00e4d<\/li>\n<li>Naturskogar som har avverkats i syfte att nyttja omr\u00e5det f\u00f6r plantager eller icke-skoglig\u00a0markanv\u00e4ndning<\/li>\n<\/ul>\n<p><em>**I Sverige definierat som nyckelbiotoper enligt Skogsstyrelsens definition och metodik. Undantag g\u00e4ller avverkningar i nyckelbiotoper i syfte att f\u00f6rst\u00e4rka naturv\u00e4rden som skett i enlighet med skogsv\u00e5rdsmyndighetens rekommendation.<\/em><\/p>\n<p><em>*Om k\u00e4nnedom framkommer att r\u00e5vara kommer fr\u00e5n kontroversiella k\u00e4llor vidtas omedelbart \u00e5tg\u00e4rder f\u00f6r att stoppa detta.<\/em><\/p>\n<\/div>\n<\/div><\/div><\/div><div id=\"pgc-201-1-1\"  class=\"panel-grid-cell\" ><div id=\"panel-201-1-1-0\" class=\"so-panel widget widget_sow-editor panel-first-child panel-last-child\" data-index=\"2\" ><div\n\t\t\t\n\t\t\tclass=\"so-widget-sow-editor so-widget-sow-editor-base\"\n\t\t\t\n\t\t>\n<div class=\"siteorigin-widget-tinymce textwidget\">\n\t<h3><img loading=\"lazy\" decoding=\"async\" class=\"alignnone wp-image-544 size-full\" src=\"https:\/\/gallotimber.se\/se\/wp-content\/uploads\/2025\/02\/gallo-timber-hallbarhet.jpg\" alt=\"\" width=\"1920\" height=\"1281\" srcset=\"https:\/\/gallotimber.se\/se\/wp-content\/uploads\/2025\/02\/gallo-timber-hallbarhet.jpg 1920w, https:\/\/gallotimber.se\/se\/wp-content\/uploads\/2025\/02\/gallo-timber-hallbarhet-300x200.jpg 300w, https:\/\/gallotimber.se\/se\/wp-content\/uploads\/2025\/02\/gallo-timber-hallbarhet-1024x683.jpg 1024w, https:\/\/gallotimber.se\/se\/wp-content\/uploads\/2025\/02\/gallo-timber-hallbarhet-768x512.jpg 768w, https:\/\/gallotimber.se\/se\/wp-content\/uploads\/2025\/02\/gallo-timber-hallbarhet-1536x1025.jpg 1536w, https:\/\/gallotimber.se\/se\/wp-content\/uploads\/2025\/02\/gallo-timber-hallbarhet-272x182.jpg 272w\" sizes=\"auto, (max-width: 1920px) 100vw, 1920px\" \/><\/h3>\n<h3>Social h\u00e5llbarhet<\/h3>\n<p><strong>Alla p\u00e5 s\u00e5gen \u00e4r viktiga och vi \u00e4r en s\u00e4ker och j\u00e4mst\u00e4lld arbetsplats. F\u00f6r oss \u00e4r personers utveckling p\u00e5 arbetsplatsen viktig och d\u00e4rf\u00f6r en viktig del av v\u00e5r f\u00f6retagspolitik.<\/strong><\/p>\n<ul>\n<li>G\u00e4ll\u00f6 Timber AB\u2019s policy \u00e4r att g\u00f6ra aff\u00e4rer i enlighet med till\u00e4mpliga lagar och med h\u00f6g aff\u00e4rsetik.<\/li>\n<li>Verksamheten bedrivs i enlighet med g\u00e4llande praxis p\u00e5 arbetsmarknaden d\u00e4r kollektivavtalets best\u00e4mmelser utg\u00f6r grunden f\u00f6r \u00f6verenskommelse med arbetstagare.<\/li>\n<li>F\u00f6retaget samverkar och bedriver arbetsmilj\u00f6arbetet p\u00e5 ett s\u00e5dant s\u00e4tt att en god och s\u00e4ker arbetsmilj\u00f6, b\u00e5de fysisk och psykosocial, uppn\u00e5s f\u00f6r alla anst\u00e4llda.<\/li>\n<li>F\u00f6retaget rekryterar medarbetare med god grundkompetens och arbetar f\u00f6r en j\u00e4mst\u00e4lld arbetsplats.<\/li>\n<li>Personalutveckling \u00e4r en viktig del i f\u00f6retagets personalpolitik.<\/li>\n<\/ul>\n<\/div>\n<\/div><\/div><\/div><\/div><div id=\"pg-201-2\"  class=\"panel-grid panel-has-style\"  data-cells=\"1\" ><div class=\"im-bg-grey panel-row-style panel-row-style-for-201-2\" ><div id=\"pgc-201-2-0\"  class=\"panel-grid-cell\" ><div id=\"panel-201-2-0-0\" class=\"so-panel widget widget_sow-editor panel-first-child panel-last-child\" data-index=\"3\" ><div\n\t\t\t\n\t\t\tclass=\"so-widget-sow-editor so-widget-sow-editor-base\"\n\t\t\t\n\t\t>\n<div class=\"siteorigin-widget-tinymce textwidget\">\n\t<h2 style=\"text-align: center;\">Certifikat och dokument<\/h2>\n<\/div>\n<\/div><\/div><\/div><\/div><\/div><div id=\"pg-201-3\"  class=\"panel-grid panel-no-style\"  data-cells=\"2\" ><div id=\"pgc-201-3-0\"  class=\"panel-grid-cell\" ><div id=\"panel-201-3-0-0\" class=\"so-panel widget widget_sow-editor panel-first-child panel-last-child\" data-index=\"4\" ><div\n\t\t\t\n\t\t\tclass=\"so-widget-sow-editor so-widget-sow-editor-base\"\n\t\t\t\n\t\t>\n<div class=\"siteorigin-widget-tinymce textwidget\">\n\t<h3>FSC\u00ae<\/h3>\n<p>FSC\u00ae st\u00e5r f\u00f6r Forest Stewardship Council\u00ae. FSC\u00ae-certifiering \u00e4r grunden i ett frivilligt system som syftar till att uppmuntra ett samh\u00e4llsnyttigt, milj\u00f6anpassat och ekonomiskt bruk av v\u00e4rldens skogar.<\/p>\n<p><strong>FSC\u00ae-certifierat skogsbruk inneb\u00e4r i Sverige bland annat att:<\/strong><\/p>\n<ul>\n<li style=\"list-style-type: none;\">\n<ul>\n<li style=\"list-style-type: none;\">\n<ul>\n<li>Nyckelbiotoper, skogsomr\u00e5den som hyser s\u00e4llsynta v\u00e4xter och djurarter, sparas och sk\u00f6ts f\u00f6r att bevara m\u00e5ngfalden<\/li>\n<li>FSC\u00ae kr\u00e4ver utbildning, s\u00e4kerhet och arbetstrygghet f\u00f6r skogsarbetarna<\/li>\n<li>Skogen sk\u00f6ts s\u00e5 den p\u00e5 sikt f\u00e5r mer av naturskogens kvalit\u00e9er. Skogen f\u00e5r ett betydande inslag av b\u00e5de l\u00f6vtr\u00e4d och d\u00f6da tr\u00e4d vilket \u00e4r viktigt f\u00f6r m\u00e5nga lavar, mossor, f\u00e5glar och insekter<\/li>\n<li>M\u00e5ngbruk pr\u00e4glar skogens nyttjande, dvs att virkesproduktion, rensk\u00f6tsel, friluftsliv, jakt, fiske och annat utnyttjande bedrivs med h\u00e4nsyn till varandra och milj\u00f6<\/li>\n<li><strong>Certifikat nr:<\/strong> 0152099<\/li>\n<li><strong>FSC:<\/strong> SAI-COC-010569<\/li>\n<li><strong>CW:<\/strong> SAI-CW-010569<\/li>\n<li><strong>Logolicens nr:<\/strong> FSC-C116182<\/li>\n<\/ul>\n<\/li>\n<\/ul>\n<p>&nbsp;<\/p>\n<\/li>\n<\/ul>\n<div class=\"im-text-button1\"><a href=\"https:\/\/fsc.org\/en\" target=\"_blank\" rel=\"noopener\">FSC\u00ae Hemsida<\/a><\/div>\n<div class=\"im-text-button1\"><a href=\"https:\/\/gallotimber.se\/se\/wp-content\/uploads\/2024\/08\/0152099_ENG_FSC_Ga\u0308llo\u0308_Timber_AB.pdf\" target=\"_blank\" rel=\"noopener\">FSC\u00ae Certifikat<\/a><\/div>\n<p>&nbsp;<\/p>\n<\/div>\n<\/div><\/div><\/div><div id=\"pgc-201-3-1\"  class=\"panel-grid-cell\" ><div id=\"panel-201-3-1-0\" class=\"so-panel widget widget_sow-editor panel-first-child panel-last-child\" data-index=\"5\" ><div\n\t\t\t\n\t\t\tclass=\"so-widget-sow-editor so-widget-sow-editor-base\"\n\t\t\t\n\t\t>\n<div class=\"siteorigin-widget-tinymce textwidget\">\n\t<h3>PEFC<\/h3>\n<p>PEFC \u00e4r en f\u00f6rkortning f\u00f6r \u201dProgramme for the Endorsement of Forest Certification\u201d. Syftet med PEFC Skogsstandard \u00e4r att utveckla ett uth\u00e5lligt skogsbruk som har god balans mellan produktion, milj\u00f6 och sociala intressen.<\/p>\n<p><strong>Varf\u00f6r v\u00e4lja PEFC-certifierade produkter?<\/strong><\/p>\n<ul>\n<li>PEFC st\u00f6djer anv\u00e4ndning av tr\u00e4produkter som ett f\u00f6rnyelsebart och milj\u00f6v\u00e4nligt material.<\/li>\n<li>PEFC fr\u00e4mjar ett l\u00f6nsamt, milj\u00f6v\u00e4nligt och socialt ansvarsfullt skogsbruk.<\/li>\n<li>PEFC garanterar effektiv kontroll av certifierad skog.<\/li>\n<li>PEFC st\u00f6ds av stora delar av det europeiska skogsbruket och har potential att bli en ledande standard.<\/li>\n<\/ul>\n<p>&nbsp;<\/p>\n<div class=\"im-text-button1\"><a href=\"https:\/\/pefc.se\/\" target=\"_blank\" rel=\"noopener\">PEFC Hemsida<\/a><\/div>\n<div class=\"im-text-button1\"><a href=\"https:\/\/gallotimber.se\/en\/wp-content\/uploads\/sites\/2\/2023\/07\/ICSE-PEFC\u2013COC-1701133_ENG_Ga\u0308llo\u0308-Timber-AB.pdf\" target=\"_blank\" rel=\"noopener\">Certifikat PEFC<\/a><\/div>\n<p>&nbsp;<\/p>\n<\/div>\n<\/div><\/div><\/div><\/div><div id=\"pg-201-4\"  class=\"panel-grid panel-no-style\"  data-cells=\"2\" ><div id=\"pgc-201-4-0\"  class=\"panel-grid-cell\" ><div id=\"panel-201-4-0-0\" class=\"so-panel widget widget_sow-editor panel-first-child panel-last-child\" data-index=\"6\" ><div\n\t\t\t\n\t\t\tclass=\"so-widget-sow-editor so-widget-sow-editor-base\"\n\t\t\t\n\t\t>\n<div class=\"siteorigin-widget-tinymce textwidget\">\n\t<h3>R\u00e5varupolicy<\/h3>\n<p>G\u00e4ll\u00f6 Timber AB ska som k\u00f6pare av skogsr\u00e5vara och i sin skogsbruksverksamhet, verka f\u00f6r att verksamheten bedrivs p\u00e5 ett s\u00e5 uth\u00e5lligt s\u00e4tt f\u00f6r milj\u00f6n och f\u00f6r de anst\u00e4llda. Ladda ner R\u00e5varupolicyn nedan.<\/p>\n<div class=\"im-text-button1\"><a href=\"https:\/\/gallotimber.se\/se\/wp-content\/uploads\/2024\/03\/gallo-ravarupolicy-mars-2024.pdf\" target=\"_blank\" rel=\"noopener\">Ladda ner v\u00e5r R\u00e5varupolicy<\/a><\/div>\n<p>&nbsp;<\/p>\n<\/div>\n<\/div><\/div><\/div><div id=\"pgc-201-4-1\"  class=\"panel-grid-cell\" ><div id=\"panel-201-4-1-0\" class=\"so-panel widget widget_sow-editor panel-first-child panel-last-child\" data-index=\"7\" ><div\n\t\t\t\n\t\t\tclass=\"so-widget-sow-editor so-widget-sow-editor-base\"\n\t\t\t\n\t\t>\n<div class=\"siteorigin-widget-tinymce textwidget\">\n\t<h3>Milj\u00f6policy<\/h3>\n<p>Milj\u00f6ansvaret ing\u00e5r som en naturlig del av v\u00e5r verksamhet.<\/p>\n<div class=\"im-text-button1\"><a href=\"https:\/\/gallotimber.se\/se\/wp-content\/uploads\/2023\/12\/Miljo\u0308policy-Ga\u0308llo\u0308-Timber-202397.pdf\" target=\"_blank\" rel=\"noopener\">Ladda ner v\u00e5r Milj\u00f6policy<\/a><\/div>\n<p>&nbsp;<\/p>\n<\/div>\n<\/div><\/div><\/div><\/div><\/div>","protected":false},"excerpt":{"rendered":"<p>Med ansvar f\u00f6r ett h\u00e5llbart skogsbruk V\u00e5rt milj\u00f6arbete pr\u00e4glas av helhetssyn och bedrivs med m\u00e5let att uppn\u00e5 st\u00e4ndiga f\u00f6rb\u00e4ttringar, f\u00f6rebygga f\u00f6roreningar och minska v\u00e5r milj\u00f6p\u00e5verkan. Natur och milj\u00f6 Milj\u00f6ansvaret ing\u00e5r som en naturlig del i verksamheten. V\u00e5rt milj\u00f6arbete pr\u00e4glas av helhetssyn och bedrivs med m\u00e5let att uppn\u00e5 st\u00e4ndiga f\u00f6rb\u00e4ttringar, f\u00f6rebygga f\u00f6roreningar och minska v\u00e5r milj\u00f6p\u00e5verkan. [&hellip;]<\/p>\n","protected":false},"author":2,"featured_media":0,"parent":0,"menu_order":0,"comment_status":"closed","ping_status":"closed","template":"","meta":{"footnotes":""},"class_list":["post-201","page","type-page","status-publish","hentry"],"yoast_head":"<!-- This site is optimized with the Yoast SEO plugin v27.4 - https:\/\/yoast.com\/product\/yoast-seo-wordpress\/ -->\n<title>H\u00e5llbart skogsbruk - G\u00e4ll\u00f6 Timber<\/title>\n<meta name=\"robots\" content=\"index, follow, max-snippet:-1, max-image-preview:large, max-video-preview:-1\" \/>\n<link rel=\"canonical\" href=\"https:\/\/gallotimber.se\/se\/hallbart-skogsbruk\/\" \/>\n<meta property=\"og:locale\" content=\"sv_SE\" \/>\n<meta property=\"og:type\" content=\"article\" \/>\n<meta property=\"og:title\" content=\"H\u00e5llbart skogsbruk - G\u00e4ll\u00f6 Timber\" \/>\n<meta property=\"og:description\" content=\"Med ansvar f\u00f6r ett h\u00e5llbart skogsbruk V\u00e5rt milj\u00f6arbete pr\u00e4glas av helhetssyn och bedrivs med m\u00e5let att uppn\u00e5 st\u00e4ndiga f\u00f6rb\u00e4ttringar, f\u00f6rebygga f\u00f6roreningar och minska v\u00e5r milj\u00f6p\u00e5verkan. Natur och milj\u00f6 Milj\u00f6ansvaret ing\u00e5r som en naturlig del i verksamheten. V\u00e5rt milj\u00f6arbete pr\u00e4glas av helhetssyn och bedrivs med m\u00e5let att uppn\u00e5 st\u00e4ndiga f\u00f6rb\u00e4ttringar, f\u00f6rebygga f\u00f6roreningar och minska v\u00e5r milj\u00f6p\u00e5verkan. [&hellip;]\" \/>\n<meta property=\"og:url\" content=\"https:\/\/gallotimber.se\/se\/hallbart-skogsbruk\/\" \/>\n<meta property=\"og:site_name\" content=\"G\u00e4ll\u00f6 Timber\" \/>\n<meta property=\"article:modified_time\" content=\"2025-02-25T13:51:32+00:00\" \/>\n<meta property=\"og:image\" content=\"http:\/\/gallotimber.internetmedia.se\/wp-content\/uploads\/2023\/02\/GT_naturhansyn.jpg\" \/>\n<meta name=\"twitter:card\" content=\"summary_large_image\" \/>\n<meta name=\"twitter:label1\" content=\"Ber\u00e4knad l\u00e4stid\" \/>\n\t<meta name=\"twitter:data1\" content=\"4 minuter\" \/>\n<script type=\"application\/ld+json\" class=\"yoast-schema-graph\">{\"@context\":\"https:\\\/\\\/schema.org\",\"@graph\":[{\"@type\":\"WebPage\",\"@id\":\"https:\\\/\\\/gallotimber.se\\\/se\\\/hallbart-skogsbruk\\\/\",\"url\":\"https:\\\/\\\/gallotimber.se\\\/se\\\/hallbart-skogsbruk\\\/\",\"name\":\"H\u00e5llbart skogsbruk - G\u00e4ll\u00f6 Timber\",\"isPartOf\":{\"@id\":\"https:\\\/\\\/gallotimber.se\\\/se\\\/#website\"},\"primaryImageOfPage\":{\"@id\":\"https:\\\/\\\/gallotimber.se\\\/se\\\/hallbart-skogsbruk\\\/#primaryimage\"},\"image\":{\"@id\":\"https:\\\/\\\/gallotimber.se\\\/se\\\/hallbart-skogsbruk\\\/#primaryimage\"},\"thumbnailUrl\":\"http:\\\/\\\/gallotimber.internetmedia.se\\\/wp-content\\\/uploads\\\/2023\\\/02\\\/GT_naturhansyn.jpg\",\"datePublished\":\"2023-01-31T13:33:04+00:00\",\"dateModified\":\"2025-02-25T13:51:32+00:00\",\"breadcrumb\":{\"@id\":\"https:\\\/\\\/gallotimber.se\\\/se\\\/hallbart-skogsbruk\\\/#breadcrumb\"},\"inLanguage\":\"sv-SE\",\"potentialAction\":[{\"@type\":\"ReadAction\",\"target\":[\"https:\\\/\\\/gallotimber.se\\\/se\\\/hallbart-skogsbruk\\\/\"]}]},{\"@type\":\"ImageObject\",\"inLanguage\":\"sv-SE\",\"@id\":\"https:\\\/\\\/gallotimber.se\\\/se\\\/hallbart-skogsbruk\\\/#primaryimage\",\"url\":\"http:\\\/\\\/gallotimber.internetmedia.se\\\/wp-content\\\/uploads\\\/2023\\\/02\\\/GT_naturhansyn.jpg\",\"contentUrl\":\"http:\\\/\\\/gallotimber.internetmedia.se\\\/wp-content\\\/uploads\\\/2023\\\/02\\\/GT_naturhansyn.jpg\"},{\"@type\":\"BreadcrumbList\",\"@id\":\"https:\\\/\\\/gallotimber.se\\\/se\\\/hallbart-skogsbruk\\\/#breadcrumb\",\"itemListElement\":[{\"@type\":\"ListItem\",\"position\":1,\"name\":\"Hem\",\"item\":\"https:\\\/\\\/gallotimber.se\\\/se\\\/\"},{\"@type\":\"ListItem\",\"position\":2,\"name\":\"H\u00e5llbart skogsbruk\"}]},{\"@type\":\"WebSite\",\"@id\":\"https:\\\/\\\/gallotimber.se\\\/se\\\/#website\",\"url\":\"https:\\\/\\\/gallotimber.se\\\/se\\\/\",\"name\":\"G\u00e4ll\u00f6 Timber\",\"description\":\"G\u00e4ll\u00f6 Timber s\u00e5gverk\",\"potentialAction\":[{\"@type\":\"SearchAction\",\"target\":{\"@type\":\"EntryPoint\",\"urlTemplate\":\"https:\\\/\\\/gallotimber.se\\\/se\\\/?s={search_term_string}\"},\"query-input\":{\"@type\":\"PropertyValueSpecification\",\"valueRequired\":true,\"valueName\":\"search_term_string\"}}],\"inLanguage\":\"sv-SE\"}]}<\/script>\n<!-- \/ Yoast SEO plugin. -->","yoast_head_json":{"title":"H\u00e5llbart skogsbruk - G\u00e4ll\u00f6 Timber","robots":{"index":"index","follow":"follow","max-snippet":"max-snippet:-1","max-image-preview":"max-image-preview:large","max-video-preview":"max-video-preview:-1"},"canonical":"https:\/\/gallotimber.se\/se\/hallbart-skogsbruk\/","og_locale":"sv_SE","og_type":"article","og_title":"H\u00e5llbart skogsbruk - G\u00e4ll\u00f6 Timber","og_description":"Med ansvar f\u00f6r ett h\u00e5llbart skogsbruk V\u00e5rt milj\u00f6arbete pr\u00e4glas av helhetssyn och bedrivs med m\u00e5let att uppn\u00e5 st\u00e4ndiga f\u00f6rb\u00e4ttringar, f\u00f6rebygga f\u00f6roreningar och minska v\u00e5r milj\u00f6p\u00e5verkan. Natur och milj\u00f6 Milj\u00f6ansvaret ing\u00e5r som en naturlig del i verksamheten. V\u00e5rt milj\u00f6arbete pr\u00e4glas av helhetssyn och bedrivs med m\u00e5let att uppn\u00e5 st\u00e4ndiga f\u00f6rb\u00e4ttringar, f\u00f6rebygga f\u00f6roreningar och minska v\u00e5r milj\u00f6p\u00e5verkan. [&hellip;]","og_url":"https:\/\/gallotimber.se\/se\/hallbart-skogsbruk\/","og_site_name":"G\u00e4ll\u00f6 Timber","article_modified_time":"2025-02-25T13:51:32+00:00","og_image":[{"url":"http:\/\/gallotimber.internetmedia.se\/wp-content\/uploads\/2023\/02\/GT_naturhansyn.jpg","type":"","width":"","height":""}],"twitter_card":"summary_large_image","twitter_misc":{"Ber\u00e4knad l\u00e4stid":"4 minuter"},"schema":{"@context":"https:\/\/schema.org","@graph":[{"@type":"WebPage","@id":"https:\/\/gallotimber.se\/se\/hallbart-skogsbruk\/","url":"https:\/\/gallotimber.se\/se\/hallbart-skogsbruk\/","name":"H\u00e5llbart skogsbruk - G\u00e4ll\u00f6 Timber","isPartOf":{"@id":"https:\/\/gallotimber.se\/se\/#website"},"primaryImageOfPage":{"@id":"https:\/\/gallotimber.se\/se\/hallbart-skogsbruk\/#primaryimage"},"image":{"@id":"https:\/\/gallotimber.se\/se\/hallbart-skogsbruk\/#primaryimage"},"thumbnailUrl":"http:\/\/gallotimber.internetmedia.se\/wp-content\/uploads\/2023\/02\/GT_naturhansyn.jpg","datePublished":"2023-01-31T13:33:04+00:00","dateModified":"2025-02-25T13:51:32+00:00","breadcrumb":{"@id":"https:\/\/gallotimber.se\/se\/hallbart-skogsbruk\/#breadcrumb"},"inLanguage":"sv-SE","potentialAction":[{"@type":"ReadAction","target":["https:\/\/gallotimber.se\/se\/hallbart-skogsbruk\/"]}]},{"@type":"ImageObject","inLanguage":"sv-SE","@id":"https:\/\/gallotimber.se\/se\/hallbart-skogsbruk\/#primaryimage","url":"http:\/\/gallotimber.internetmedia.se\/wp-content\/uploads\/2023\/02\/GT_naturhansyn.jpg","contentUrl":"http:\/\/gallotimber.internetmedia.se\/wp-content\/uploads\/2023\/02\/GT_naturhansyn.jpg"},{"@type":"BreadcrumbList","@id":"https:\/\/gallotimber.se\/se\/hallbart-skogsbruk\/#breadcrumb","itemListElement":[{"@type":"ListItem","position":1,"name":"Hem","item":"https:\/\/gallotimber.se\/se\/"},{"@type":"ListItem","position":2,"name":"H\u00e5llbart skogsbruk"}]},{"@type":"WebSite","@id":"https:\/\/gallotimber.se\/se\/#website","url":"https:\/\/gallotimber.se\/se\/","name":"G\u00e4ll\u00f6 Timber","description":"G\u00e4ll\u00f6 Timber s\u00e5gverk","potentialAction":[{"@type":"SearchAction","target":{"@type":"EntryPoint","urlTemplate":"https:\/\/gallotimber.se\/se\/?s={search_term_string}"},"query-input":{"@type":"PropertyValueSpecification","valueRequired":true,"valueName":"search_term_string"}}],"inLanguage":"sv-SE"}]}},"_links":{"self":[{"href":"https:\/\/gallotimber.se\/se\/wp-json\/wp\/v2\/pages\/201","targetHints":{"allow":["GET"]}}],"collection":[{"href":"https:\/\/gallotimber.se\/se\/wp-json\/wp\/v2\/pages"}],"about":[{"href":"https:\/\/gallotimber.se\/se\/wp-json\/wp\/v2\/types\/page"}],"author":[{"embeddable":true,"href":"https:\/\/gallotimber.se\/se\/wp-json\/wp\/v2\/users\/2"}],"replies":[{"embeddable":true,"href":"https:\/\/gallotimber.se\/se\/wp-json\/wp\/v2\/comments?post=201"}],"version-history":[{"count":24,"href":"https:\/\/gallotimber.se\/se\/wp-json\/wp\/v2\/pages\/201\/revisions"}],"predecessor-version":[{"id":545,"href":"https:\/\/gallotimber.se\/se\/wp-json\/wp\/v2\/pages\/201\/revisions\/545"}],"wp:attachment":[{"href":"https:\/\/gallotimber.se\/se\/wp-json\/wp\/v2\/media?parent=201"}],"curies":[{"name":"wp","href":"https:\/\/api.w.org\/{rel}","templated":true}]}}