{"id":23,"date":"2023-01-16T10:00:04","date_gmt":"2023-01-16T10:00:04","guid":{"rendered":"http:\/\/gallotimber.internetmedia.se\/?page_id=23"},"modified":"2023-01-17T09:14:53","modified_gmt":"2023-01-17T09:14:53","slug":"vara-produkter","status":"publish","type":"page","link":"https:\/\/gallotimber.se\/se\/vara-produkter\/","title":{"rendered":"V\u00e5ra produkter"},"content":{"rendered":"<div id=\"pl-23\"  class=\"panel-layout\" ><div id=\"pg-23-0\"  class=\"panel-grid panel-has-style\"  data-cells=\"2\" ><div class=\"im-subpage-hero panel-row-style panel-row-style-for-23-0\" ><div id=\"pgc-23-0-0\"  class=\"panel-grid-cell\" ><div id=\"panel-23-0-0-0\" class=\"so-panel widget widget_sow-editor panel-first-child panel-last-child\" data-index=\"0\" ><div\n\t\t\t\n\t\t\tclass=\"so-widget-sow-editor so-widget-sow-editor-base\"\n\t\t\t\n\t\t>\n<div class=\"siteorigin-widget-tinymce textwidget\">\n\t<h1>V\u00e5ra produkter<\/h1>\n<ul>\n<li>Emballage<\/li>\n<li>Innerpaneler<\/li>\n<li>Konstruktion<\/li>\n<li>M\u00f6bler och inredning<\/li>\n<li>Ytterpaneler<\/li>\n<\/ul>\n<\/div>\n<\/div><\/div><\/div><div id=\"pgc-23-0-1\"  class=\"panel-grid-cell\" ><div id=\"panel-23-0-1-0\" class=\"so-panel widget widget_sow-image panel-first-child panel-last-child\" data-index=\"1\" ><div\n\t\t\t\n\t\t\tclass=\"so-widget-sow-image so-widget-sow-image-default-8b5b6f678277-23\"\n\t\t\t\n\t\t>\n<div class=\"sow-image-container\">\n\t\t<img \n\tsrc=\"https:\/\/gallotimber.se\/se\/wp-content\/uploads\/2023\/01\/oversikt_gallo_sag_for-webb.jpg\" width=\"1200\" height=\"706\" srcset=\"https:\/\/gallotimber.se\/se\/wp-content\/uploads\/2023\/01\/oversikt_gallo_sag_for-webb.jpg 1200w, https:\/\/gallotimber.se\/se\/wp-content\/uploads\/2023\/01\/oversikt_gallo_sag_for-webb-300x177.jpg 300w, https:\/\/gallotimber.se\/se\/wp-content\/uploads\/2023\/01\/oversikt_gallo_sag_for-webb-1024x602.jpg 1024w, https:\/\/gallotimber.se\/se\/wp-content\/uploads\/2023\/01\/oversikt_gallo_sag_for-webb-768x452.jpg 768w\" sizes=\"(max-width: 1200px) 100vw, 1200px\" alt=\"Bil p\u00e5 s\u00e5gverket i G\u00e4ll\u00f6\" \t\tclass=\"so-widget-image\"\/>\n\t<\/div>\n\n<\/div><\/div><\/div><\/div><\/div><\/div>","protected":false},"excerpt":{"rendered":"<p>V\u00e5ra produkter Emballage Innerpaneler Konstruktion M\u00f6bler och inredning Ytterpaneler<\/p>\n","protected":false},"author":1,"featured_media":0,"parent":0,"menu_order":0,"comment_status":"closed","ping_status":"closed","template":"","meta":{"footnotes":""},"class_list":["post-23","page","type-page","status-publish","hentry"],"yoast_head":"<!-- This site is optimized with the Yoast SEO plugin v27.6 - https:\/\/yoast.com\/product\/yoast-seo-wordpress\/ -->\n<title>V\u00e5ra produkter - G\u00e4ll\u00f6 Timber<\/title>\n<meta name=\"robots\" content=\"index, follow, max-snippet:-1, max-image-preview:large, max-video-preview:-1\" \/>\n<link rel=\"canonical\" href=\"https:\/\/gallotimber.se\/se\/vara-produkter\/\" \/>\n<meta property=\"og:locale\" content=\"sv_SE\" \/>\n<meta property=\"og:type\" content=\"article\" \/>\n<meta property=\"og:title\" content=\"V\u00e5ra produkter - G\u00e4ll\u00f6 Timber\" \/>\n<meta property=\"og:description\" content=\"V\u00e5ra produkter Emballage Innerpaneler Konstruktion M\u00f6bler och inredning Ytterpaneler\" \/>\n<meta property=\"og:url\" content=\"https:\/\/gallotimber.se\/se\/vara-produkter\/\" \/>\n<meta property=\"og:site_name\" content=\"G\u00e4ll\u00f6 Timber\" \/>\n<meta property=\"article:modified_time\" content=\"2023-01-17T09:14:53+00:00\" \/>\n<meta name=\"twitter:card\" content=\"summary_large_image\" \/>\n<meta name=\"twitter:label1\" content=\"Ber\u00e4knad l\u00e4stid\" \/>\n\t<meta name=\"twitter:data1\" content=\"1 minut\" \/>\n<script type=\"application\/ld+json\" class=\"yoast-schema-graph\">{\"@context\":\"https:\\\/\\\/schema.org\",\"@graph\":[{\"@type\":\"WebPage\",\"@id\":\"https:\\\/\\\/gallotimber.se\\\/se\\\/vara-produkter\\\/\",\"url\":\"https:\\\/\\\/gallotimber.se\\\/se\\\/vara-produkter\\\/\",\"name\":\"V\u00e5ra produkter - G\u00e4ll\u00f6 Timber\",\"isPartOf\":{\"@id\":\"https:\\\/\\\/gallotimber.se\\\/se\\\/#website\"},\"datePublished\":\"2023-01-16T10:00:04+00:00\",\"dateModified\":\"2023-01-17T09:14:53+00:00\",\"breadcrumb\":{\"@id\":\"https:\\\/\\\/gallotimber.se\\\/se\\\/vara-produkter\\\/#breadcrumb\"},\"inLanguage\":\"sv-SE\",\"potentialAction\":[{\"@type\":\"ReadAction\",\"target\":[\"https:\\\/\\\/gallotimber.se\\\/se\\\/vara-produkter\\\/\"]}]},{\"@type\":\"BreadcrumbList\",\"@id\":\"https:\\\/\\\/gallotimber.se\\\/se\\\/vara-produkter\\\/#breadcrumb\",\"itemListElement\":[{\"@type\":\"ListItem\",\"position\":1,\"name\":\"Hem\",\"item\":\"https:\\\/\\\/gallotimber.se\\\/se\\\/\"},{\"@type\":\"ListItem\",\"position\":2,\"name\":\"V\u00e5ra produkter\"}]},{\"@type\":\"WebSite\",\"@id\":\"https:\\\/\\\/gallotimber.se\\\/se\\\/#website\",\"url\":\"https:\\\/\\\/gallotimber.se\\\/se\\\/\",\"name\":\"G\u00e4ll\u00f6 Timber\",\"description\":\"G\u00e4ll\u00f6 Timber s\u00e5gverk\",\"potentialAction\":[{\"@type\":\"SearchAction\",\"target\":{\"@type\":\"EntryPoint\",\"urlTemplate\":\"https:\\\/\\\/gallotimber.se\\\/se\\\/?s={search_term_string}\"},\"query-input\":{\"@type\":\"PropertyValueSpecification\",\"valueRequired\":true,\"valueName\":\"search_term_string\"}}],\"inLanguage\":\"sv-SE\"}]}<\/script>\n<!-- \/ Yoast SEO plugin. -->","yoast_head_json":{"title":"V\u00e5ra produkter - G\u00e4ll\u00f6 Timber","robots":{"index":"index","follow":"follow","max-snippet":"max-snippet:-1","max-image-preview":"max-image-preview:large","max-video-preview":"max-video-preview:-1"},"canonical":"https:\/\/gallotimber.se\/se\/vara-produkter\/","og_locale":"sv_SE","og_type":"article","og_title":"V\u00e5ra produkter - G\u00e4ll\u00f6 Timber","og_description":"V\u00e5ra produkter Emballage Innerpaneler Konstruktion M\u00f6bler och inredning Ytterpaneler","og_url":"https:\/\/gallotimber.se\/se\/vara-produkter\/","og_site_name":"G\u00e4ll\u00f6 Timber","article_modified_time":"2023-01-17T09:14:53+00:00","twitter_card":"summary_large_image","twitter_misc":{"Ber\u00e4knad l\u00e4stid":"1 minut"},"schema":{"@context":"https:\/\/schema.org","@graph":[{"@type":"WebPage","@id":"https:\/\/gallotimber.se\/se\/vara-produkter\/","url":"https:\/\/gallotimber.se\/se\/vara-produkter\/","name":"V\u00e5ra produkter - G\u00e4ll\u00f6 Timber","isPartOf":{"@id":"https:\/\/gallotimber.se\/se\/#website"},"datePublished":"2023-01-16T10:00:04+00:00","dateModified":"2023-01-17T09:14:53+00:00","breadcrumb":{"@id":"https:\/\/gallotimber.se\/se\/vara-produkter\/#breadcrumb"},"inLanguage":"sv-SE","potentialAction":[{"@type":"ReadAction","target":["https:\/\/gallotimber.se\/se\/vara-produkter\/"]}]},{"@type":"BreadcrumbList","@id":"https:\/\/gallotimber.se\/se\/vara-produkter\/#breadcrumb","itemListElement":[{"@type":"ListItem","position":1,"name":"Hem","item":"https:\/\/gallotimber.se\/se\/"},{"@type":"ListItem","position":2,"name":"V\u00e5ra produkter"}]},{"@type":"WebSite","@id":"https:\/\/gallotimber.se\/se\/#website","url":"https:\/\/gallotimber.se\/se\/","name":"G\u00e4ll\u00f6 Timber","description":"G\u00e4ll\u00f6 Timber s\u00e5gverk","potentialAction":[{"@type":"SearchAction","target":{"@type":"EntryPoint","urlTemplate":"https:\/\/gallotimber.se\/se\/?s={search_term_string}"},"query-input":{"@type":"PropertyValueSpecification","valueRequired":true,"valueName":"search_term_string"}}],"inLanguage":"sv-SE"}]}},"_links":{"self":[{"href":"https:\/\/gallotimber.se\/se\/wp-json\/wp\/v2\/pages\/23","targetHints":{"allow":["GET"]}}],"collection":[{"href":"https:\/\/gallotimber.se\/se\/wp-json\/wp\/v2\/pages"}],"about":[{"href":"https:\/\/gallotimber.se\/se\/wp-json\/wp\/v2\/types\/page"}],"author":[{"embeddable":true,"href":"https:\/\/gallotimber.se\/se\/wp-json\/wp\/v2\/users\/1"}],"replies":[{"embeddable":true,"href":"https:\/\/gallotimber.se\/se\/wp-json\/wp\/v2\/comments?post=23"}],"version-history":[{"count":2,"href":"https:\/\/gallotimber.se\/se\/wp-json\/wp\/v2\/pages\/23\/revisions"}],"predecessor-version":[{"id":169,"href":"https:\/\/gallotimber.se\/se\/wp-json\/wp\/v2\/pages\/23\/revisions\/169"}],"wp:attachment":[{"href":"https:\/\/gallotimber.se\/se\/wp-json\/wp\/v2\/media?parent=23"}],"curies":[{"name":"wp","href":"https:\/\/api.w.org\/{rel}","templated":true}]}}