{"id":478,"date":"2024-07-03T09:02:23","date_gmt":"2024-07-03T09:02:23","guid":{"rendered":"https:\/\/gallotimber.se\/se\/?page_id=478"},"modified":"2024-07-03T10:08:14","modified_gmt":"2024-07-03T10:08:14","slug":"contorta","status":"publish","type":"page","link":"https:\/\/gallotimber.se\/se\/contorta\/","title":{"rendered":"Contorta"},"content":{"rendered":"<div id=\"pl-478\"  class=\"panel-layout\" ><div id=\"pg-478-0\"  class=\"panel-grid panel-has-style\"  data-cells=\"2\" ><div class=\"im-subpage-hero im-bg-image panel-row-style panel-row-style-for-478-0\" ><div id=\"pgc-478-0-0\"  class=\"panel-grid-cell panel-grid-cell-mobile-last\" ><div id=\"panel-478-0-0-0\" class=\"so-panel widget widget_sow-editor panel-first-child panel-last-child\" data-index=\"0\" ><div\n\t\t\t\n\t\t\tclass=\"so-widget-sow-editor so-widget-sow-editor-base\"\n\t\t\t\n\t\t>\n<div class=\"siteorigin-widget-tinymce textwidget\">\n\t<h1>Contorta<\/h1>\n<p><strong>Traditionellt har contortatall anv\u00e4nts av massaindustrin, men p\u00e5 G\u00e4ll\u00f6 Timber har vi specialiserat oss p\u00e5 att ta ut s\u00e5gade r\u00e5varor ur contortan.<\/strong><\/p>\n<\/div>\n<\/div><\/div><\/div><div id=\"pgc-478-0-1\"  class=\"panel-grid-cell panel-grid-cell-empty\" ><\/div><\/div><\/div><div id=\"pg-478-1\"  class=\"panel-grid panel-no-style\"  data-cells=\"2\" ><div id=\"pgc-478-1-0\"  class=\"panel-grid-cell\" ><div id=\"panel-478-1-0-0\" class=\"so-panel widget widget_sow-editor panel-first-child panel-last-child\" data-index=\"1\" ><div\n\t\t\t\n\t\t\tclass=\"so-widget-sow-editor so-widget-sow-editor-base\"\n\t\t\t\n\t\t>\n<div class=\"siteorigin-widget-tinymce textwidget\">\n\t<h2>Till nytta p\u00e5 m\u00e5nga s\u00e4tt<\/h2>\n<p><strong>Contortatallen,<\/strong> med sitt nordamerikanska ursprung, introducerades i Sverige under 1970-talet. Med sin f\u00f6rm\u00e5ga att snabbt bli avverkningsmogen ger den en \u00f6kad tillg\u00e5ng till virkesr\u00e5vara och ett \u00f6kat upptag av koldioxid.<\/p>\n<p><strong>F\u00f6r SCA och G\u00e4ll\u00f6 Timber<\/strong> utg\u00f6r contortatallen ett h\u00e5llbart alternativ i sortimentet. Tack vare en h\u00f6gre andel friska kvistar med l\u00e4ngre kvistavst\u00e5nd, ljusare f\u00e4rg j\u00e4mf\u00f6rt med furu och l\u00e4gre densitet, passar contortatallen till specialiserade till\u00e4mpningar inom tr\u00e4industrin, inte minst inom panel- och limfogstillverkning.<\/p>\n<p><strong>V\u00e4rmebehandling, som \u00e4r en<\/strong> process d\u00e4r virket upphettas till ca 200 grader, ger ocks\u00e5 r\u00f6tbest\u00e4ndiga produkter utan kemikaliska tillsatser.<\/p>\n<\/div>\n<\/div><\/div><\/div><div id=\"pgc-478-1-1\"  class=\"panel-grid-cell\" ><div id=\"panel-478-1-1-0\" class=\"so-panel widget widget_media_video panel-first-child panel-last-child\" data-index=\"2\" ><div style=\"width:100%;\" class=\"wp-video\"><video class=\"wp-video-shortcode\" id=\"video-478-1\" preload=\"metadata\" controls=\"controls\"><source type=\"video\/youtube\" src=\"https:\/\/youtu.be\/3WOBUdnGcEs?_=1\" \/><a href=\"https:\/\/youtu.be\/3WOBUdnGcEs\">https:\/\/youtu.be\/3WOBUdnGcEs<\/a><\/video><\/div><\/div><\/div><\/div><div id=\"pg-478-2\"  class=\"panel-grid panel-has-style\"  data-cells=\"2\" ><div class=\"im-bg-grey panel-row-style panel-row-style-for-478-2\" ><div id=\"pgc-478-2-0\"  class=\"panel-grid-cell panel-grid-cell-mobile-last\" ><div id=\"panel-478-2-0-0\" class=\"so-panel widget widget_sow-editor panel-first-child panel-last-child\" data-index=\"3\" ><div\n\t\t\t\n\t\t\tclass=\"so-widget-sow-editor so-widget-sow-editor-base\"\n\t\t\t\n\t\t>\n<div class=\"siteorigin-widget-tinymce textwidget\">\n\t<h2>Fakta<\/h2>\n<h4>Pinus Contorta<\/h4>\n<\/div>\n<\/div><\/div><\/div><div id=\"pgc-478-2-1\"  class=\"panel-grid-cell panel-grid-cell-empty\" ><\/div><\/div><\/div><div id=\"pg-478-3\"  class=\"panel-grid panel-no-style\"  data-cells=\"2\" ><div id=\"pgc-478-3-0\"  class=\"panel-grid-cell\" ><div id=\"panel-478-3-0-0\" class=\"so-panel widget widget_sow-editor panel-first-child panel-last-child\" data-index=\"4\" ><div\n\t\t\t\n\t\t\tclass=\"so-widget-sow-editor so-widget-sow-editor-base\"\n\t\t\t\n\t\t>\n<div class=\"siteorigin-widget-tinymce textwidget\">\n\t<p><strong>Ursprung<\/strong>:<br \/>\nEtablerad av SCA under 1950-talet. H\u00e4rstammar ursprungligen fr\u00e5n Nordamerika. Introducerades i Sverige f\u00f6r dess f\u00f6rm\u00e5ga att snabbt n\u00e5 avverkningsmogen \u00e5lder och \u00f6ka tillg\u00e5ngen till virkesr\u00e5vara.<\/p>\n<p><strong>Snabb Tillv\u00e4xt:<br \/>\n<\/strong>Uppn\u00e5r avverkningsbar \u00e5lder 40% snabbare \u00e4n svenska tallarter.<\/p>\n<p><strong>Milj\u00f6p\u00e5verkan:<br \/>\n<\/strong>Bidrar till en \u00f6kning av koldioxidupptagningen \u00ad\u2013\u00a0 p\u00e5 SCAs marker uppskattas det till cirka 800 000 ton koldioxidupptagning per \u00e5r.<\/p>\n<p><strong>Anv\u00e4ndningsomr\u00e5den:<br \/>\n<\/strong>Attraktivt f\u00f6r tillverkning av kvistfria produkter, listtillverkning, snickeri- och m\u00f6belindustrin. Potentiell tillverkning av r\u00f6tbest\u00e4ndiga produkter efter v\u00e4rmebehandling.<\/p>\n<p><strong>Produktionsm\u00e5l:<br \/>\n<\/strong>Ambition att \u00f6ka produktionen av s\u00e5gad vara till upp till 200 000 kubikmeter inom fem \u00e5r.<\/p>\n<p><strong>Kontaktinformation:<br \/>\n<\/strong>Alexander \u00c5hr\u00e9us<br \/>\nalexander.ahreus.ext@sca.com<br \/>\n0693-182 34<\/p>\n<\/div>\n<\/div><\/div><\/div><div id=\"pgc-478-3-1\"  class=\"panel-grid-cell\" ><div id=\"panel-478-3-1-0\" class=\"so-panel widget widget_sow-slider panel-first-child panel-last-child\" data-index=\"5\" ><div\n\t\t\t\n\t\t\tclass=\"so-widget-sow-slider so-widget-sow-slider-default-6d39609536fd-478\"\n\t\t\t\n\t\t>\t\t\t\t<div class=\"sow-slider-base\" style=\"display: none\" tabindex=\"0\">\n\t\t\t\t\t<ul\n\t\t\t\t\tclass=\"sow-slider-images\"\n\t\t\t\t\tdata-settings=\"{&quot;pagination&quot;:true,&quot;speed&quot;:800,&quot;timeout&quot;:8000,&quot;paused&quot;:false,&quot;pause_on_hover&quot;:false,&quot;swipe&quot;:true,&quot;nav_always_show_desktop&quot;:&quot;&quot;,&quot;nav_always_show_mobile&quot;:&quot;&quot;,&quot;breakpoint&quot;:&quot;780px&quot;,&quot;unmute&quot;:false,&quot;anchor&quot;:null}\"\n\t\t\t\t\t\t\t\t\t\tdata-anchor-id=\"\"\n\t\t\t\t>\t\t<li class=\"sow-slider-image\" style=\"visibility: visible;\" >\n\t\t\t\t\t\t<img loading=\"lazy\" decoding=\"async\" width=\"1900\" height=\"1267\" src=\"https:\/\/gallotimber.se\/se\/wp-content\/uploads\/2024\/06\/4X2A2363-contorta-1.jpg\" class=\"sow-slider-background-image\" alt=\"\" style=\"\" srcset=\"https:\/\/gallotimber.se\/se\/wp-content\/uploads\/2024\/06\/4X2A2363-contorta-1.jpg 1900w, https:\/\/gallotimber.se\/se\/wp-content\/uploads\/2024\/06\/4X2A2363-contorta-1-300x200.jpg 300w, https:\/\/gallotimber.se\/se\/wp-content\/uploads\/2024\/06\/4X2A2363-contorta-1-1024x683.jpg 1024w, https:\/\/gallotimber.se\/se\/wp-content\/uploads\/2024\/06\/4X2A2363-contorta-1-768x512.jpg 768w, https:\/\/gallotimber.se\/se\/wp-content\/uploads\/2024\/06\/4X2A2363-contorta-1-1536x1024.jpg 1536w, https:\/\/gallotimber.se\/se\/wp-content\/uploads\/2024\/06\/4X2A2363-contorta-1-272x182.jpg 272w\" sizes=\"auto, (max-width: 1900px) 100vw, 1900px\" \/>\t\t<\/li>\n\t\t\t\t<li class=\"sow-slider-image\" style=\"visibility: hidden;\" >\n\t\t\t\t\t\t<img loading=\"lazy\" decoding=\"async\" width=\"1900\" height=\"1267\" src=\"https:\/\/gallotimber.se\/se\/wp-content\/uploads\/2024\/06\/4X2A2206-contorta-3.jpg\" class=\"sow-slider-background-image\" alt=\"\" style=\"\" srcset=\"https:\/\/gallotimber.se\/se\/wp-content\/uploads\/2024\/06\/4X2A2206-contorta-3.jpg 1900w, https:\/\/gallotimber.se\/se\/wp-content\/uploads\/2024\/06\/4X2A2206-contorta-3-300x200.jpg 300w, https:\/\/gallotimber.se\/se\/wp-content\/uploads\/2024\/06\/4X2A2206-contorta-3-1024x683.jpg 1024w, https:\/\/gallotimber.se\/se\/wp-content\/uploads\/2024\/06\/4X2A2206-contorta-3-768x512.jpg 768w, https:\/\/gallotimber.se\/se\/wp-content\/uploads\/2024\/06\/4X2A2206-contorta-3-1536x1024.jpg 1536w, https:\/\/gallotimber.se\/se\/wp-content\/uploads\/2024\/06\/4X2A2206-contorta-3-272x182.jpg 272w\" sizes=\"auto, (max-width: 1900px) 100vw, 1900px\" \/>\t\t<\/li>\n\t\t<\/ul>\t\t\t\t<ol class=\"sow-slider-pagination\">\n\t\t\t\t\t\t\t\t\t\t\t<li><a href=\"#\" data-goto=\"0\" aria-label=\"Display slide 1\"><\/a><\/li>\n\t\t\t\t\t\t\t\t\t\t\t<li><a href=\"#\" data-goto=\"1\" aria-label=\"Display slide 2\"><\/a><\/li>\n\t\t\t\t\t\t\t\t\t<\/ol>\n\n\t\t\t\t<div class=\"sow-slide-nav sow-slide-nav-next\">\n\t\t\t\t\t<a href=\"#\" data-goto=\"next\" aria-label=\"Next slide\" data-action=\"next\">\n\t\t\t\t\t\t<em class=\"sow-sld-icon-thin-right\"><\/em>\n\t\t\t\t\t<\/a>\n\t\t\t\t<\/div>\n\n\t\t\t\t<div class=\"sow-slide-nav sow-slide-nav-prev\">\n\t\t\t\t\t<a href=\"#\" data-goto=\"previous\" aria-label=\"Previous slide\" data-action=\"prev\">\n\t\t\t\t\t\t<em class=\"sow-sld-icon-thin-left\"><\/em>\n\t\t\t\t\t<\/a>\n\t\t\t\t<\/div>\n\t\t\t\t<\/div><\/div><\/div><\/div><\/div><\/div>","protected":false},"excerpt":{"rendered":"<p>Contorta Traditionellt har contortatall anv\u00e4nts av massaindustrin, men p\u00e5 G\u00e4ll\u00f6 Timber har vi specialiserat oss p\u00e5 att ta ut s\u00e5gade r\u00e5varor ur contortan. Till nytta p\u00e5 m\u00e5nga s\u00e4tt Contortatallen, med sitt nordamerikanska ursprung, introducerades i Sverige under 1970-talet. Med sin f\u00f6rm\u00e5ga att snabbt bli avverkningsmogen ger den en \u00f6kad tillg\u00e5ng till virkesr\u00e5vara och ett \u00f6kat [&hellip;]<\/p>\n","protected":false},"author":2,"featured_media":0,"parent":0,"menu_order":0,"comment_status":"closed","ping_status":"closed","template":"","meta":{"footnotes":""},"class_list":["post-478","page","type-page","status-publish","hentry"],"yoast_head":"<!-- This site is optimized with the Yoast SEO plugin v27.3 - https:\/\/yoast.com\/product\/yoast-seo-wordpress\/ -->\n<title>Contorta - G\u00e4ll\u00f6 Timber<\/title>\n<meta name=\"robots\" content=\"index, follow, max-snippet:-1, max-image-preview:large, max-video-preview:-1\" \/>\n<link rel=\"canonical\" href=\"https:\/\/gallotimber.se\/se\/contorta\/\" \/>\n<meta property=\"og:locale\" content=\"sv_SE\" \/>\n<meta property=\"og:type\" content=\"article\" \/>\n<meta property=\"og:title\" content=\"Contorta - G\u00e4ll\u00f6 Timber\" \/>\n<meta property=\"og:description\" content=\"Contorta Traditionellt har contortatall anv\u00e4nts av massaindustrin, men p\u00e5 G\u00e4ll\u00f6 Timber har vi specialiserat oss p\u00e5 att ta ut s\u00e5gade r\u00e5varor ur contortan. Till nytta p\u00e5 m\u00e5nga s\u00e4tt Contortatallen, med sitt nordamerikanska ursprung, introducerades i Sverige under 1970-talet. Med sin f\u00f6rm\u00e5ga att snabbt bli avverkningsmogen ger den en \u00f6kad tillg\u00e5ng till virkesr\u00e5vara och ett \u00f6kat [&hellip;]\" \/>\n<meta property=\"og:url\" content=\"https:\/\/gallotimber.se\/se\/contorta\/\" \/>\n<meta property=\"og:site_name\" content=\"G\u00e4ll\u00f6 Timber\" \/>\n<meta property=\"article:modified_time\" content=\"2024-07-03T10:08:14+00:00\" \/>\n<meta name=\"twitter:card\" content=\"summary_large_image\" \/>\n<meta name=\"twitter:label1\" content=\"Ber\u00e4knad l\u00e4stid\" \/>\n\t<meta name=\"twitter:data1\" content=\"2 minuter\" \/>\n<script type=\"application\/ld+json\" class=\"yoast-schema-graph\">{\"@context\":\"https:\\\/\\\/schema.org\",\"@graph\":[{\"@type\":\"WebPage\",\"@id\":\"https:\\\/\\\/gallotimber.se\\\/se\\\/contorta\\\/\",\"url\":\"https:\\\/\\\/gallotimber.se\\\/se\\\/contorta\\\/\",\"name\":\"Contorta - G\u00e4ll\u00f6 Timber\",\"isPartOf\":{\"@id\":\"https:\\\/\\\/gallotimber.se\\\/se\\\/#website\"},\"datePublished\":\"2024-07-03T09:02:23+00:00\",\"dateModified\":\"2024-07-03T10:08:14+00:00\",\"breadcrumb\":{\"@id\":\"https:\\\/\\\/gallotimber.se\\\/se\\\/contorta\\\/#breadcrumb\"},\"inLanguage\":\"sv-SE\",\"potentialAction\":[{\"@type\":\"ReadAction\",\"target\":[\"https:\\\/\\\/gallotimber.se\\\/se\\\/contorta\\\/\"]}]},{\"@type\":\"BreadcrumbList\",\"@id\":\"https:\\\/\\\/gallotimber.se\\\/se\\\/contorta\\\/#breadcrumb\",\"itemListElement\":[{\"@type\":\"ListItem\",\"position\":1,\"name\":\"Hem\",\"item\":\"https:\\\/\\\/gallotimber.se\\\/se\\\/\"},{\"@type\":\"ListItem\",\"position\":2,\"name\":\"Contorta\"}]},{\"@type\":\"WebSite\",\"@id\":\"https:\\\/\\\/gallotimber.se\\\/se\\\/#website\",\"url\":\"https:\\\/\\\/gallotimber.se\\\/se\\\/\",\"name\":\"G\u00e4ll\u00f6 Timber\",\"description\":\"G\u00e4ll\u00f6 Timber s\u00e5gverk\",\"potentialAction\":[{\"@type\":\"SearchAction\",\"target\":{\"@type\":\"EntryPoint\",\"urlTemplate\":\"https:\\\/\\\/gallotimber.se\\\/se\\\/?s={search_term_string}\"},\"query-input\":{\"@type\":\"PropertyValueSpecification\",\"valueRequired\":true,\"valueName\":\"search_term_string\"}}],\"inLanguage\":\"sv-SE\"}]}<\/script>\n<!-- \/ Yoast SEO plugin. -->","yoast_head_json":{"title":"Contorta - G\u00e4ll\u00f6 Timber","robots":{"index":"index","follow":"follow","max-snippet":"max-snippet:-1","max-image-preview":"max-image-preview:large","max-video-preview":"max-video-preview:-1"},"canonical":"https:\/\/gallotimber.se\/se\/contorta\/","og_locale":"sv_SE","og_type":"article","og_title":"Contorta - G\u00e4ll\u00f6 Timber","og_description":"Contorta Traditionellt har contortatall anv\u00e4nts av massaindustrin, men p\u00e5 G\u00e4ll\u00f6 Timber har vi specialiserat oss p\u00e5 att ta ut s\u00e5gade r\u00e5varor ur contortan. Till nytta p\u00e5 m\u00e5nga s\u00e4tt Contortatallen, med sitt nordamerikanska ursprung, introducerades i Sverige under 1970-talet. Med sin f\u00f6rm\u00e5ga att snabbt bli avverkningsmogen ger den en \u00f6kad tillg\u00e5ng till virkesr\u00e5vara och ett \u00f6kat [&hellip;]","og_url":"https:\/\/gallotimber.se\/se\/contorta\/","og_site_name":"G\u00e4ll\u00f6 Timber","article_modified_time":"2024-07-03T10:08:14+00:00","twitter_card":"summary_large_image","twitter_misc":{"Ber\u00e4knad l\u00e4stid":"2 minuter"},"schema":{"@context":"https:\/\/schema.org","@graph":[{"@type":"WebPage","@id":"https:\/\/gallotimber.se\/se\/contorta\/","url":"https:\/\/gallotimber.se\/se\/contorta\/","name":"Contorta - G\u00e4ll\u00f6 Timber","isPartOf":{"@id":"https:\/\/gallotimber.se\/se\/#website"},"datePublished":"2024-07-03T09:02:23+00:00","dateModified":"2024-07-03T10:08:14+00:00","breadcrumb":{"@id":"https:\/\/gallotimber.se\/se\/contorta\/#breadcrumb"},"inLanguage":"sv-SE","potentialAction":[{"@type":"ReadAction","target":["https:\/\/gallotimber.se\/se\/contorta\/"]}]},{"@type":"BreadcrumbList","@id":"https:\/\/gallotimber.se\/se\/contorta\/#breadcrumb","itemListElement":[{"@type":"ListItem","position":1,"name":"Hem","item":"https:\/\/gallotimber.se\/se\/"},{"@type":"ListItem","position":2,"name":"Contorta"}]},{"@type":"WebSite","@id":"https:\/\/gallotimber.se\/se\/#website","url":"https:\/\/gallotimber.se\/se\/","name":"G\u00e4ll\u00f6 Timber","description":"G\u00e4ll\u00f6 Timber s\u00e5gverk","potentialAction":[{"@type":"SearchAction","target":{"@type":"EntryPoint","urlTemplate":"https:\/\/gallotimber.se\/se\/?s={search_term_string}"},"query-input":{"@type":"PropertyValueSpecification","valueRequired":true,"valueName":"search_term_string"}}],"inLanguage":"sv-SE"}]}},"_links":{"self":[{"href":"https:\/\/gallotimber.se\/se\/wp-json\/wp\/v2\/pages\/478","targetHints":{"allow":["GET"]}}],"collection":[{"href":"https:\/\/gallotimber.se\/se\/wp-json\/wp\/v2\/pages"}],"about":[{"href":"https:\/\/gallotimber.se\/se\/wp-json\/wp\/v2\/types\/page"}],"author":[{"embeddable":true,"href":"https:\/\/gallotimber.se\/se\/wp-json\/wp\/v2\/users\/2"}],"replies":[{"embeddable":true,"href":"https:\/\/gallotimber.se\/se\/wp-json\/wp\/v2\/comments?post=478"}],"version-history":[{"count":11,"href":"https:\/\/gallotimber.se\/se\/wp-json\/wp\/v2\/pages\/478\/revisions"}],"predecessor-version":[{"id":507,"href":"https:\/\/gallotimber.se\/se\/wp-json\/wp\/v2\/pages\/478\/revisions\/507"}],"wp:attachment":[{"href":"https:\/\/gallotimber.se\/se\/wp-json\/wp\/v2\/media?parent=478"}],"curies":[{"name":"wp","href":"https:\/\/api.w.org\/{rel}","templated":true}]}}