{"id":50,"date":"2023-01-16T12:33:29","date_gmt":"2023-01-16T12:33:29","guid":{"rendered":"http:\/\/gallotimber.internetmedia.se\/?page_id=50"},"modified":"2025-03-18T10:08:16","modified_gmt":"2025-03-18T10:08:16","slug":"nyheter","status":"publish","type":"page","link":"https:\/\/gallotimber.se\/se\/nyheter\/","title":{"rendered":"Nyheter"},"content":{"rendered":"<div id=\"pl-50\"  class=\"panel-layout\" ><div id=\"pg-50-0\"  class=\"panel-grid panel-has-style\"  data-cells=\"1\" ><div id=\"news-archive\" class=\"panel-row-style panel-row-style-for-50-0\" ><div id=\"pgc-50-0-0\"  class=\"panel-grid-cell\" ><div id=\"panel-50-0-0-0\" class=\"so-panel widget widget_sow-editor panel-first-child\" data-index=\"0\" ><div\n\t\t\t\n\t\t\tclass=\"so-widget-sow-editor so-widget-sow-editor-base\"\n\t\t\t\n\t\t>\n<div class=\"siteorigin-widget-tinymce textwidget\">\n\t<h1>Senaste nytt fr\u00e5n G\u00e4ll\u00f6 Timber<\/h1>\n<\/div>\n<\/div><\/div><div id=\"panel-50-0-0-1\" class=\"so-panel widget widget_widget-im-newslist panel-last-child\" data-index=\"1\" ><div\n\t\t\t\n\t\t\tclass=\"so-widget-widget-im-newslist so-widget-widget-im-newslist-newslist-d75171398898-50\"\n\t\t\t\n\t\t>\t<a href=\"https:\/\/gallotimber.se\/se\/blog\/2026\/04\/30\/raketforskaren-besoker-gallo-folj-med-in-i-sagverket\/\" class=\"im-bg-image panel-row-style multiple\" style=\"background-image: url('https:\/\/gallotimber.se\/se\/wp-content\/uploads\/2026\/04\/sagen_medarbetare_4X2A1130-640x432.jpg');\">\n\n\t\t\t\t\t<div class=\"category\">Nyheter<\/div>\n\t\t\t\n\t\t<div class=\"description im-theme-side-halfpadding\">\n\t\t\t\t\t\t\t<h5>Raketforskaren bes\u00f6ker G\u00e4ll\u00f6 \u2013 f\u00f6lj med in i s\u00e5gverket<\/h5>\n\t\t\t\t\t<\/div>\n\t<\/a>\n\n\t\t<a href=\"https:\/\/gallotimber.se\/se\/blog\/2025\/05\/07\/attondeklassare-fick-uppleva-sagverket-pa-nara-hall\/\" class=\"im-bg-image panel-row-style multiple\" style=\"background-image: url('https:\/\/gallotimber.se\/se\/wp-content\/uploads\/2025\/05\/gallo-timber-studiebesok-hero-640x360.jpg');\">\n\n\t\t\t\t\t<div class=\"category\">Nyheter<\/div>\n\t\t\t\n\t\t<div class=\"description im-theme-side-halfpadding\">\n\t\t\t\t\t\t\t<h5>\u00c5ttondeklassare fick uppleva s\u00e5gverket p\u00e5 n\u00e4ra h\u00e5ll<\/h5>\n\t\t\t\t\t<\/div>\n\t<\/a>\n\n\t\t<a href=\"https:\/\/gallotimber.se\/se\/blog\/2025\/03\/10\/nyfiken-pa-vad-en-sagverksoperator-gor\/\" class=\"im-bg-image panel-row-style multiple\" style=\"background-image: url('https:\/\/gallotimber.se\/se\/wp-content\/uploads\/2025\/03\/Alva_Timber.-2-1-1-640x360.jpg');\">\n\n\t\t\t\t\t<div class=\"category\">Nyheter<\/div>\n\t\t\t\n\t\t<div class=\"description im-theme-side-halfpadding\">\n\t\t\t\t\t\t\t<h5>Nyfiken p\u00e5 vad en s\u00e5gverksoperat\u00f6r g\u00f6r?<\/h5>\n\t\t\t\t\t<\/div>\n\t<\/a>\n\n\t\t<a href=\"https:\/\/gallotimber.se\/se\/blog\/2025\/02\/18\/gallo-timber-pa-nolia-karriarsmassa-i-ostersund\/\" class=\"im-bg-image panel-row-style multiple\" style=\"background-image: url('https:\/\/gallotimber.se\/se\/wp-content\/uploads\/2025\/02\/Montern62-1.png');\">\n\n\t\t\t\t\t<div class=\"category\">Nyheter<\/div>\n\t\t\t\n\t\t<div class=\"description im-theme-side-halfpadding\">\n\t\t\t\t\t\t\t<h5>G\u00e4ll\u00f6 Timber p\u00e5 Nolia Karri\u00e4rsm\u00e4ssa i \u00d6stersund<\/h5>\n\t\t\t\t\t<\/div>\n\t<\/a>\n\n\t\t<a href=\"https:\/\/gallotimber.se\/se\/blog\/2022\/03\/18\/markus-forsberg-ny-skogschef-pa-gallo-skog\/\" class=\"im-bg-image panel-row-style multiple\" style=\"background-image: url('https:\/\/gallotimber.se\/se\/wp-content\/uploads\/2022\/03\/M_forsberg-1-1-1-640x427.jpg');\">\n\n\t\t\t\t\t<div class=\"category\">Pressmeddelande<\/div>\n\t\t\t\n\t\t<div class=\"description im-theme-side-halfpadding\">\n\t\t\t\t\t\t\t<h5>Markus Forsberg ny skogschef p\u00e5 G\u00e4ll\u00f6 Skog<\/h5>\n\t\t\t\t\t<\/div>\n\t<\/a>\n\n\t<\/div><\/div><\/div><\/div><\/div><\/div>","protected":false},"excerpt":{"rendered":"<p>Senaste nytt fr\u00e5n G\u00e4ll\u00f6 Timber<\/p>\n","protected":false},"author":1,"featured_media":0,"parent":0,"menu_order":0,"comment_status":"closed","ping_status":"closed","template":"","meta":{"footnotes":""},"class_list":["post-50","page","type-page","status-publish","hentry"],"yoast_head":"<!-- This site is optimized with the Yoast SEO plugin v27.4 - https:\/\/yoast.com\/product\/yoast-seo-wordpress\/ -->\n<title>Nyheter - G\u00e4ll\u00f6 Timber<\/title>\n<meta name=\"robots\" content=\"index, follow, max-snippet:-1, max-image-preview:large, max-video-preview:-1\" \/>\n<link rel=\"canonical\" href=\"https:\/\/gallotimber.se\/se\/nyheter\/\" \/>\n<meta property=\"og:locale\" content=\"sv_SE\" \/>\n<meta property=\"og:type\" content=\"article\" \/>\n<meta property=\"og:title\" content=\"Nyheter - G\u00e4ll\u00f6 Timber\" \/>\n<meta property=\"og:description\" content=\"Senaste nytt fr\u00e5n G\u00e4ll\u00f6 Timber\" \/>\n<meta property=\"og:url\" content=\"https:\/\/gallotimber.se\/se\/nyheter\/\" \/>\n<meta property=\"og:site_name\" content=\"G\u00e4ll\u00f6 Timber\" \/>\n<meta property=\"article:modified_time\" content=\"2025-03-18T10:08:16+00:00\" \/>\n<meta name=\"twitter:card\" content=\"summary_large_image\" \/>\n<meta name=\"twitter:label1\" content=\"Ber\u00e4knad l\u00e4stid\" \/>\n\t<meta name=\"twitter:data1\" content=\"1 minut\" \/>\n<script type=\"application\/ld+json\" class=\"yoast-schema-graph\">{\"@context\":\"https:\\\/\\\/schema.org\",\"@graph\":[{\"@type\":\"WebPage\",\"@id\":\"https:\\\/\\\/gallotimber.se\\\/se\\\/nyheter\\\/\",\"url\":\"https:\\\/\\\/gallotimber.se\\\/se\\\/nyheter\\\/\",\"name\":\"Nyheter - G\u00e4ll\u00f6 Timber\",\"isPartOf\":{\"@id\":\"https:\\\/\\\/gallotimber.se\\\/se\\\/#website\"},\"datePublished\":\"2023-01-16T12:33:29+00:00\",\"dateModified\":\"2025-03-18T10:08:16+00:00\",\"breadcrumb\":{\"@id\":\"https:\\\/\\\/gallotimber.se\\\/se\\\/nyheter\\\/#breadcrumb\"},\"inLanguage\":\"sv-SE\",\"potentialAction\":[{\"@type\":\"ReadAction\",\"target\":[\"https:\\\/\\\/gallotimber.se\\\/se\\\/nyheter\\\/\"]}]},{\"@type\":\"BreadcrumbList\",\"@id\":\"https:\\\/\\\/gallotimber.se\\\/se\\\/nyheter\\\/#breadcrumb\",\"itemListElement\":[{\"@type\":\"ListItem\",\"position\":1,\"name\":\"Hem\",\"item\":\"https:\\\/\\\/gallotimber.se\\\/se\\\/\"},{\"@type\":\"ListItem\",\"position\":2,\"name\":\"Nyheter\"}]},{\"@type\":\"WebSite\",\"@id\":\"https:\\\/\\\/gallotimber.se\\\/se\\\/#website\",\"url\":\"https:\\\/\\\/gallotimber.se\\\/se\\\/\",\"name\":\"G\u00e4ll\u00f6 Timber\",\"description\":\"G\u00e4ll\u00f6 Timber s\u00e5gverk\",\"potentialAction\":[{\"@type\":\"SearchAction\",\"target\":{\"@type\":\"EntryPoint\",\"urlTemplate\":\"https:\\\/\\\/gallotimber.se\\\/se\\\/?s={search_term_string}\"},\"query-input\":{\"@type\":\"PropertyValueSpecification\",\"valueRequired\":true,\"valueName\":\"search_term_string\"}}],\"inLanguage\":\"sv-SE\"}]}<\/script>\n<!-- \/ Yoast SEO plugin. -->","yoast_head_json":{"title":"Nyheter - G\u00e4ll\u00f6 Timber","robots":{"index":"index","follow":"follow","max-snippet":"max-snippet:-1","max-image-preview":"max-image-preview:large","max-video-preview":"max-video-preview:-1"},"canonical":"https:\/\/gallotimber.se\/se\/nyheter\/","og_locale":"sv_SE","og_type":"article","og_title":"Nyheter - G\u00e4ll\u00f6 Timber","og_description":"Senaste nytt fr\u00e5n G\u00e4ll\u00f6 Timber","og_url":"https:\/\/gallotimber.se\/se\/nyheter\/","og_site_name":"G\u00e4ll\u00f6 Timber","article_modified_time":"2025-03-18T10:08:16+00:00","twitter_card":"summary_large_image","twitter_misc":{"Ber\u00e4knad l\u00e4stid":"1 minut"},"schema":{"@context":"https:\/\/schema.org","@graph":[{"@type":"WebPage","@id":"https:\/\/gallotimber.se\/se\/nyheter\/","url":"https:\/\/gallotimber.se\/se\/nyheter\/","name":"Nyheter - G\u00e4ll\u00f6 Timber","isPartOf":{"@id":"https:\/\/gallotimber.se\/se\/#website"},"datePublished":"2023-01-16T12:33:29+00:00","dateModified":"2025-03-18T10:08:16+00:00","breadcrumb":{"@id":"https:\/\/gallotimber.se\/se\/nyheter\/#breadcrumb"},"inLanguage":"sv-SE","potentialAction":[{"@type":"ReadAction","target":["https:\/\/gallotimber.se\/se\/nyheter\/"]}]},{"@type":"BreadcrumbList","@id":"https:\/\/gallotimber.se\/se\/nyheter\/#breadcrumb","itemListElement":[{"@type":"ListItem","position":1,"name":"Hem","item":"https:\/\/gallotimber.se\/se\/"},{"@type":"ListItem","position":2,"name":"Nyheter"}]},{"@type":"WebSite","@id":"https:\/\/gallotimber.se\/se\/#website","url":"https:\/\/gallotimber.se\/se\/","name":"G\u00e4ll\u00f6 Timber","description":"G\u00e4ll\u00f6 Timber s\u00e5gverk","potentialAction":[{"@type":"SearchAction","target":{"@type":"EntryPoint","urlTemplate":"https:\/\/gallotimber.se\/se\/?s={search_term_string}"},"query-input":{"@type":"PropertyValueSpecification","valueRequired":true,"valueName":"search_term_string"}}],"inLanguage":"sv-SE"}]}},"_links":{"self":[{"href":"https:\/\/gallotimber.se\/se\/wp-json\/wp\/v2\/pages\/50","targetHints":{"allow":["GET"]}}],"collection":[{"href":"https:\/\/gallotimber.se\/se\/wp-json\/wp\/v2\/pages"}],"about":[{"href":"https:\/\/gallotimber.se\/se\/wp-json\/wp\/v2\/types\/page"}],"author":[{"embeddable":true,"href":"https:\/\/gallotimber.se\/se\/wp-json\/wp\/v2\/users\/1"}],"replies":[{"embeddable":true,"href":"https:\/\/gallotimber.se\/se\/wp-json\/wp\/v2\/comments?post=50"}],"version-history":[{"count":13,"href":"https:\/\/gallotimber.se\/se\/wp-json\/wp\/v2\/pages\/50\/revisions"}],"predecessor-version":[{"id":566,"href":"https:\/\/gallotimber.se\/se\/wp-json\/wp\/v2\/pages\/50\/revisions\/566"}],"wp:attachment":[{"href":"https:\/\/gallotimber.se\/se\/wp-json\/wp\/v2\/media?parent=50"}],"curies":[{"name":"wp","href":"https:\/\/api.w.org\/{rel}","templated":true}]}}