{"id":8,"date":"2023-01-16T09:43:02","date_gmt":"2023-01-16T09:43:02","guid":{"rendered":"http:\/\/gallotimber.internetmedia.se\/?page_id=8"},"modified":"2025-03-18T11:10:31","modified_gmt":"2025-03-18T11:10:31","slug":"start","status":"publish","type":"page","link":"https:\/\/gallotimber.se\/se\/","title":{"rendered":"Start"},"content":{"rendered":"<div id=\"pl-8\"  class=\"panel-layout\" ><div id=\"pg-8-0\"  class=\"panel-grid panel-has-style\"  data-cells=\"2\" ><div class=\"im-hero im-no-inner-panel-side-padding im-bg-image panel-row-style panel-row-style-for-8-0\" ><div id=\"pgc-8-0-0\"  class=\"panel-grid-cell panel-grid-cell-mobile-last\" ><div id=\"panel-8-0-0-0\" class=\"so-panel widget widget_siteorigin-panels-builder panel-first-child panel-last-child\" data-index=\"0\" ><div id=\"pl-w66f11c5ad367d\"  class=\"panel-layout\" ><div id=\"pg-w66f11c5ad367d-0\"  class=\"panel-grid panel-no-style\"  data-cells=\"1\" ><div id=\"pgc-w66f11c5ad367d-0-0\"  class=\"panel-grid-cell\" ><div id=\"panel-w66f11c5ad367d-0-0-0\" class=\"so-panel widget widget_sow-editor panel-first-child panel-last-child\" data-index=\"0\" ><div id=\"start-no-padding-bottom\" class=\"panel-widget-style panel-widget-style-for-w66f11c5ad367d-0-0-0\" ><div\n\t\t\t\n\t\t\tclass=\"so-widget-sow-editor so-widget-sow-editor-base\"\n\t\t\t\n\t\t>\n<div class=\"siteorigin-widget-tinymce textwidget\">\n\t<h1>Lokalt s\u00e5gverk i G\u00e4ll\u00f6<br \/>\n<span style=\"color: #eed98e;\">f\u00f6r norrl\u00e4ndskt virke<\/span><\/h1>\n<\/div>\n<\/div><\/div><\/div><\/div><\/div><div id=\"pg-w66f11c5ad367d-1\"  class=\"panel-grid panel-no-style\"  data-cells=\"2\" ><div id=\"pgc-w66f11c5ad367d-1-0\"  class=\"panel-grid-cell\" ><div id=\"panel-w66f11c5ad367d-1-0-0\" class=\"so-panel widget widget_sow-editor panel-first-child panel-last-child\" data-index=\"1\" ><div\n\t\t\t\n\t\t\tclass=\"so-widget-sow-editor so-widget-sow-editor-base\"\n\t\t\t\n\t\t>\n<div class=\"siteorigin-widget-tinymce textwidget\">\n\t<h4><span>G\u00e4ll\u00f6 Timber ligger p\u00e5 \u00d6hn i G\u00e4ll\u00f6. Ett s\u00e5gverk mitt i J\u00e4mtland, ungef\u00e4r fyra mil s\u00f6der om \u00d6stersund. Ett s\u00e5gverk som ocks\u00e5 \u00e4r ett av Norrlands st\u00f6rsta och med v\u00e5ra 130 medarbetare \u00e4r vi Br\u00e4cke kommuns st\u00f6rsta arbetsgivare. Det \u00e4r vi stolta \u00f6ver.<\/span><\/h4>\n<div class=\"im-text-button1\"><a href=\"https:\/\/gallotimber.se\/se\/kontakta-oss\/\">Kontakta oss<\/a><\/div>\n<div class=\"im-text-button2\"><a href=\"https:\/\/gallotimber.se\/se\/om-oss\/\">Om G\u00e4ll\u00f6 Timber<\/a><\/div>\n<\/div>\n<\/div><\/div><\/div><div id=\"pgc-w66f11c5ad367d-1-1\"  class=\"panel-grid-cell\" ><div id=\"panel-w66f11c5ad367d-1-1-0\" class=\"so-panel widget widget_sow-editor panel-first-child panel-last-child\" data-index=\"2\" ><div class=\"hero-links panel-widget-style panel-widget-style-for-w66f11c5ad367d-1-1-0\" ><div\n\t\t\t\n\t\t\tclass=\"so-widget-sow-editor so-widget-sow-editor-base\"\n\t\t\t\n\t\t>\n<div class=\"siteorigin-widget-tinymce textwidget\">\n\t<ul>\n<li><a href=\"https:\/\/gallotimber.se\/se\/ravaran\/\"><span class=\"dashicons-before dashicons-arrow-right-alt\"><\/span><strong>L\u00e4s mer om r\u00e5varan<\/strong><\/a><\/li>\n<li><a href=\"https:\/\/gallotimber.se\/se\/sagverket\/\"><span class=\"dashicons-before dashicons-arrow-right-alt\"><\/span><strong>L\u00e4r dig om s\u00e5gen<\/strong><\/a><\/li>\n<li><a href=\"https:\/\/gallotimber.se\/se\/hallbart-skogsbruk\/\"><span class=\"dashicons-before dashicons-arrow-right-alt\"><\/span><strong>V\u00e5rt milj\u00f6ansvar<\/strong><\/a><\/li>\n<\/ul>\n<\/div>\n<\/div><\/div><\/div><\/div><\/div><\/div><\/div><\/div><div id=\"pgc-8-0-1\"  class=\"panel-grid-cell panel-grid-cell-empty\" ><\/div><\/div><\/div><div id=\"pg-8-1\"  class=\"panel-grid panel-has-style\"  data-cells=\"2\" ><div class=\"im-subpage-hero panel-row-style panel-row-style-for-8-1\" ><div id=\"pgc-8-1-0\"  class=\"panel-grid-cell panel-grid-cell-mobile-last\" ><div id=\"panel-8-1-0-0\" class=\"so-panel widget widget_sow-editor panel-first-child panel-last-child\" data-index=\"1\" ><div\n\t\t\t\n\t\t\tclass=\"so-widget-sow-editor so-widget-sow-editor-base\"\n\t\t\t\n\t\t>\n<div class=\"siteorigin-widget-tinymce textwidget\">\n\t<h3 class=\"widget-title\">Intresserad av sommarjobb?<\/h3>\n<p class=\"widget-title\"><strong>Vi s\u00f6ker operat\u00f6rer och maskinf\u00f6rare inf\u00f6r sommaren.<\/strong><\/p>\n<div class=\"im-text-button1\"><a href=\"https:\/\/gallotimber.se\/se\/jobba-hos-oss\/\">L\u00e4s mer<\/a><\/div>\n<\/div>\n<\/div><\/div><\/div><div id=\"pgc-8-1-1\"  class=\"panel-grid-cell panel-grid-cell-empty\" ><div class=\"im-bg-image panel-cell-style panel-cell-style-for-8-1-1\" ><\/div><\/div><\/div><\/div><div id=\"pg-8-2\"  class=\"panel-grid panel-has-style\"  data-cells=\"1\" ><div class=\"im-bg-image panel-row-style panel-row-style-for-8-2\" ><div id=\"pgc-8-2-0\"  class=\"panel-grid-cell\" ><div id=\"panel-8-2-0-0\" class=\"so-panel widget widget_sow-editor panel-first-child panel-last-child\" data-index=\"2\" ><div\n\t\t\t\n\t\t\tclass=\"so-widget-sow-editor so-widget-sow-editor-base\"\n\t\t\t\n\t\t>\n<div class=\"siteorigin-widget-tinymce textwidget\">\n\t<h2 style=\"text-align: center;\">Har du skog och vill<br \/>\nkontakta en virkesk\u00f6pare?<\/h2>\n<p style=\"text-align: center;\">D\u00e5 \u00e4r det virkesk\u00f6parna p\u00e5 G\u00e4ll\u00f6 Skog du ska h\u00f6ra av dig till.<\/p>\n<p>&nbsp;<br \/>\n<center><\/p>\n<div class=\"im-text-button1\" style=\"text-align: center;\"><a href=\"https:\/\/www.galloskog.se\/kontakta-oss\/\">Kontakta G\u00e4ll\u00f6 Skog<\/a><\/div>\n<p><\/center><\/p>\n<\/div>\n<\/div><\/div><\/div><\/div><\/div><div id=\"pg-8-3\"  class=\"panel-grid panel-has-style im-margin\"  data-cells=\"2\" ><div class=\"siteorigin-panels-stretch panel-row-style panel-row-style-for-8-3\" id=\"custom-newslist\" data-stretch-type=\"full\" ><div id=\"pgc-8-3-0\"  class=\"panel-grid-cell im-no-padding\" ><div id=\"panel-8-3-0-0\" class=\"so-panel widget widget_widget-im-newslist panel-first-child panel-last-child\" data-index=\"3\" ><div class=\"panel-widget-style panel-widget-style-for-8-3-0-0\" ><div\n\t\t\t\n\t\t\tclass=\"so-widget-widget-im-newslist so-widget-widget-im-newslist-newslist-d75171398898-8\"\n\t\t\t\n\t\t>\t<a href=\"https:\/\/gallotimber.se\/se\/blog\/2025\/05\/07\/attondeklassare-fick-uppleva-sagverket-pa-nara-hall\/\" class=\"im-bg-image panel-row-style single\" style=\"background-image: url('https:\/\/gallotimber.se\/se\/wp-content\/uploads\/2025\/05\/gallo-timber-studiebesok-hero-1024x576.jpg');\">\n\n\t\t\t\t\t<div class=\"category\">Nyheter<\/div>\n\t\t\t\n\t\t<div class=\"description im-theme-side-halfpadding\">\n\t\t\t\t\t\t\t<h3>\u00c5ttondeklassare fick uppleva s\u00e5gverket p\u00e5 n\u00e4ra h\u00e5ll<\/h3>\n\t\t\t\t\t<\/div>\n\t<\/a>\n\n\t<\/div><\/div><\/div><\/div><div id=\"pgc-8-3-1\"  class=\"panel-grid-cell im-no-padding\" ><div id=\"panel-8-3-1-0\" class=\"so-panel widget widget_widget-im-newslist panel-first-child panel-last-child\" data-index=\"4\" ><div\n\t\t\t\n\t\t\tclass=\"so-widget-widget-im-newslist so-widget-widget-im-newslist-newslist-d75171398898-586\"\n\t\t\t\n\t\t>\t<a href=\"https:\/\/gallotimber.se\/se\/blog\/2025\/02\/18\/gallo-timber-pa-nolia-karriarsmassa-i-ostersund\/\" class=\"im-bg-image panel-row-style multiple\" style=\"background-image: url('https:\/\/gallotimber.se\/se\/wp-content\/uploads\/2025\/02\/Montern62-1.png');\">\n\n\t\t\t\t\t<div class=\"category\">Nyheter<\/div>\n\t\t\t\n\t\t<div class=\"description im-theme-side-halfpadding\">\n\t\t\t\t\t\t\t<h5>G\u00e4ll\u00f6 Timber p\u00e5 Nolia Karri\u00e4rsm\u00e4ssa i \u00d6stersund<\/h5>\n\t\t\t\t\t<\/div>\n\t<\/a>\n\n\t\t<a href=\"https:\/\/gallotimber.se\/se\/blog\/2022\/03\/18\/markus-forsberg-ny-skogschef-pa-gallo-skog\/\" class=\"im-bg-image panel-row-style multiple\" style=\"background-image: url('https:\/\/gallotimber.se\/se\/wp-content\/uploads\/2022\/03\/M_forsberg-1-1-1-640x427.jpg');\">\n\n\t\t\t\t\t<div class=\"category\">Pressmeddelande<\/div>\n\t\t\t\n\t\t<div class=\"description im-theme-side-halfpadding\">\n\t\t\t\t\t\t\t<h5>Markus Forsberg ny skogschef p\u00e5 G\u00e4ll\u00f6 Skog<\/h5>\n\t\t\t\t\t<\/div>\n\t<\/a>\n\n\t<\/div><\/div><\/div><\/div><\/div><div id=\"pg-8-4\"  class=\"panel-grid panel-has-style im-no-top-margin\"  data-cells=\"1\" ><div class=\"im-half-top-panel-padding im-align-center panel-row-style panel-row-style-for-8-4\" ><div id=\"pgc-8-4-0\"  class=\"panel-grid-cell\" ><div id=\"panel-8-4-0-0\" class=\"so-panel widget widget_sow-editor panel-first-child panel-last-child\" data-index=\"5\" ><div class=\"im-half-top-panel-padding panel-widget-style panel-widget-style-for-8-4-0-0\" ><div\n\t\t\t\n\t\t\tclass=\"so-widget-sow-editor so-widget-sow-editor-base\"\n\t\t\t\n\t\t>\n<div class=\"siteorigin-widget-tinymce textwidget\">\n\t<div class=\"im-text-button1\" style=\"text-align: center;\"><a href=\"\/se\/nyheter\/\">L\u00e4s alla nyheter<\/a><\/div>\n<\/div>\n<\/div><\/div><\/div><\/div><\/div><\/div><div id=\"pg-8-5\"  class=\"panel-grid panel-has-style\"  data-cells=\"2\" ><div class=\"im-subpage-hero panel-row-style panel-row-style-for-8-5\" ><div id=\"pgc-8-5-0\"  class=\"panel-grid-cell panel-grid-cell-mobile-last\" ><div id=\"panel-8-5-0-0\" class=\"so-panel widget widget_sow-editor panel-first-child panel-last-child\" data-index=\"6\" ><div\n\t\t\t\n\t\t\tclass=\"so-widget-sow-editor so-widget-sow-editor-base\"\n\t\t\t\n\t\t>\n<div class=\"siteorigin-widget-tinymce textwidget\">\n\t<h2><span>Vi har nya fakturerings\u00aduppgifter<\/span><\/h2>\n<p><span><strong>G\u00e4ll\u00f6 Timber AB<\/strong><br \/>\n<\/span><span>INX9119-001<br \/>\n<\/span><span>831 90 \u00d6stersund<\/span><\/p>\n<p><span><strong>PDF-faktura:\u00a0<\/strong><a href=\"mailto:faktura.5568011786@sca.com\" target=\"_blank\" rel=\"noopener noreferrer\" data-auth=\"NotApplicable\" data-safelink=\"true\" data-linkindex=\"0\">faktura.5568011786@sca.com<\/a><br \/>\n<\/span><strong>e-faktura:<\/strong> GLN 7381010017022<\/p>\n<p><span>VAN-partner \u00e4r InExchange. H\u00e4r f\u00e5r du veta mer om att skicka e-faktura <a href=\"http:\/\/www.inexchange.se\/skicka-faktura\" target=\"_blank\" rel=\"noopener noreferrer\" data-auth=\"NotApplicable\" data-safelink=\"true\" data-linkindex=\"1\">www.inexchange.se\/skicka-faktura<\/a><\/span><\/p>\n<p><strong>OBS!<\/strong> Ovanst\u00e5ende \u00e4ndring g\u00e4ller endast f\u00f6r G\u00e4ll\u00f6 Timber och ers\u00e4tter tidigare adress: FE 5103, 838 77 Fr\u00f6s\u00f6n. Vill du skicka en faktura till G\u00e4ll\u00f6 Skog? Klicka <a href=\"https:\/\/www.galloskog.se\/kontakta-oss\/\" target=\"_blank\" rel=\"noopener\">h\u00e4r<\/a>.<\/p>\n<\/div>\n<\/div><\/div><\/div><div id=\"pgc-8-5-1\"  class=\"panel-grid-cell panel-grid-cell-empty\" ><div class=\"im-bg-image panel-cell-style panel-cell-style-for-8-5-1\" ><\/div><\/div><\/div><\/div><\/div>","protected":false},"excerpt":{"rendered":"<p>Intresserad av sommarjobb? Vi s\u00f6ker operat\u00f6rer och maskinf\u00f6rare inf\u00f6r sommaren. L\u00e4s mer<\/p>\n","protected":false},"author":1,"featured_media":0,"parent":0,"menu_order":0,"comment_status":"closed","ping_status":"closed","template":"","meta":{"footnotes":""},"class_list":["post-8","page","type-page","status-publish","hentry"],"yoast_head":"<!-- This site is optimized with the Yoast SEO plugin v27.3 - https:\/\/yoast.com\/product\/yoast-seo-wordpress\/ -->\n<title>Start - G\u00e4ll\u00f6 Timber<\/title>\n<meta name=\"robots\" content=\"index, follow, max-snippet:-1, max-image-preview:large, max-video-preview:-1\" \/>\n<link rel=\"canonical\" href=\"https:\/\/gallotimber.se\/se\/\" \/>\n<meta property=\"og:locale\" content=\"sv_SE\" \/>\n<meta property=\"og:type\" content=\"article\" \/>\n<meta property=\"og:title\" content=\"Start - G\u00e4ll\u00f6 Timber\" \/>\n<meta property=\"og:description\" content=\"Intresserad av sommarjobb? Vi s\u00f6ker operat\u00f6rer och maskinf\u00f6rare inf\u00f6r sommaren. L\u00e4s mer\" \/>\n<meta property=\"og:url\" content=\"https:\/\/gallotimber.se\/se\/\" \/>\n<meta property=\"og:site_name\" content=\"G\u00e4ll\u00f6 Timber\" \/>\n<meta property=\"article:modified_time\" content=\"2025-03-18T11:10:31+00:00\" \/>\n<meta name=\"twitter:card\" content=\"summary_large_image\" \/>\n<meta name=\"twitter:label1\" content=\"Ber\u00e4knad l\u00e4stid\" \/>\n\t<meta name=\"twitter:data1\" content=\"1 minut\" \/>\n<script type=\"application\/ld+json\" class=\"yoast-schema-graph\">{\"@context\":\"https:\\\/\\\/schema.org\",\"@graph\":[{\"@type\":\"WebPage\",\"@id\":\"https:\\\/\\\/gallotimber.se\\\/se\\\/\",\"url\":\"https:\\\/\\\/gallotimber.se\\\/se\\\/\",\"name\":\"Start - G\u00e4ll\u00f6 Timber\",\"isPartOf\":{\"@id\":\"https:\\\/\\\/gallotimber.se\\\/se\\\/#website\"},\"datePublished\":\"2023-01-16T09:43:02+00:00\",\"dateModified\":\"2025-03-18T11:10:31+00:00\",\"breadcrumb\":{\"@id\":\"https:\\\/\\\/gallotimber.se\\\/se\\\/#breadcrumb\"},\"inLanguage\":\"sv-SE\",\"potentialAction\":[{\"@type\":\"ReadAction\",\"target\":[\"https:\\\/\\\/gallotimber.se\\\/se\\\/\"]}]},{\"@type\":\"BreadcrumbList\",\"@id\":\"https:\\\/\\\/gallotimber.se\\\/se\\\/#breadcrumb\",\"itemListElement\":[{\"@type\":\"ListItem\",\"position\":1,\"name\":\"Hem\",\"item\":\"https:\\\/\\\/gallotimber.se\\\/se\\\/\"},{\"@type\":\"ListItem\",\"position\":2,\"name\":\"Start\"}]},{\"@type\":\"WebSite\",\"@id\":\"https:\\\/\\\/gallotimber.se\\\/se\\\/#website\",\"url\":\"https:\\\/\\\/gallotimber.se\\\/se\\\/\",\"name\":\"G\u00e4ll\u00f6 Timber\",\"description\":\"G\u00e4ll\u00f6 Timber s\u00e5gverk\",\"potentialAction\":[{\"@type\":\"SearchAction\",\"target\":{\"@type\":\"EntryPoint\",\"urlTemplate\":\"https:\\\/\\\/gallotimber.se\\\/se\\\/?s={search_term_string}\"},\"query-input\":{\"@type\":\"PropertyValueSpecification\",\"valueRequired\":true,\"valueName\":\"search_term_string\"}}],\"inLanguage\":\"sv-SE\"}]}<\/script>\n<!-- \/ Yoast SEO plugin. -->","yoast_head_json":{"title":"Start - G\u00e4ll\u00f6 Timber","robots":{"index":"index","follow":"follow","max-snippet":"max-snippet:-1","max-image-preview":"max-image-preview:large","max-video-preview":"max-video-preview:-1"},"canonical":"https:\/\/gallotimber.se\/se\/","og_locale":"sv_SE","og_type":"article","og_title":"Start - G\u00e4ll\u00f6 Timber","og_description":"Intresserad av sommarjobb? Vi s\u00f6ker operat\u00f6rer och maskinf\u00f6rare inf\u00f6r sommaren. L\u00e4s mer","og_url":"https:\/\/gallotimber.se\/se\/","og_site_name":"G\u00e4ll\u00f6 Timber","article_modified_time":"2025-03-18T11:10:31+00:00","twitter_card":"summary_large_image","twitter_misc":{"Ber\u00e4knad l\u00e4stid":"1 minut"},"schema":{"@context":"https:\/\/schema.org","@graph":[{"@type":"WebPage","@id":"https:\/\/gallotimber.se\/se\/","url":"https:\/\/gallotimber.se\/se\/","name":"Start - G\u00e4ll\u00f6 Timber","isPartOf":{"@id":"https:\/\/gallotimber.se\/se\/#website"},"datePublished":"2023-01-16T09:43:02+00:00","dateModified":"2025-03-18T11:10:31+00:00","breadcrumb":{"@id":"https:\/\/gallotimber.se\/se\/#breadcrumb"},"inLanguage":"sv-SE","potentialAction":[{"@type":"ReadAction","target":["https:\/\/gallotimber.se\/se\/"]}]},{"@type":"BreadcrumbList","@id":"https:\/\/gallotimber.se\/se\/#breadcrumb","itemListElement":[{"@type":"ListItem","position":1,"name":"Hem","item":"https:\/\/gallotimber.se\/se\/"},{"@type":"ListItem","position":2,"name":"Start"}]},{"@type":"WebSite","@id":"https:\/\/gallotimber.se\/se\/#website","url":"https:\/\/gallotimber.se\/se\/","name":"G\u00e4ll\u00f6 Timber","description":"G\u00e4ll\u00f6 Timber s\u00e5gverk","potentialAction":[{"@type":"SearchAction","target":{"@type":"EntryPoint","urlTemplate":"https:\/\/gallotimber.se\/se\/?s={search_term_string}"},"query-input":{"@type":"PropertyValueSpecification","valueRequired":true,"valueName":"search_term_string"}}],"inLanguage":"sv-SE"}]}},"_links":{"self":[{"href":"https:\/\/gallotimber.se\/se\/wp-json\/wp\/v2\/pages\/8","targetHints":{"allow":["GET"]}}],"collection":[{"href":"https:\/\/gallotimber.se\/se\/wp-json\/wp\/v2\/pages"}],"about":[{"href":"https:\/\/gallotimber.se\/se\/wp-json\/wp\/v2\/types\/page"}],"author":[{"embeddable":true,"href":"https:\/\/gallotimber.se\/se\/wp-json\/wp\/v2\/users\/1"}],"replies":[{"embeddable":true,"href":"https:\/\/gallotimber.se\/se\/wp-json\/wp\/v2\/comments?post=8"}],"version-history":[{"count":123,"href":"https:\/\/gallotimber.se\/se\/wp-json\/wp\/v2\/pages\/8\/revisions"}],"predecessor-version":[{"id":582,"href":"https:\/\/gallotimber.se\/se\/wp-json\/wp\/v2\/pages\/8\/revisions\/582"}],"wp:attachment":[{"href":"https:\/\/gallotimber.se\/se\/wp-json\/wp\/v2\/media?parent=8"}],"curies":[{"name":"wp","href":"https:\/\/api.w.org\/{rel}","templated":true}]}}